{"id":3750,"date":"2022-09-05T17:41:37","date_gmt":"2022-09-05T17:41:37","guid":{"rendered":"https:\/\/visitkastav.hr\/kultur-und-kunst\/"},"modified":"2023-02-16T12:30:34","modified_gmt":"2023-02-16T12:30:34","slug":"kultur-und-kunst","status":"publish","type":"page","link":"https:\/\/visitkastav-klana.hr\/de\/kultur-und-kunst\/","title":{"rendered":"Kultur und Kunst"},"content":{"rendered":"\t\t<div data-elementor-type=\"wp-page\" data-elementor-id=\"3750\" class=\"elementor elementor-3750 elementor-1507\">\n\t\t\t\t\t\t<section class=\"has_ae_slider elementor-section elementor-top-section elementor-element elementor-element-1a50d710 elementor-section-height-min-height elementor-section-content-middle elementor-section-boxed elementor-section-height-default elementor-section-items-middle ae-bg-gallery-type-default\" data-id=\"1a50d710\" data-element_type=\"section\" data-settings=\"{&quot;background_background&quot;:&quot;classic&quot;}\">\n\t\t\t\t\t\t\t<div class=\"elementor-background-overlay\"><\/div>\n\t\t\t\t\t\t\t<div class=\"elementor-container elementor-column-gap-extended\">\n\t\t\t\t\t<div class=\"has_ae_slider elementor-column elementor-col-100 elementor-top-column elementor-element elementor-element-16acbcb6 ae-bg-gallery-type-default\" data-id=\"16acbcb6\" data-element_type=\"column\">\n\t\t\t<div class=\"elementor-widget-wrap elementor-element-populated\">\n\t\t\t\t\t\t<section class=\"has_ae_slider elementor-section elementor-inner-section elementor-element elementor-element-73a38e76 elementor-section-boxed elementor-section-height-default elementor-section-height-default ae-bg-gallery-type-default elementor-invisible\" data-id=\"73a38e76\" data-element_type=\"section\" data-settings=\"{&quot;animation&quot;:&quot;fadeIn&quot;}\">\n\t\t\t\t\t\t<div class=\"elementor-container elementor-column-gap-default\">\n\t\t\t\t\t<div class=\"has_ae_slider elementor-column elementor-col-100 elementor-inner-column elementor-element elementor-element-150cb16a ae-bg-gallery-type-default\" data-id=\"150cb16a\" data-element_type=\"column\">\n\t\t\t<div class=\"elementor-widget-wrap elementor-element-populated\">\n\t\t\t\t\t\t<div class=\"elementor-element elementor-element-fbd892e elementor-widget elementor-widget-heading\" data-id=\"fbd892e\" data-element_type=\"widget\" data-widget_type=\"heading.default\">\n\t\t\t\t<div class=\"elementor-widget-container\">\n\t\t\t<h2 class=\"elementor-heading-title elementor-size-default\">erkunden<\/h2>\t\t<\/div>\n\t\t\t\t<\/div>\n\t\t\t\t<div class=\"elementor-element elementor-element-2dff1907 elementor-widget elementor-widget-heading\" data-id=\"2dff1907\" data-element_type=\"widget\" data-widget_type=\"heading.default\">\n\t\t\t\t<div class=\"elementor-widget-container\">\n\t\t\t<h2 class=\"elementor-heading-title elementor-size-default\">Kultur, Kunst<\/h2>\t\t<\/div>\n\t\t\t\t<\/div>\n\t\t\t\t<div class=\"elementor-element elementor-element-43cfd6fa custom-bread elementor-widget elementor-widget-html\" data-id=\"43cfd6fa\" data-element_type=\"widget\" data-widget_type=\"html.default\">\n\t\t\t\t<div class=\"elementor-widget-container\">\n\t\t\t<a href=\"#\">Heim<\/a> | Kultur &amp; Kunst\t\t<\/div>\n\t\t\t\t<\/div>\n\t\t\t\t\t<\/div>\n\t\t<\/div>\n\t\t\t\t\t<\/div>\n\t\t<\/section>\n\t\t\t\t\t<\/div>\n\t\t<\/div>\n\t\t\t\t\t<\/div>\n\t\t<\/section>\n\t\t\t\t<section class=\"has_ae_slider elementor-section elementor-top-section elementor-element elementor-element-7d4f2b01 elementor-section-boxed elementor-section-height-default elementor-section-height-default ae-bg-gallery-type-default\" data-id=\"7d4f2b01\" data-element_type=\"section\" data-settings=\"{&quot;background_background&quot;:&quot;classic&quot;}\">\n\t\t\t\t\t\t<div class=\"elementor-container elementor-column-gap-default\">\n\t\t\t\t\t<div class=\"has_ae_slider elementor-column elementor-col-50 elementor-top-column elementor-element elementor-element-a29eb4a ae-bg-gallery-type-default\" data-id=\"a29eb4a\" data-element_type=\"column\">\n\t\t\t<div class=\"elementor-widget-wrap elementor-element-populated\">\n\t\t\t\t\t\t<div class=\"elementor-element elementor-element-5e2b380 elementor-grid-2 elementor-grid-tablet-2 elementor-grid-mobile-1 elementor-posts--thumbnail-top elementor-widget elementor-widget-posts\" data-id=\"5e2b380\" data-element_type=\"widget\" data-settings=\"{&quot;classic_columns&quot;:&quot;2&quot;,&quot;classic_columns_tablet&quot;:&quot;2&quot;,&quot;classic_columns_mobile&quot;:&quot;1&quot;,&quot;classic_row_gap&quot;:{&quot;unit&quot;:&quot;px&quot;,&quot;size&quot;:35,&quot;sizes&quot;:[]},&quot;classic_row_gap_tablet&quot;:{&quot;unit&quot;:&quot;px&quot;,&quot;size&quot;:&quot;&quot;,&quot;sizes&quot;:[]},&quot;classic_row_gap_mobile&quot;:{&quot;unit&quot;:&quot;px&quot;,&quot;size&quot;:&quot;&quot;,&quot;sizes&quot;:[]}}\" data-widget_type=\"posts.classic\">\n\t\t\t\t<div class=\"elementor-widget-container\">\n\t\t\t\t\t<div class=\"elementor-posts-container elementor-posts elementor-posts--skin-classic elementor-grid\">\n\t\t\t\t<article class=\"elementor-post elementor-grid-item post-3849 kulturna_jedinica type-kulturna_jedinica status-publish has-post-thumbnail hentry\">\n\t\t\t\t<a class=\"elementor-post__thumbnail__link\" href=\"https:\/\/visitkastav-klana.hr\/de\/kulturna_jedinica\/die-museumssammlung-des-kastav-gebiets\/\" >\n\t\t\t<div class=\"elementor-post__thumbnail\"><img fetchpriority=\"high\" decoding=\"async\" width=\"800\" height=\"534\" src=\"https:\/\/visitkastav-klana.hr\/wp-content\/uploads\/2022\/09\/muzejska-zbirka-1024x683.jpg\" class=\"attachment-large size-large wp-image-2913\" alt=\"\" srcset=\"https:\/\/visitkastav-klana.hr\/wp-content\/uploads\/2022\/09\/muzejska-zbirka-1024x683.jpg 1024w, https:\/\/visitkastav-klana.hr\/wp-content\/uploads\/2022\/09\/muzejska-zbirka-300x200.jpg 300w, https:\/\/visitkastav-klana.hr\/wp-content\/uploads\/2022\/09\/muzejska-zbirka-768x512.jpg 768w, https:\/\/visitkastav-klana.hr\/wp-content\/uploads\/2022\/09\/muzejska-zbirka-391x260.jpg 391w, https:\/\/visitkastav-klana.hr\/wp-content\/uploads\/2022\/09\/muzejska-zbirka.jpg 1200w\" sizes=\"(max-width: 800px) 100vw, 800px\" \/><\/div>\n\t\t<\/a>\n\t\t\t\t<div class=\"elementor-post__text\">\n\t\t\t\t<h3 class=\"elementor-post__title\">\n\t\t\t<a href=\"https:\/\/visitkastav-klana.hr\/de\/kulturna_jedinica\/die-museumssammlung-des-kastav-gebiets\/\" >\n\t\t\t\tMuseumssammlung des Kastav-Gebiets\t\t\t<\/a>\n\t\t<\/h3>\n\t\t\t\t<div class=\"elementor-post__excerpt\">\n\t\t\t<p>Die Museumssammlung von Kastav\u0161tina ist eine separate Sammlung des Maritimen und Historischen Museums der kroatischen K\u00fcste in Rijeka.<\/p>\n\t\t<\/div>\n\t\t\n\t\t<a class=\"elementor-post__read-more\" href=\"https:\/\/visitkastav-klana.hr\/de\/kulturna_jedinica\/die-museumssammlung-des-kastav-gebiets\/\" aria-label=\"Mehr \u00fcber Museumssammlung des Kastav-Gebiets\" >\n\t\t\tFinde mehr heraus \u00bb\t\t<\/a>\n\n\t\t\t\t<\/div>\n\t\t\t\t<\/article>\n\t\t\t\t<article class=\"elementor-post elementor-grid-item post-3852 kulturna_jedinica type-kulturna_jedinica status-publish has-post-thumbnail hentry\">\n\t\t\t\t<a class=\"elementor-post__thumbnail__link\" href=\"https:\/\/visitkastav-klana.hr\/de\/kulturna_jedinica\/haus-von-belica\/\" >\n\t\t\t<div class=\"elementor-post__thumbnail\"><img decoding=\"async\" width=\"800\" height=\"540\" src=\"https:\/\/visitkastav-klana.hr\/wp-content\/uploads\/2022\/09\/kuca-belice1-1024x691.jpg\" class=\"attachment-large size-large wp-image-2985\" alt=\"\" srcset=\"https:\/\/visitkastav-klana.hr\/wp-content\/uploads\/2022\/09\/kuca-belice1-1024x691.jpg 1024w, https:\/\/visitkastav-klana.hr\/wp-content\/uploads\/2022\/09\/kuca-belice1-300x202.jpg 300w, https:\/\/visitkastav-klana.hr\/wp-content\/uploads\/2022\/09\/kuca-belice1-768x518.jpg 768w, https:\/\/visitkastav-klana.hr\/wp-content\/uploads\/2022\/09\/kuca-belice1.jpg 1500w\" sizes=\"(max-width: 800px) 100vw, 800px\" \/><\/div>\n\t\t<\/a>\n\t\t\t\t<div class=\"elementor-post__text\">\n\t\t\t\t<h3 class=\"elementor-post__title\">\n\t\t\t<a href=\"https:\/\/visitkastav-klana.hr\/de\/kulturna_jedinica\/haus-von-belica\/\" >\n\t\t\t\tHaus von Belica\t\t\t<\/a>\n\t\t<\/h3>\n\t\t\t\t<div class=\"elementor-post__excerpt\">\n\t\t\t<p>Das Interpretationszentrum der Belica-H\u00e4user im alten Stadtzentrum bringt den Besuchern die Weinbau-, Weinbau- und Kellertraditionen von Kastav\u0161tina n\u00e4her.<\/p>\n\t\t<\/div>\n\t\t\n\t\t<a class=\"elementor-post__read-more\" href=\"https:\/\/visitkastav-klana.hr\/de\/kulturna_jedinica\/haus-von-belica\/\" aria-label=\"Mehr \u00fcber Haus von Belica\" >\n\t\t\tFinde mehr heraus \u00bb\t\t<\/a>\n\n\t\t\t\t<\/div>\n\t\t\t\t<\/article>\n\t\t\t\t<article class=\"elementor-post elementor-grid-item post-3857 kulturna_jedinica type-kulturna_jedinica status-publish has-post-thumbnail hentry\">\n\t\t\t\t<a class=\"elementor-post__thumbnail__link\" href=\"https:\/\/visitkastav-klana.hr\/de\/kulturna_jedinica\/spaeleogalerie\/\" >\n\t\t\t<div class=\"elementor-post__thumbnail\"><img decoding=\"async\" width=\"800\" height=\"534\" src=\"https:\/\/visitkastav-klana.hr\/wp-content\/uploads\/2022\/09\/speleogalerija1.jpg\" class=\"attachment-large size-large wp-image-3000\" alt=\"\" srcset=\"https:\/\/visitkastav-klana.hr\/wp-content\/uploads\/2022\/09\/speleogalerija1.jpg 1024w, https:\/\/visitkastav-klana.hr\/wp-content\/uploads\/2022\/09\/speleogalerija1-300x200.jpg 300w, https:\/\/visitkastav-klana.hr\/wp-content\/uploads\/2022\/09\/speleogalerija1-768x512.jpg 768w, https:\/\/visitkastav-klana.hr\/wp-content\/uploads\/2022\/09\/speleogalerija1-391x260.jpg 391w\" sizes=\"(max-width: 800px) 100vw, 800px\" \/><\/div>\n\t\t<\/a>\n\t\t\t\t<div class=\"elementor-post__text\">\n\t\t\t\t<h3 class=\"elementor-post__title\">\n\t\t\t<a href=\"https:\/\/visitkastav-klana.hr\/de\/kulturna_jedinica\/spaeleogalerie\/\" >\n\t\t\t\tSp\u00e4leogalerie\t\t\t<\/a>\n\t\t<\/h3>\n\t\t\t\t<div class=\"elementor-post__excerpt\">\n\t\t\t<p>Im Turm hinter der Kirche St. Jelena Kri\u017earica und der Glockenturm befinden sich bei Speleogalerija \u2013 einem einzigartigen Galerie-\/Museumsraum zum Thema H\u00f6hlenforschung in Kroatien.<\/p>\n\t\t<\/div>\n\t\t\n\t\t<a class=\"elementor-post__read-more\" href=\"https:\/\/visitkastav-klana.hr\/de\/kulturna_jedinica\/spaeleogalerie\/\" aria-label=\"Mehr \u00fcber Sp\u00e4leogalerie\" >\n\t\t\tFinde mehr heraus \u00bb\t\t<\/a>\n\n\t\t\t\t<\/div>\n\t\t\t\t<\/article>\n\t\t\t\t<article class=\"elementor-post elementor-grid-item post-3860 kulturna_jedinica type-kulturna_jedinica status-publish has-post-thumbnail hentry\">\n\t\t\t\t<a class=\"elementor-post__thumbnail__link\" href=\"https:\/\/visitkastav-klana.hr\/de\/kulturna_jedinica\/kleine-kirche-der-heiligen-dreifaltigkeit\/\" >\n\t\t\t<div class=\"elementor-post__thumbnail\"><img loading=\"lazy\" decoding=\"async\" width=\"800\" height=\"534\" src=\"https:\/\/visitkastav-klana.hr\/wp-content\/uploads\/2022\/09\/crkva-sv-trojice-1024x683.jpg\" class=\"attachment-large size-large wp-image-3021\" alt=\"\" srcset=\"https:\/\/visitkastav-klana.hr\/wp-content\/uploads\/2022\/09\/crkva-sv-trojice-1024x683.jpg 1024w, https:\/\/visitkastav-klana.hr\/wp-content\/uploads\/2022\/09\/crkva-sv-trojice-300x200.jpg 300w, https:\/\/visitkastav-klana.hr\/wp-content\/uploads\/2022\/09\/crkva-sv-trojice-768x513.jpg 768w, https:\/\/visitkastav-klana.hr\/wp-content\/uploads\/2022\/09\/crkva-sv-trojice-391x260.jpg 391w, https:\/\/visitkastav-klana.hr\/wp-content\/uploads\/2022\/09\/crkva-sv-trojice.jpg 1500w\" sizes=\"(max-width: 800px) 100vw, 800px\" \/><\/div>\n\t\t<\/a>\n\t\t\t\t<div class=\"elementor-post__text\">\n\t\t\t\t<h3 class=\"elementor-post__title\">\n\t\t\t<a href=\"https:\/\/visitkastav-klana.hr\/de\/kulturna_jedinica\/kleine-kirche-der-heiligen-dreifaltigkeit\/\" >\n\t\t\t\tKleine Kirche der Heiligen Dreifaltigkeit\t\t\t<\/a>\n\t\t<\/h3>\n\t\t\t\t<div class=\"elementor-post__excerpt\">\n\t\t\t<p>Kleine Saalkirche St. Trojice aus dem 15. Jahrhundert, ein gesch\u00fctztes Kulturdenkmal, befindet sich auf dem Lokvina-Platz in Kastav.<\/p>\n\t\t<\/div>\n\t\t\n\t\t<a class=\"elementor-post__read-more\" href=\"https:\/\/visitkastav-klana.hr\/de\/kulturna_jedinica\/kleine-kirche-der-heiligen-dreifaltigkeit\/\" aria-label=\"Mehr \u00fcber Kleine Kirche der Heiligen Dreifaltigkeit\" >\n\t\t\tFinde mehr heraus \u00bb\t\t<\/a>\n\n\t\t\t\t<\/div>\n\t\t\t\t<\/article>\n\t\t\t\t<article class=\"elementor-post elementor-grid-item post-3863 kulturna_jedinica type-kulturna_jedinica status-publish has-post-thumbnail hentry\">\n\t\t\t\t<a class=\"elementor-post__thumbnail__link\" href=\"https:\/\/visitkastav-klana.hr\/de\/kulturna_jedinica\/das-atelier-jantolek\/\" >\n\t\t\t<div class=\"elementor-post__thumbnail\"><img loading=\"lazy\" decoding=\"async\" width=\"800\" height=\"600\" src=\"https:\/\/visitkastav-klana.hr\/wp-content\/uploads\/2022\/09\/Atelier_Jantolek_Sasa_-TZ-grada-Kastva-1024x768.jpg\" class=\"attachment-large size-large wp-image-3015\" alt=\"\" srcset=\"https:\/\/visitkastav-klana.hr\/wp-content\/uploads\/2022\/09\/Atelier_Jantolek_Sasa_-TZ-grada-Kastva-1024x768.jpg 1024w, https:\/\/visitkastav-klana.hr\/wp-content\/uploads\/2022\/09\/Atelier_Jantolek_Sasa_-TZ-grada-Kastva-300x225.jpg 300w, https:\/\/visitkastav-klana.hr\/wp-content\/uploads\/2022\/09\/Atelier_Jantolek_Sasa_-TZ-grada-Kastva-768x576.jpg 768w, https:\/\/visitkastav-klana.hr\/wp-content\/uploads\/2022\/09\/Atelier_Jantolek_Sasa_-TZ-grada-Kastva.jpg 1500w\" sizes=\"(max-width: 800px) 100vw, 800px\" \/><\/div>\n\t\t<\/a>\n\t\t\t\t<div class=\"elementor-post__text\">\n\t\t\t\t<h3 class=\"elementor-post__title\">\n\t\t\t<a href=\"https:\/\/visitkastav-klana.hr\/de\/kulturna_jedinica\/das-atelier-jantolek\/\" >\n\t\t\t\tDas Atelier JANTOLEK\t\t\t<\/a>\n\t\t<\/h3>\n\t\t\t\t<div class=\"elementor-post__excerpt\">\n\t\t\t<p>Das Atelier JANTOLEK wurde als Raum f\u00fcr das Werk des Malers Sa\u0161a Jantolek er\u00f6ffnet, dessen Werke hier das ganze Jahr \u00fcber zu sehen sind.<\/p>\n\t\t<\/div>\n\t\t\n\t\t<a class=\"elementor-post__read-more\" href=\"https:\/\/visitkastav-klana.hr\/de\/kulturna_jedinica\/das-atelier-jantolek\/\" aria-label=\"Mehr \u00fcber Das Atelier JANTOLEK\" >\n\t\t\tFinde mehr heraus \u00bb\t\t<\/a>\n\n\t\t\t\t<\/div>\n\t\t\t\t<\/article>\n\t\t\t\t<article class=\"elementor-post elementor-grid-item post-3866 kulturna_jedinica type-kulturna_jedinica status-publish has-post-thumbnail hentry\">\n\t\t\t\t<a class=\"elementor-post__thumbnail__link\" href=\"https:\/\/visitkastav-klana.hr\/de\/kulturna_jedinica\/atelier-pavic\/\" >\n\t\t\t<div class=\"elementor-post__thumbnail\"><img loading=\"lazy\" decoding=\"async\" width=\"800\" height=\"600\" src=\"https:\/\/visitkastav-klana.hr\/wp-content\/uploads\/2022\/09\/Atelier_Pavic-Zeljan_autor_Sasa_Brusic-1-1024x768.jpg\" class=\"attachment-large size-large wp-image-3009\" alt=\"\" srcset=\"https:\/\/visitkastav-klana.hr\/wp-content\/uploads\/2022\/09\/Atelier_Pavic-Zeljan_autor_Sasa_Brusic-1-1024x768.jpg 1024w, https:\/\/visitkastav-klana.hr\/wp-content\/uploads\/2022\/09\/Atelier_Pavic-Zeljan_autor_Sasa_Brusic-1-300x225.jpg 300w, https:\/\/visitkastav-klana.hr\/wp-content\/uploads\/2022\/09\/Atelier_Pavic-Zeljan_autor_Sasa_Brusic-1-768x576.jpg 768w, https:\/\/visitkastav-klana.hr\/wp-content\/uploads\/2022\/09\/Atelier_Pavic-Zeljan_autor_Sasa_Brusic-1.jpg 1500w\" sizes=\"(max-width: 800px) 100vw, 800px\" \/><\/div>\n\t\t<\/a>\n\t\t\t\t<div class=\"elementor-post__text\">\n\t\t\t\t<h3 class=\"elementor-post__title\">\n\t\t\t<a href=\"https:\/\/visitkastav-klana.hr\/de\/kulturna_jedinica\/atelier-pavic\/\" >\n\t\t\t\tDas Atelier PAVI\u0106\t\t\t<\/a>\n\t\t<\/h3>\n\t\t\t\t<div class=\"elementor-post__excerpt\">\n\t\t\t<p>Das Atelier PAVI\u0106 ist der Arbeits- und Ausstellungsraum des K\u00fcnstlers \u017deljko Pavi\u0107 (geb. 1952), der an der P\u00e4dagogischen Akademie in seiner Geburtsstadt Rijeka im Fachbereich<\/p>\n\t\t<\/div>\n\t\t\n\t\t<a class=\"elementor-post__read-more\" href=\"https:\/\/visitkastav-klana.hr\/de\/kulturna_jedinica\/atelier-pavic\/\" aria-label=\"Mehr \u00fcber Das Atelier PAVI\u0106\" >\n\t\t\tFinde mehr heraus \u00bb\t\t<\/a>\n\n\t\t\t\t<\/div>\n\t\t\t\t<\/article>\n\t\t\t\t<\/div>\n\t\t\n\t\t\t\t<\/div>\n\t\t\t\t<\/div>\n\t\t\t\t\t<\/div>\n\t\t<\/div>\n\t\t\t\t<div class=\"has_ae_slider elementor-column elementor-col-50 elementor-top-column elementor-element elementor-element-9673488 ae-bg-gallery-type-default\" data-id=\"9673488\" data-element_type=\"column\">\n\t\t\t<div class=\"elementor-widget-wrap elementor-element-populated\">\n\t\t\t\t\t\t<div class=\"elementor-element elementor-element-616de33e elementor-widget elementor-widget-sidebar\" data-id=\"616de33e\" data-element_type=\"widget\" data-widget_type=\"sidebar.default\">\n\t\t\t\t<div class=\"elementor-widget-container\">\n\t\t\t<aside id=\"nav_menu-4\" class=\"widget widget_nav_menu\"><h2 class=\"widget-title\">Istra\u017eite<\/h2><div class=\"menu-nav-offer-info-njemacki-container\"><ul id=\"menu-nav-offer-info-njemacki\" class=\"menu\"><li id=\"menu-item-3947\" class=\"menu-item menu-item-type-post_type menu-item-object-page menu-item-3947\"><a href=\"https:\/\/visitkastav-klana.hr\/de\/sehenswuerdigkeiten\/\">Sehensw\u00fcrdigkeiten<\/a><\/li>\n<li id=\"menu-item-10066\" class=\"menu-item menu-item-type-post_type menu-item-object-page menu-item-10066\"><a href=\"https:\/\/visitkastav-klana.hr\/de\/kultur-und-kunst\/\">Kultur und Kunst<\/a><\/li>\n<li id=\"menu-item-3948\" class=\"menu-item menu-item-type-post_type menu-item-object-page menu-item-3948\"><a href=\"https:\/\/visitkastav-klana.hr\/de\/unterkunft\/\">Unterkunft<\/a><\/li>\n<li id=\"menu-item-3949\" class=\"menu-item menu-item-type-post_type menu-item-object-page menu-item-3949\"><a href=\"https:\/\/visitkastav-klana.hr\/de\/restaurants-und-bars\/\">Restaurants und Bars<\/a><\/li>\n<li id=\"menu-item-3950\" class=\"menu-item menu-item-type-custom menu-item-object-custom menu-item-3950\"><a href=\"\/dozivi-kastav\/outdoor-i-sport\/\">Rekreacija<\/a><\/li>\n<\/ul><\/div><\/aside>\t\t<\/div>\n\t\t\t\t<\/div>\n\t\t\t\t\t<\/div>\n\t\t<\/div>\n\t\t\t\t\t<\/div>\n\t\t<\/section>\n\t\t\t\t<\/div>\n\t\t","protected":false},"excerpt":{"rendered":"<p>erkunden Kultur, Kunst Heim | Kultur &amp; Kunst<\/p>\n","protected":false},"author":1,"featured_media":0,"parent":0,"menu_order":0,"comment_status":"closed","ping_status":"closed","template":"elementor_header_footer","meta":{"_acf_changed":false,"footnotes":""},"class_list":["post-3750","page","type-page","status-publish","hentry"],"acf":[],"yoast_head":"<!-- This site is optimized with the Yoast SEO plugin v23.8 - https:\/\/yoast.com\/wordpress\/plugins\/seo\/ -->\n<title>Kultur und Kunst - Visit Kastav<\/title>\n<meta name=\"robots\" content=\"index, follow, max-snippet:-1, max-image-preview:large, max-video-preview:-1\" \/>\n<link rel=\"canonical\" href=\"https:\/\/visitkastav-klana.hr\/de\/kultur-und-kunst\/\" \/>\n<meta property=\"og:locale\" content=\"de_DE\" \/>\n<meta property=\"og:type\" content=\"article\" \/>\n<meta property=\"og:title\" content=\"Kultur und Kunst - Visit Kastav\" \/>\n<meta property=\"og:description\" content=\"erkunden Kultur, Kunst Heim | Kultur &amp; Kunst\" \/>\n<meta property=\"og:url\" content=\"https:\/\/visitkastav-klana.hr\/de\/kultur-und-kunst\/\" \/>\n<meta property=\"og:site_name\" content=\"Visit Kastav\" \/>\n<meta property=\"article:publisher\" content=\"https:\/\/www.facebook.com\/visitkastav\/\" \/>\n<meta property=\"article:modified_time\" content=\"2023-02-16T12:30:34+00:00\" \/>\n<meta property=\"og:image\" content=\"https:\/\/visitkastav-klana.hr\/wp-content\/uploads\/2023\/02\/hero-face.jpg\" \/>\n\t<meta property=\"og:image:width\" content=\"1300\" \/>\n\t<meta property=\"og:image:height\" content=\"698\" \/>\n\t<meta property=\"og:image:type\" content=\"image\/jpeg\" \/>\n<meta name=\"twitter:card\" content=\"summary_large_image\" \/>\n<script type=\"application\/ld+json\" class=\"yoast-schema-graph\">{\"@context\":\"https:\/\/schema.org\",\"@graph\":[{\"@type\":\"WebPage\",\"@id\":\"https:\/\/visitkastav-klana.hr\/de\/kultur-und-kunst\/\",\"url\":\"https:\/\/visitkastav-klana.hr\/de\/kultur-und-kunst\/\",\"name\":\"Kultur und Kunst - Visit Kastav\",\"isPartOf\":{\"@id\":\"https:\/\/visitkastav-klana.hr\/en\/#website\"},\"datePublished\":\"2022-09-05T17:41:37+00:00\",\"dateModified\":\"2023-02-16T12:30:34+00:00\",\"breadcrumb\":{\"@id\":\"https:\/\/visitkastav-klana.hr\/de\/kultur-und-kunst\/#breadcrumb\"},\"inLanguage\":\"de\",\"potentialAction\":[{\"@type\":\"ReadAction\",\"target\":[\"https:\/\/visitkastav-klana.hr\/de\/kultur-und-kunst\/\"]}]},{\"@type\":\"BreadcrumbList\",\"@id\":\"https:\/\/visitkastav-klana.hr\/de\/kultur-und-kunst\/#breadcrumb\",\"itemListElement\":[{\"@type\":\"ListItem\",\"position\":1,\"name\":\"Po\u010detna stranica\",\"item\":\"https:\/\/visitkastav-klana.hr\/\"},{\"@type\":\"ListItem\",\"position\":2,\"name\":\"Kultur und Kunst\"}]},{\"@type\":\"WebSite\",\"@id\":\"https:\/\/visitkastav-klana.hr\/en\/#website\",\"url\":\"https:\/\/visitkastav-klana.hr\/en\/\",\"name\":\"Visit Kastav\",\"description\":\"Turisti\u010dka zajednica Grada Kastva\",\"publisher\":{\"@id\":\"https:\/\/visitkastav-klana.hr\/en\/#organization\"},\"alternateName\":\"Visit Kastav\",\"potentialAction\":[{\"@type\":\"SearchAction\",\"target\":{\"@type\":\"EntryPoint\",\"urlTemplate\":\"https:\/\/visitkastav-klana.hr\/en\/?s={search_term_string}\"},\"query-input\":{\"@type\":\"PropertyValueSpecification\",\"valueRequired\":true,\"valueName\":\"search_term_string\"}}],\"inLanguage\":\"de\"},{\"@type\":\"Organization\",\"@id\":\"https:\/\/visitkastav-klana.hr\/en\/#organization\",\"name\":\"Turisti\u010dka zajadnica grada Kastva\",\"url\":\"https:\/\/visitkastav-klana.hr\/en\/\",\"logo\":{\"@type\":\"ImageObject\",\"inLanguage\":\"de\",\"@id\":\"https:\/\/visitkastav-klana.hr\/en\/#\/schema\/logo\/image\/\",\"url\":\"https:\/\/visitkastav-klana.hr\/wp-content\/uploads\/2021\/03\/logo-tz-kastav1.png\",\"contentUrl\":\"https:\/\/visitkastav-klana.hr\/wp-content\/uploads\/2021\/03\/logo-tz-kastav1.png\",\"width\":400,\"height\":347,\"caption\":\"Turisti\u010dka zajadnica grada Kastva\"},\"image\":{\"@id\":\"https:\/\/visitkastav-klana.hr\/en\/#\/schema\/logo\/image\/\"},\"sameAs\":[\"https:\/\/www.facebook.com\/visitkastav\/\",\"https:\/\/www.youtube.com\/user\/tzgradakastva\"]}]}<\/script>\n<!-- \/ Yoast SEO plugin. -->","yoast_head_json":{"title":"Kultur und Kunst - Visit Kastav","robots":{"index":"index","follow":"follow","max-snippet":"max-snippet:-1","max-image-preview":"max-image-preview:large","max-video-preview":"max-video-preview:-1"},"canonical":"https:\/\/visitkastav-klana.hr\/de\/kultur-und-kunst\/","og_locale":"de_DE","og_type":"article","og_title":"Kultur und Kunst - Visit Kastav","og_description":"erkunden Kultur, Kunst Heim | Kultur &amp; Kunst","og_url":"https:\/\/visitkastav-klana.hr\/de\/kultur-und-kunst\/","og_site_name":"Visit Kastav","article_publisher":"https:\/\/www.facebook.com\/visitkastav\/","article_modified_time":"2023-02-16T12:30:34+00:00","og_image":[{"width":1300,"height":698,"url":"https:\/\/visitkastav-klana.hr\/wp-content\/uploads\/2023\/02\/hero-face.jpg","type":"image\/jpeg"}],"twitter_card":"summary_large_image","schema":{"@context":"https:\/\/schema.org","@graph":[{"@type":"WebPage","@id":"https:\/\/visitkastav-klana.hr\/de\/kultur-und-kunst\/","url":"https:\/\/visitkastav-klana.hr\/de\/kultur-und-kunst\/","name":"Kultur und Kunst - Visit Kastav","isPartOf":{"@id":"https:\/\/visitkastav-klana.hr\/en\/#website"},"datePublished":"2022-09-05T17:41:37+00:00","dateModified":"2023-02-16T12:30:34+00:00","breadcrumb":{"@id":"https:\/\/visitkastav-klana.hr\/de\/kultur-und-kunst\/#breadcrumb"},"inLanguage":"de","potentialAction":[{"@type":"ReadAction","target":["https:\/\/visitkastav-klana.hr\/de\/kultur-und-kunst\/"]}]},{"@type":"BreadcrumbList","@id":"https:\/\/visitkastav-klana.hr\/de\/kultur-und-kunst\/#breadcrumb","itemListElement":[{"@type":"ListItem","position":1,"name":"Po\u010detna stranica","item":"https:\/\/visitkastav-klana.hr\/"},{"@type":"ListItem","position":2,"name":"Kultur und Kunst"}]},{"@type":"WebSite","@id":"https:\/\/visitkastav-klana.hr\/en\/#website","url":"https:\/\/visitkastav-klana.hr\/en\/","name":"Visit Kastav","description":"Turisti\u010dka zajednica Grada Kastva","publisher":{"@id":"https:\/\/visitkastav-klana.hr\/en\/#organization"},"alternateName":"Visit Kastav","potentialAction":[{"@type":"SearchAction","target":{"@type":"EntryPoint","urlTemplate":"https:\/\/visitkastav-klana.hr\/en\/?s={search_term_string}"},"query-input":{"@type":"PropertyValueSpecification","valueRequired":true,"valueName":"search_term_string"}}],"inLanguage":"de"},{"@type":"Organization","@id":"https:\/\/visitkastav-klana.hr\/en\/#organization","name":"Turisti\u010dka zajadnica grada Kastva","url":"https:\/\/visitkastav-klana.hr\/en\/","logo":{"@type":"ImageObject","inLanguage":"de","@id":"https:\/\/visitkastav-klana.hr\/en\/#\/schema\/logo\/image\/","url":"https:\/\/visitkastav-klana.hr\/wp-content\/uploads\/2021\/03\/logo-tz-kastav1.png","contentUrl":"https:\/\/visitkastav-klana.hr\/wp-content\/uploads\/2021\/03\/logo-tz-kastav1.png","width":400,"height":347,"caption":"Turisti\u010dka zajadnica grada Kastva"},"image":{"@id":"https:\/\/visitkastav-klana.hr\/en\/#\/schema\/logo\/image\/"},"sameAs":["https:\/\/www.facebook.com\/visitkastav\/","https:\/\/www.youtube.com\/user\/tzgradakastva"]}]}},"_links":{"self":[{"href":"https:\/\/visitkastav-klana.hr\/de\/wp-json\/wp\/v2\/pages\/3750"}],"collection":[{"href":"https:\/\/visitkastav-klana.hr\/de\/wp-json\/wp\/v2\/pages"}],"about":[{"href":"https:\/\/visitkastav-klana.hr\/de\/wp-json\/wp\/v2\/types\/page"}],"author":[{"embeddable":true,"href":"https:\/\/visitkastav-klana.hr\/de\/wp-json\/wp\/v2\/users\/1"}],"replies":[{"embeddable":true,"href":"https:\/\/visitkastav-klana.hr\/de\/wp-json\/wp\/v2\/comments?post=3750"}],"version-history":[{"count":0,"href":"https:\/\/visitkastav-klana.hr\/de\/wp-json\/wp\/v2\/pages\/3750\/revisions"}],"wp:attachment":[{"href":"https:\/\/visitkastav-klana.hr\/de\/wp-json\/wp\/v2\/media?parent=3750"}],"curies":[{"name":"wp","href":"https:\/\/api.w.org\/{rel}","templated":true}]}}