{"id":4370,"date":"2023-02-23T10:09:21","date_gmt":"2023-02-23T10:09:21","guid":{"rendered":"https:\/\/visitkastav.hr\/?page_id=4370"},"modified":"2023-02-23T10:15:08","modified_gmt":"2023-02-23T10:15:08","slug":"pristupacnost-mreznih-stranica","status":"publish","type":"page","link":"https:\/\/visitkastav-klana.hr\/de\/pristupacnost-mreznih-stranica\/","title":{"rendered":"Pristupa\u010dnost mre\u017enih stranica"},"content":{"rendered":"\t\t<div data-elementor-type=\"wp-page\" data-elementor-id=\"4370\" class=\"elementor elementor-4370\">\n\t\t\t\t\t\t<section class=\"has_ae_slider elementor-section elementor-top-section elementor-element elementor-element-ee7897a elementor-section-height-min-height elementor-section-content-middle elementor-section-boxed elementor-section-height-default elementor-section-items-middle ae-bg-gallery-type-default\" data-id=\"ee7897a\" data-element_type=\"section\" data-settings=\"{&quot;background_background&quot;:&quot;classic&quot;}\">\n\t\t\t\t\t\t\t<div class=\"elementor-background-overlay\"><\/div>\n\t\t\t\t\t\t\t<div class=\"elementor-container elementor-column-gap-extended\">\n\t\t\t\t\t<div class=\"has_ae_slider elementor-column elementor-col-100 elementor-top-column elementor-element elementor-element-3e6e8144 ae-bg-gallery-type-default\" data-id=\"3e6e8144\" data-element_type=\"column\">\n\t\t\t<div class=\"elementor-widget-wrap elementor-element-populated\">\n\t\t\t\t\t\t<section class=\"has_ae_slider elementor-section elementor-inner-section elementor-element elementor-element-59c42792 elementor-section-boxed elementor-section-height-default elementor-section-height-default ae-bg-gallery-type-default elementor-invisible\" data-id=\"59c42792\" data-element_type=\"section\" data-settings=\"{&quot;animation&quot;:&quot;fadeIn&quot;}\">\n\t\t\t\t\t\t<div class=\"elementor-container elementor-column-gap-default\">\n\t\t\t\t\t<div class=\"has_ae_slider elementor-column elementor-col-100 elementor-inner-column elementor-element elementor-element-5c61a2e9 ae-bg-gallery-type-default\" data-id=\"5c61a2e9\" data-element_type=\"column\">\n\t\t\t<div class=\"elementor-widget-wrap elementor-element-populated\">\n\t\t\t\t\t\t<div class=\"elementor-element elementor-element-649ead18 elementor-widget elementor-widget-heading\" data-id=\"649ead18\" data-element_type=\"widget\" data-widget_type=\"heading.default\">\n\t\t\t\t<div class=\"elementor-widget-container\">\n\t\t\t<h2 class=\"elementor-heading-title elementor-size-default\">Pristupa\u010dnost mre\u017enih stranica<\/h2>\t\t<\/div>\n\t\t\t\t<\/div>\n\t\t\t\t\t<\/div>\n\t\t<\/div>\n\t\t\t\t\t<\/div>\n\t\t<\/section>\n\t\t\t\t\t<\/div>\n\t\t<\/div>\n\t\t\t\t\t<\/div>\n\t\t<\/section>\n\t\t\t\t<section class=\"has_ae_slider elementor-section elementor-top-section elementor-element elementor-element-4e0fd00d elementor-section-boxed elementor-section-height-default elementor-section-height-default ae-bg-gallery-type-default elementor-invisible\" data-id=\"4e0fd00d\" data-element_type=\"section\" id=\"setnice\" data-settings=\"{&quot;animation&quot;:&quot;fadeIn&quot;,&quot;background_background&quot;:&quot;classic&quot;}\">\n\t\t\t\t\t\t<div class=\"elementor-container elementor-column-gap-default\">\n\t\t\t\t\t<div class=\"has_ae_slider elementor-column elementor-col-100 elementor-top-column elementor-element elementor-element-1dacfbb ae-bg-gallery-type-default\" data-id=\"1dacfbb\" data-element_type=\"column\">\n\t\t\t<div class=\"elementor-widget-wrap elementor-element-populated\">\n\t\t\t\t\t\t<section class=\"has_ae_slider elementor-section elementor-inner-section elementor-element elementor-element-744780db elementor-section-boxed elementor-section-height-default elementor-section-height-default ae-bg-gallery-type-default\" data-id=\"744780db\" data-element_type=\"section\">\n\t\t\t\t\t\t<div class=\"elementor-container elementor-column-gap-default\">\n\t\t\t\t\t<div class=\"has_ae_slider elementor-column elementor-col-100 elementor-inner-column elementor-element elementor-element-5ff6f368 ae-bg-gallery-type-default\" data-id=\"5ff6f368\" data-element_type=\"column\" data-settings=\"{&quot;background_background&quot;:&quot;classic&quot;}\">\n\t\t\t<div class=\"elementor-widget-wrap elementor-element-populated\">\n\t\t\t\t\t\t<div class=\"elementor-element elementor-element-e8db175 elementor-widget elementor-widget-text-editor\" data-id=\"e8db175\" data-element_type=\"widget\" data-widget_type=\"text-editor.default\">\n\t\t\t\t<div class=\"elementor-widget-container\">\n\t\t\t\t\t\t\t<p>Stupanjem na snagu\u00a0<a href=\"https:\/\/narodne-novine.nn.hr\/clanci\/sluzbeni\/2019_02_17_358.html\">Zakona o pristupa\u010dnosti mre\u017enih stranica i programskih rje\u0161enja za pokretne ure\u0111aje tijela javnog sektora Republike Hrvatske<\/a>, Grad Kastav \u0107e nakon provedbe testiranja pristupa\u010dnosti, na ovim stranicama objaviti Izjavu o pristupa\u010dnosti svog mre\u017enog sjedi\u0161ta i aplikacija vezanih uz usluge i projekte, njihovoj uskla\u0111enosti s Direktivom (EU) 2016\/2102, te omogu\u0107iti pru\u017eanje povratnih informacija korisnika radi daljnjeg unaprje\u0111enja mre\u017ene pristupa\u010dnosti.<\/p><h4>Op\u0107enito<\/h4><p>Stranica www.visitkastav-klana.hr nastoji osigurati pristupa\u010dnost svojih usluga za osobe s invaliditetom. Ulo\u017eena su znatna sredstva kako bi se pojednostavilo kori\u0161tenje stranice s ciljem da postane pristupa\u010dnija za osobe s invaliditetom, u \u010dvrstom uvjerenju da svaka osoba ima pravo na dostojanstven, ravnopravan, udoban i neovisan \u017eivot.<br \/>Grad Kastav prepoznaje va\u017enost osiguravanja digitalne pristupa\u010dnosti za sve korisnike, s posebnim naglaskom na lak\u0161em pristupu javnim uslugama i informacijama osobama s invaliditetom, primjenjuju\u0107i, u najve\u0107oj mogu\u0107oj mjeri, Direktivu (EU) 2016\/2102 Europskog parlamenta i Vije\u0107a od 26. listopada 2016. o pristupa\u010dnosti internetskih stranica i mobilnih aplikacija tijela javnog sektora.<\/p><p>Grad Kastav kontinuirano pobolj\u0161ava korisni\u010dko iskustvo primjenjuju\u0107i relevantne standarde pristupa\u010dnosti prema smjernicama i standardizaciji mre\u017enog sadr\u017eaja (WCAG 2.1) inicijative za mre\u017enu pristupa\u010dnost (WAI) World Wide Web konzorcija (W3C), organizacije koja se bavi standardizacijom mre\u017enih tehnologija.<\/p><h4>Pristupa\u010dnost na stranici www.visitkastav-klana.hr<\/h4><p>Na stranici www.kastav.hr dostupan je One Click Accessibility aplikativni dodatak koji omogu\u0107uje stranici www.visitkastav-klana.hr da pobolj\u0161a uskla\u0111enost sa Smjernicama za osiguravanje pristupa\u010dnosti mre\u017enih sadr\u017eaja (WCAG 2.1).<\/p><h4>Omogu\u0107avanje izbornika pristupa\u010dnosti<\/h4><p>Izbornik pristupa\u010dnosti stranice www.visitkastav-klana.hr aktivira se klikom na ikonu izbornika pristupa\u010dnosti koja se pojavljuje u lijevom gornjem uglu stranice. Nakon pokretanja izbornika pristupa\u010dnosti, pri\u010dekajte trenutak dok se izbornik pristupa\u010dnosti ne u\u010dita u cijelosti pa zatim odaberite opciju koja vam najbolje odgovara.<\/p><h3>Izjava o pristupa\u010dnosti<\/h3><p>Kao tijelo javnog sektora, Grad Kastav nastoji svoje mre\u017ene stranice kastav.hr u\u010diniti pristupa\u010dnima u skladu sa Zakonom o pristupa\u010dnosti mre\u017enih stranica i programskih rje\u0161enja za pokretne ure\u0111aje tijela javnog sektora Republike Hrvatske (NN 17\/19), od 23. rujna 2019., kojim se u nacionalno zakonodavstvo preuzima Direktiva (EU) 2016\/2102 Europskog parlamenta i Vije\u0107a o pristupa\u010dnosti internetskih stranica i mobilnih aplikacija tijela javnog sektora.<\/p><h4>Stupanj uskla\u0111enosti<\/h4><p>Mre\u017ena lokacija www.visitkastav-klana.hr uskla\u0111ena je sa Zakonom o pristupa\u010dnosti mre\u017enih stranica i programskih rje\u0161enja za pokretne ure\u0111aje tijela javnog sektora. Implementacijom nove CMS platforme i preoblikovanjem mre\u017enih stranica 2019.g. ispunjena je ve\u0107ina zahtjeva europske norme EN 301 549 V1.1.2 (2015-04), ali uz neke iznimke.<\/p><h4>Nepristupa\u010dni sadr\u017eaj<\/h4><p>Sadr\u017eaj naveden u nastavku nepristupa\u010dan je zbog sljede\u0107ih razloga:<\/p><p><strong>Pristupa\u010dnost PDF dokumenata za osobe s o\u0161te\u0107enjem vida<\/strong><br \/>Pojedine PDF datoteke sadr\u017eane u objavama Kolegija gradona\u010delnika ili sjednica Gradskog vije\u0107a nisu u cijelosti nastale izvozom iz izvori\u0161ne datoteke iz alata Microsoft Office Word uz odabir opcija za pristupa\u010dnost, ve\u0107 skeniranjem tiskanih dokumenata. Rije\u010d je o zapisnicima Upravnih vije\u0107a ustanova ili Izvje\u0161\u0107ima ustanova i komunalnih i trgova\u010dkih dru\u0161tava u vlasni\u0161tvu Grada koji nisu pristupa\u010dni jer nisu prikladno pripremljeni za \u010dita\u010de ekrana.<\/p><p><strong>Nepotpun tekstualni opis<\/strong><br \/>Dio banera na naslovnici u vidu slika, a rije\u010d je o sedam banera, ima prikladan tekstualni opis (Alt tekst) ali on iz tehni\u010dkih razloga nije \u010ditljiv u \u010dita\u010dima zaslona.<\/p><h4>Podizanje razine pristupa\u010dnosti<\/h4><p>Grad Kastav \u0107e provesti korektivne mjere za rje\u0161avanje problema nepristupa\u010dnog sadr\u017eaja svog mre\u017enog sjedi\u0161ta u maksimalnoj mogu\u0107oj mjeri nakon osposobljavanja djelatnika za izradu, vo\u0111enje i odr\u017eavanje sadr\u017eaja mre\u017enih stranica i programskih rje\u0161enja za pokretne ure\u0111aje u skladu sa Zakonom o pristupa\u010dnosti.<\/p><p>Gre\u0161ke kontrasta i promjena veli\u010dine fonta rije\u0161ene su instalacijom i pode\u0161avanjem WP Accessibility Tools aplikativnog dodatka \u2013 alata za za pristupa\u010dnost koji se aktivira prelaskom pokaziva\u010da, u gornjem lijevom uglu mre\u017enog mjesta.<\/p><h4>Priprema ove Izjave o pristupa\u010dnosti<\/h4><p>Ova Izjava pripremljena je dana 13. prosinca 2019., sukladno Predlo\u0161ku izjave o pristupa\u010dnosti koji je u skladu s Direktivom (EU) 2016\/2102 Europskog parlamenta i Vije\u0107a o pristupa\u010dnosti internetskih stranica i mobilnih aplikacija tijela javnog sektora, a utvr\u0111en je Provedbenom odlukom komisije EU 2018\/1523 11. listopada 2018.<br \/>Za pripremu ove Izjave kori\u0161tena je metoda samoprocjene koju je provelo tijelo javnog sektora te metode testiranja pristupa\u010dnosti WAVE Web Accessibility Evaluation Tool i WAVE Web Accessibility Evaluation Tool.<\/p><h4>Povratne informacije i podaci za kontakt<\/h4><p>Sve upite vezane uz pristupa\u010dnost mre\u017ene stranice kastav.hr korisnici mogu uputiti:<br \/><a href=\"mailto:info@kastav.hr\">info@visitkastav-klana.hr<\/a><\/p><p>Svi kontakt podaci nalaze se na <a href=\"https:\/\/visitkastav-klana.hr\/kontakt\/\">ovoj poveznici<\/a><\/p><h4>Inspekcijski nadzor<\/h4><p>Tijelo nadle\u017eno za pra\u0107enje uskla\u0111enosti mre\u017enih stranica i programskih rje\u0161enja za pokretne ure\u0111aje tijela javnog sektora sa zahtjevima pristupa\u010dnosti i nadzor nad provedbom Zakona o pristupa\u010dnosti je Povjerenik za informiranje Republike Hrvatske.<br \/>U slu\u010daju nezadovoljavaju\u0107ih odgovora na obavijest ili zahtjev za povratne informacije o pristupa\u010dnosti ovim mre\u017enih stranica, korisnici se mogu obratiti Povjereniku za informiranje putem telefona broj +385 1 4609 041 ili putem elektroni\u010dke po\u0161te:\u00a0<a href=\"mailto:pristupacnost@pristupinfo.hr\">pristupacnost@pristupinfo.hr<\/a>.<\/p>\t\t\t\t\t\t<\/div>\n\t\t\t\t<\/div>\n\t\t\t\t\t<\/div>\n\t\t<\/div>\n\t\t\t\t\t<\/div>\n\t\t<\/section>\n\t\t\t\t\t<\/div>\n\t\t<\/div>\n\t\t\t\t\t<\/div>\n\t\t<\/section>\n\t\t\t\t<\/div>\n\t\t","protected":false},"excerpt":{"rendered":"<p>Pristupa\u010dnost mre\u017enih stranica Stupanjem na snagu\u00a0Zakona o pristupa\u010dnosti mre\u017enih stranica i programskih rje\u0161enja za pokretne ure\u0111aje tijela javnog sektora Republike Hrvatske, Grad Kastav \u0107e nakon provedbe testiranja pristupa\u010dnosti, na ovim stranicama objaviti Izjavu o pristupa\u010dnosti svog mre\u017enog sjedi\u0161ta i aplikacija vezanih uz usluge i projekte, njihovoj uskla\u0111enosti s Direktivom (EU) 2016\/2102, te omogu\u0107iti pru\u017eanje povratnih [&hellip;]<\/p>\n","protected":false},"author":1,"featured_media":0,"parent":0,"menu_order":0,"comment_status":"closed","ping_status":"closed","template":"elementor_header_footer","meta":{"_acf_changed":false,"footnotes":""},"class_list":["post-4370","page","type-page","status-publish","hentry"],"acf":[],"yoast_head":"<!-- This site is optimized with the Yoast SEO plugin v23.8 - https:\/\/yoast.com\/wordpress\/plugins\/seo\/ -->\n<title>Pristupa\u010dnost mre\u017enih stranica - Visit Kastav<\/title>\n<meta name=\"robots\" content=\"index, follow, max-snippet:-1, max-image-preview:large, max-video-preview:-1\" \/>\n<link rel=\"canonical\" href=\"https:\/\/visitkastav-klana.hr\/pristupacnost-mreznih-stranica\/\" \/>\n<meta property=\"og:locale\" content=\"de_DE\" \/>\n<meta property=\"og:type\" content=\"article\" \/>\n<meta property=\"og:title\" content=\"Pristupa\u010dnost mre\u017enih stranica - Visit Kastav\" \/>\n<meta property=\"og:description\" content=\"Pristupa\u010dnost mre\u017enih stranica Stupanjem na snagu\u00a0Zakona o pristupa\u010dnosti mre\u017enih stranica i programskih rje\u0161enja za pokretne ure\u0111aje tijela javnog sektora Republike Hrvatske, Grad Kastav \u0107e nakon provedbe testiranja pristupa\u010dnosti, na ovim stranicama objaviti Izjavu o pristupa\u010dnosti svog mre\u017enog sjedi\u0161ta i aplikacija vezanih uz usluge i projekte, njihovoj uskla\u0111enosti s Direktivom (EU) 2016\/2102, te omogu\u0107iti pru\u017eanje povratnih [&hellip;]\" \/>\n<meta property=\"og:url\" content=\"https:\/\/visitkastav-klana.hr\/pristupacnost-mreznih-stranica\/\" \/>\n<meta property=\"og:site_name\" content=\"Visit Kastav\" \/>\n<meta property=\"article:publisher\" content=\"https:\/\/www.facebook.com\/visitkastav\/\" \/>\n<meta property=\"article:modified_time\" content=\"2023-02-23T10:15:08+00:00\" \/>\n<meta property=\"og:image\" content=\"https:\/\/visitkastav-klana.hr\/wp-content\/uploads\/2023\/02\/hero-face.jpg\" \/>\n\t<meta property=\"og:image:width\" content=\"1300\" \/>\n\t<meta property=\"og:image:height\" content=\"698\" \/>\n\t<meta property=\"og:image:type\" content=\"image\/jpeg\" \/>\n<meta name=\"twitter:card\" content=\"summary_large_image\" \/>\n<meta name=\"twitter:label1\" content=\"Gesch\u00e4tzte Lesezeit\" \/>\n\t<meta name=\"twitter:data1\" content=\"5 Minuten\" \/>\n<script type=\"application\/ld+json\" class=\"yoast-schema-graph\">{\"@context\":\"https:\/\/schema.org\",\"@graph\":[{\"@type\":\"WebPage\",\"@id\":\"https:\/\/visitkastav-klana.hr\/pristupacnost-mreznih-stranica\/\",\"url\":\"https:\/\/visitkastav-klana.hr\/pristupacnost-mreznih-stranica\/\",\"name\":\"Pristupa\u010dnost mre\u017enih stranica - Visit Kastav\",\"isPartOf\":{\"@id\":\"https:\/\/visitkastav-klana.hr\/en\/#website\"},\"datePublished\":\"2023-02-23T10:09:21+00:00\",\"dateModified\":\"2023-02-23T10:15:08+00:00\",\"breadcrumb\":{\"@id\":\"https:\/\/visitkastav-klana.hr\/pristupacnost-mreznih-stranica\/#breadcrumb\"},\"inLanguage\":\"de\",\"potentialAction\":[{\"@type\":\"ReadAction\",\"target\":[\"https:\/\/visitkastav-klana.hr\/pristupacnost-mreznih-stranica\/\"]}]},{\"@type\":\"BreadcrumbList\",\"@id\":\"https:\/\/visitkastav-klana.hr\/pristupacnost-mreznih-stranica\/#breadcrumb\",\"itemListElement\":[{\"@type\":\"ListItem\",\"position\":1,\"name\":\"Po\u010detna stranica\",\"item\":\"https:\/\/visitkastav-klana.hr\/\"},{\"@type\":\"ListItem\",\"position\":2,\"name\":\"Pristupa\u010dnost mre\u017enih stranica\"}]},{\"@type\":\"WebSite\",\"@id\":\"https:\/\/visitkastav-klana.hr\/en\/#website\",\"url\":\"https:\/\/visitkastav-klana.hr\/en\/\",\"name\":\"Visit Kastav\",\"description\":\"Turisti\u010dka zajednica Grada Kastva\",\"publisher\":{\"@id\":\"https:\/\/visitkastav-klana.hr\/en\/#organization\"},\"alternateName\":\"Visit Kastav\",\"potentialAction\":[{\"@type\":\"SearchAction\",\"target\":{\"@type\":\"EntryPoint\",\"urlTemplate\":\"https:\/\/visitkastav-klana.hr\/en\/?s={search_term_string}\"},\"query-input\":{\"@type\":\"PropertyValueSpecification\",\"valueRequired\":true,\"valueName\":\"search_term_string\"}}],\"inLanguage\":\"de\"},{\"@type\":\"Organization\",\"@id\":\"https:\/\/visitkastav-klana.hr\/en\/#organization\",\"name\":\"Turisti\u010dka zajadnica grada Kastva\",\"url\":\"https:\/\/visitkastav-klana.hr\/en\/\",\"logo\":{\"@type\":\"ImageObject\",\"inLanguage\":\"de\",\"@id\":\"https:\/\/visitkastav-klana.hr\/en\/#\/schema\/logo\/image\/\",\"url\":\"https:\/\/visitkastav-klana.hr\/wp-content\/uploads\/2021\/03\/logo-tz-kastav1.png\",\"contentUrl\":\"https:\/\/visitkastav-klana.hr\/wp-content\/uploads\/2021\/03\/logo-tz-kastav1.png\",\"width\":400,\"height\":347,\"caption\":\"Turisti\u010dka zajadnica grada Kastva\"},\"image\":{\"@id\":\"https:\/\/visitkastav-klana.hr\/en\/#\/schema\/logo\/image\/\"},\"sameAs\":[\"https:\/\/www.facebook.com\/visitkastav\/\",\"https:\/\/www.youtube.com\/user\/tzgradakastva\"]}]}<\/script>\n<!-- \/ Yoast SEO plugin. -->","yoast_head_json":{"title":"Pristupa\u010dnost mre\u017enih stranica - Visit Kastav","robots":{"index":"index","follow":"follow","max-snippet":"max-snippet:-1","max-image-preview":"max-image-preview:large","max-video-preview":"max-video-preview:-1"},"canonical":"https:\/\/visitkastav-klana.hr\/pristupacnost-mreznih-stranica\/","og_locale":"de_DE","og_type":"article","og_title":"Pristupa\u010dnost mre\u017enih stranica - Visit Kastav","og_description":"Pristupa\u010dnost mre\u017enih stranica Stupanjem na snagu\u00a0Zakona o pristupa\u010dnosti mre\u017enih stranica i programskih rje\u0161enja za pokretne ure\u0111aje tijela javnog sektora Republike Hrvatske, Grad Kastav \u0107e nakon provedbe testiranja pristupa\u010dnosti, na ovim stranicama objaviti Izjavu o pristupa\u010dnosti svog mre\u017enog sjedi\u0161ta i aplikacija vezanih uz usluge i projekte, njihovoj uskla\u0111enosti s Direktivom (EU) 2016\/2102, te omogu\u0107iti pru\u017eanje povratnih [&hellip;]","og_url":"https:\/\/visitkastav-klana.hr\/pristupacnost-mreznih-stranica\/","og_site_name":"Visit Kastav","article_publisher":"https:\/\/www.facebook.com\/visitkastav\/","article_modified_time":"2023-02-23T10:15:08+00:00","og_image":[{"width":1300,"height":698,"url":"https:\/\/visitkastav-klana.hr\/wp-content\/uploads\/2023\/02\/hero-face.jpg","type":"image\/jpeg"}],"twitter_card":"summary_large_image","twitter_misc":{"Gesch\u00e4tzte Lesezeit":"5 Minuten"},"schema":{"@context":"https:\/\/schema.org","@graph":[{"@type":"WebPage","@id":"https:\/\/visitkastav-klana.hr\/pristupacnost-mreznih-stranica\/","url":"https:\/\/visitkastav-klana.hr\/pristupacnost-mreznih-stranica\/","name":"Pristupa\u010dnost mre\u017enih stranica - Visit Kastav","isPartOf":{"@id":"https:\/\/visitkastav-klana.hr\/en\/#website"},"datePublished":"2023-02-23T10:09:21+00:00","dateModified":"2023-02-23T10:15:08+00:00","breadcrumb":{"@id":"https:\/\/visitkastav-klana.hr\/pristupacnost-mreznih-stranica\/#breadcrumb"},"inLanguage":"de","potentialAction":[{"@type":"ReadAction","target":["https:\/\/visitkastav-klana.hr\/pristupacnost-mreznih-stranica\/"]}]},{"@type":"BreadcrumbList","@id":"https:\/\/visitkastav-klana.hr\/pristupacnost-mreznih-stranica\/#breadcrumb","itemListElement":[{"@type":"ListItem","position":1,"name":"Po\u010detna stranica","item":"https:\/\/visitkastav-klana.hr\/"},{"@type":"ListItem","position":2,"name":"Pristupa\u010dnost mre\u017enih stranica"}]},{"@type":"WebSite","@id":"https:\/\/visitkastav-klana.hr\/en\/#website","url":"https:\/\/visitkastav-klana.hr\/en\/","name":"Visit Kastav","description":"Turisti\u010dka zajednica Grada Kastva","publisher":{"@id":"https:\/\/visitkastav-klana.hr\/en\/#organization"},"alternateName":"Visit Kastav","potentialAction":[{"@type":"SearchAction","target":{"@type":"EntryPoint","urlTemplate":"https:\/\/visitkastav-klana.hr\/en\/?s={search_term_string}"},"query-input":{"@type":"PropertyValueSpecification","valueRequired":true,"valueName":"search_term_string"}}],"inLanguage":"de"},{"@type":"Organization","@id":"https:\/\/visitkastav-klana.hr\/en\/#organization","name":"Turisti\u010dka zajadnica grada Kastva","url":"https:\/\/visitkastav-klana.hr\/en\/","logo":{"@type":"ImageObject","inLanguage":"de","@id":"https:\/\/visitkastav-klana.hr\/en\/#\/schema\/logo\/image\/","url":"https:\/\/visitkastav-klana.hr\/wp-content\/uploads\/2021\/03\/logo-tz-kastav1.png","contentUrl":"https:\/\/visitkastav-klana.hr\/wp-content\/uploads\/2021\/03\/logo-tz-kastav1.png","width":400,"height":347,"caption":"Turisti\u010dka zajadnica grada Kastva"},"image":{"@id":"https:\/\/visitkastav-klana.hr\/en\/#\/schema\/logo\/image\/"},"sameAs":["https:\/\/www.facebook.com\/visitkastav\/","https:\/\/www.youtube.com\/user\/tzgradakastva"]}]}},"_links":{"self":[{"href":"https:\/\/visitkastav-klana.hr\/de\/wp-json\/wp\/v2\/pages\/4370"}],"collection":[{"href":"https:\/\/visitkastav-klana.hr\/de\/wp-json\/wp\/v2\/pages"}],"about":[{"href":"https:\/\/visitkastav-klana.hr\/de\/wp-json\/wp\/v2\/types\/page"}],"author":[{"embeddable":true,"href":"https:\/\/visitkastav-klana.hr\/de\/wp-json\/wp\/v2\/users\/1"}],"replies":[{"embeddable":true,"href":"https:\/\/visitkastav-klana.hr\/de\/wp-json\/wp\/v2\/comments?post=4370"}],"version-history":[{"count":10,"href":"https:\/\/visitkastav-klana.hr\/de\/wp-json\/wp\/v2\/pages\/4370\/revisions"}],"predecessor-version":[{"id":4381,"href":"https:\/\/visitkastav-klana.hr\/de\/wp-json\/wp\/v2\/pages\/4370\/revisions\/4381"}],"wp:attachment":[{"href":"https:\/\/visitkastav-klana.hr\/de\/wp-json\/wp\/v2\/media?parent=4370"}],"curies":[{"name":"wp","href":"https:\/\/api.w.org\/{rel}","templated":true}]}}