{"id":9961,"date":"2025-09-08T13:24:48","date_gmt":"2025-09-08T13:24:48","guid":{"rendered":"https:\/\/visitkastav-klana.hr\/erleben-sie-klana\/fahrradwege\/"},"modified":"2025-09-23T13:54:11","modified_gmt":"2025-09-23T13:54:11","slug":"fahrradwege","status":"publish","type":"page","link":"https:\/\/visitkastav-klana.hr\/de\/erleben-sie-klana\/fahrradwege\/","title":{"rendered":"Fahrradwege"},"content":{"rendered":"\t\t<div data-elementor-type=\"wp-page\" data-elementor-id=\"9961\" class=\"elementor elementor-9961 elementor-9781\">\n\t\t\t\t\t\t<section class=\"has_ae_slider elementor-section elementor-top-section elementor-element elementor-element-38bfbc8a elementor-section-boxed elementor-section-height-default elementor-section-height-default ae-bg-gallery-type-default\" data-id=\"38bfbc8a\" data-element_type=\"section\" data-settings=\"{&quot;background_background&quot;:&quot;classic&quot;}\">\n\t\t\t\t\t\t\t<div class=\"elementor-background-overlay\"><\/div>\n\t\t\t\t\t\t\t<div class=\"elementor-container elementor-column-gap-default\">\n\t\t\t\t\t<div class=\"has_ae_slider elementor-column elementor-col-100 elementor-top-column elementor-element elementor-element-5df4cc37 ae-bg-gallery-type-default\" data-id=\"5df4cc37\" data-element_type=\"column\" data-settings=\"{&quot;background_background&quot;:&quot;classic&quot;}\">\n\t\t\t<div class=\"elementor-widget-wrap elementor-element-populated\">\n\t\t\t\t\t\t<div class=\"elementor-element elementor-element-3818b5aa elementor-widget elementor-widget-heading\" data-id=\"3818b5aa\" data-element_type=\"widget\" data-widget_type=\"heading.default\">\n\t\t\t\t<div class=\"elementor-widget-container\">\n\t\t\t<h2 class=\"elementor-heading-title elementor-size-default\">Fahrradwege<\/h2>\t\t<\/div>\n\t\t\t\t<\/div>\n\t\t\t\t<div class=\"elementor-element elementor-element-1a9ba15d elementor-widget elementor-widget-heading\" data-id=\"1a9ba15d\" data-element_type=\"widget\" data-widget_type=\"heading.default\">\n\t\t\t\t<div class=\"elementor-widget-container\">\n\t\t\t<span class=\"elementor-heading-title elementor-size-default\"><a href=\"https:\/\/visitkastav-klana.hr\/de\/sehenswuerdigkeiten\/\">Untersuchen Klana<\/a><\/span>\t\t<\/div>\n\t\t\t\t<\/div>\n\t\t\t\t\t<\/div>\n\t\t<\/div>\n\t\t\t\t\t<\/div>\n\t\t<\/section>\n\t\t\t\t<section class=\"has_ae_slider elementor-section elementor-top-section elementor-element elementor-element-4bc00351 elementor-section-boxed elementor-section-height-default elementor-section-height-default ae-bg-gallery-type-default\" data-id=\"4bc00351\" data-element_type=\"section\">\n\t\t\t\t\t\t<div class=\"elementor-container elementor-column-gap-default\">\n\t\t\t\t\t<div class=\"has_ae_slider elementor-column elementor-col-66 elementor-top-column elementor-element elementor-element-2e6aee4e ae-bg-gallery-type-default\" data-id=\"2e6aee4e\" data-element_type=\"column\" data-settings=\"{&quot;background_background&quot;:&quot;classic&quot;}\">\n\t\t\t<div class=\"elementor-widget-wrap elementor-element-populated\">\n\t\t\t\t\t\t<div class=\"elementor-element elementor-element-6f89a2f1 elementor-widget elementor-widget-image\" data-id=\"6f89a2f1\" data-element_type=\"widget\" data-widget_type=\"image.default\">\n\t\t\t\t<div class=\"elementor-widget-container\">\n\t\t\t\t\t\t\t\t\t\t\t\t\t<img fetchpriority=\"high\" decoding=\"async\" width=\"820\" height=\"576\" src=\"https:\/\/visitkastav-klana.hr\/wp-content\/uploads\/2025\/09\/bicikli.jpg\" class=\"attachment-full size-full wp-image-9784\" alt=\"\" srcset=\"https:\/\/visitkastav-klana.hr\/wp-content\/uploads\/2025\/09\/bicikli.jpg 820w, https:\/\/visitkastav-klana.hr\/wp-content\/uploads\/2025\/09\/bicikli-300x211.jpg 300w, https:\/\/visitkastav-klana.hr\/wp-content\/uploads\/2025\/09\/bicikli-768x539.jpg 768w\" sizes=\"(max-width: 820px) 100vw, 820px\" \/>\t\t\t\t\t\t\t\t\t\t\t\t\t<\/div>\n\t\t\t\t<\/div>\n\t\t\t\t<div class=\"elementor-element elementor-element-e01327a elementor-widget elementor-widget-text-editor\" data-id=\"e01327a\" data-element_type=\"widget\" data-widget_type=\"text-editor.default\">\n\t\t\t\t<div class=\"elementor-widget-container\">\n\t\t\t\t\t\t\t<div style=\"margin-bottom: 20px;\">Das Klana-Gebiet eignet sich dank eines Netzes gepflegter Naturpfade, die durch das Waldgebiet und entlang historischer St\u00e4tten f\u00fchren, auch zum Radfahren. Die Radwege sind sowohl f\u00fcr Freizeitradler als auch f\u00fcr ambitionierte MTB-Fans geeignet.<\/div>\r\n<div class=\"inner-page-box\">\r\n<h4 class=\"inner-page-box-title\">Weg Klana- ku\u0107ica &#8222;Rebar&#8220; &#8211; Studena \u2013 Klana<\/h4>\r\n<div class=\"inner-page-block-content\"><span class=\"difficulty\">Streckenl\u00e4ngelevel: 26,0 km<\/span>\r\n<span class=\"difficulty\">Tiefster Punkt 560 m\/n\/m<\/span>\r\n<span class=\"difficulty\">H\u00f6chster Punkt 800 m\/n\/m<\/span>\r\n<span class=\"difficulty\">Fahrzeit: 2h 15 min<\/span>\r\n<span class=\"difficulty\">Schwierigkeit: Mittel (rote Strecke)\r\n<\/span>\r\n<div class=\"inner-page-box-desc\">\r\n<\/hr>\r\nVom Zentrum von Klana (560 m) fahren wir geradeaus in Richtung Pilana und biegen gleich nach 0,1 km am Postamt links ab. Nach 1,7 km fahren wir geradeaus. Nach 4,0 km erreichen wir das Dorf Lisac (700 m), wo wir rechts abbiegen und auf der Schotterstra\u00dfe weiterfahren. Nach 5,8 km erreichen wir einen Sattel (800 m). Wir passieren eine Buche mit einem Durchmesser von 120 cm, die wegen ihrer Gr\u00f6\u00dfe \u201eK\u00f6nigin des Waldes\u201c genannt wird. Bei Kilometer 12 erreichen wir wundersch\u00f6ne Wiesen namens Mlake (680 m). Wir steigen bergauf zur H\u00fctte \u201eRebar\u201c, die heute als Unterstand f\u00fcr Wanderer dient und auch einen Wanderstempel hat. Wir steigen auf die Hauptstra\u00dfe nach Gumance auf, biegen rechts nach Mlake ab und fahren weiter auf der Asphaltstra\u00dfe und dann auf einer breiten Schotterstra\u00dfe bis Kilometer 18,5, wo die Asphaltstra\u00dfe wieder beginnt (720 m). Dort biegen wir links ab. Wir fahren weiter auf der Forststra\u00dfe, wo wir bei Kilometer 23,1 rechts abbiegen und bei Kilometer 24,0 den Asphalt in der N\u00e4he des Dorfes Studena erreichen. Dort biegen wir rechts in Richtung Klana ab, das wir nach Kilometer 26,0 erreichen.\r\n\r\n<\/div>\r\n<\/div>\r\n<\/div>\r\n<div class=\"inner-page-box\">\r\n<h4 class=\"inner-page-box-title\">Weg Klana &#8211; Lisac &#8211; \u0160kalnica \u2013 Klana<\/h4>\r\n<div class=\"inner-page-block-content\">\r\n\r\n<span class=\"difficulty\">Streckenl\u00e4ngelevel: 12,7 km<\/span>\r\n<span class=\"difficulty\">Tiefster Punkt 560 m\/n\/m<\/span>\r\n<span class=\"difficulty\">H\u00f6chster Punkt 720 m\/n\/m<\/span>\r\n<span class=\"difficulty\">Fahrzeit: 1 h<\/span>\r\n<span class=\"difficulty\">Untergrund: Asphalt  5,7 km, makadam 7,0 km <\/span>\r\n<span class=\"difficulty\">Schwierigkeit: srednja (plava staza)<\/span>\r\n<div class=\"inner-page-box-desc\">\r\nVom Zentrum von Klana (560 m\/n\/m) fahren wir geradeaus Richtung Pilana und biegen gleich nach 0,1 km links ab Richtung Lisac \u2013 4 km (700 m\/n\/m). Im Zentrum des Dorfes biegen wir 0,1 km nach dem Gasthaus links ab und bei der Kaserne sofort wieder links. Bei km 6,1 biegen wir wieder links ab und bei km 6,380 biegen wir rechts ab. Wir \u00fcberqueren zwei kleine P\u00e4sse und biegen nach km 8,450 links ab und kommen in \u0160kalnica bei der Feuerwache an (9,0 km). Auf der Asphaltstra\u00dfe biegen wir links ab und biegen gleich nach 0,2 km wieder links auf eine Schotterstra\u00dfe ab. Bei km 9,9 biegen wir links ab, \u00fcberqueren zwei P\u00e4sse und kommen in Predbor\u0161t (Bezirk Klane) an, wo wir auf die Asphaltstra\u00dfe kommen und auf die Hauptstra\u00dfe abbiegen.\r\n<\/div>\r\n\r\n<\/div>\r\n<\/div>\r\n<div class=\"inner-page-box\">\r\n<h4 class=\"inner-page-box-title\">Gr\u00fcne Strecke<\/h4>\r\n<div class=\"inner-page-block-content\">\r\n\r\n<span class=\"difficulty\">Streckenl\u00e4ngelevel: 8,0 km<\/span>\r\n<span class=\"difficulty\">Tiefster Punkt 560 m\/n\/m<\/span>\r\n<span class=\"difficulty\">Fahrzeit: 30 min<\/span>\r\n<span class=\"difficulty\">Schwierigkeit: lagana (zelena staza)<\/span>\r\n\r\n<div class=\"inner-page-box-desc\">\r\nVom Zentrum von Klana (560 m\/sl\/m) fahren wir geradeaus in Richtung Pilana und gleich nach 0,1 km an der Post weiter geradeaus in Richtung Pilana. Eine gem\u00fctliche Fahrt entlang der Ri\u010dina bringt uns nach DI Klana (2,0 km). Nach Pilana biegen wir bei 2,4 km links ab und kommen an die Kreuzung dreier Stra\u00dfen (2,8 km). Wir fahren geradeaus \u00fcber die Br\u00fccke und kommen zu einer Schotterstra\u00dfe. Bei 3,6 km \u00fcberqueren wir den Bach und kommen zu einem Wendepunkt. Vom Wendepunkt kehren wir auf derselben Stra\u00dfe in Richtung Zentrum von Klana zur\u00fcck.\r\n\r\n<\/div>\r\n\r\n<\/div>\r\n<\/div>\r\n\t\t\t\t\t\t<\/div>\n\t\t\t\t<\/div>\n\t\t\t\t<div class=\"elementor-element elementor-element-18980b90 elementor-widget elementor-widget-heading\" data-id=\"18980b90\" data-element_type=\"widget\" data-widget_type=\"heading.default\">\n\t\t\t\t<div class=\"elementor-widget-container\">\n\t\t\t<p class=\"elementor-heading-title elementor-size-default\">Share:<\/p>\t\t<\/div>\n\t\t\t\t<\/div>\n\t\t\t\t<div class=\"elementor-element elementor-element-be8be58 elementor-share-buttons--view-icon elementor-share-buttons--align-left elementor-share-buttons--skin-gradient elementor-share-buttons--shape-square elementor-grid-0 elementor-share-buttons--color-official elementor-widget elementor-widget-share-buttons\" data-id=\"be8be58\" data-element_type=\"widget\" data-widget_type=\"share-buttons.default\">\n\t\t\t\t<div class=\"elementor-widget-container\">\n\t\t\t\t\t<div class=\"elementor-grid\">\n\t\t\t\t\t\t\t\t<div class=\"elementor-grid-item\">\n\t\t\t\t\t\t<div\n\t\t\t\t\t\t\tclass=\"elementor-share-btn elementor-share-btn_facebook\"\n\t\t\t\t\t\t\trole=\"button\"\n\t\t\t\t\t\t\ttabindex=\"0\"\n\t\t\t\t\t\t\taria-label=\"Teilen auf facebook\"\n\t\t\t\t\t\t>\n\t\t\t\t\t\t\t\t\t\t\t\t\t\t\t<span class=\"elementor-share-btn__icon\">\n\t\t\t\t\t\t\t\t<i class=\"fab fa-facebook\" aria-hidden=\"true\"><\/i>\t\t\t\t\t\t\t<\/span>\n\t\t\t\t\t\t\t\t\t\t\t\t\t\t\t\t\t\t\t\t<\/div>\n\t\t\t\t\t<\/div>\n\t\t\t\t\t\t\t\t\t<div class=\"elementor-grid-item\">\n\t\t\t\t\t\t<div\n\t\t\t\t\t\t\tclass=\"elementor-share-btn elementor-share-btn_twitter\"\n\t\t\t\t\t\t\trole=\"button\"\n\t\t\t\t\t\t\ttabindex=\"0\"\n\t\t\t\t\t\t\taria-label=\"Teilen auf twitter\"\n\t\t\t\t\t\t>\n\t\t\t\t\t\t\t\t\t\t\t\t\t\t\t<span class=\"elementor-share-btn__icon\">\n\t\t\t\t\t\t\t\t<i class=\"fab fa-twitter\" aria-hidden=\"true\"><\/i>\t\t\t\t\t\t\t<\/span>\n\t\t\t\t\t\t\t\t\t\t\t\t\t\t\t\t\t\t\t\t<\/div>\n\t\t\t\t\t<\/div>\n\t\t\t\t\t\t\t\t\t<div class=\"elementor-grid-item\">\n\t\t\t\t\t\t<div\n\t\t\t\t\t\t\tclass=\"elementor-share-btn elementor-share-btn_email\"\n\t\t\t\t\t\t\trole=\"button\"\n\t\t\t\t\t\t\ttabindex=\"0\"\n\t\t\t\t\t\t\taria-label=\"Teilen auf email\"\n\t\t\t\t\t\t>\n\t\t\t\t\t\t\t\t\t\t\t\t\t\t\t<span class=\"elementor-share-btn__icon\">\n\t\t\t\t\t\t\t\t<i class=\"fas fa-envelope\" aria-hidden=\"true\"><\/i>\t\t\t\t\t\t\t<\/span>\n\t\t\t\t\t\t\t\t\t\t\t\t\t\t\t\t\t\t\t\t<\/div>\n\t\t\t\t\t<\/div>\n\t\t\t\t\t\t\t\t\t<div class=\"elementor-grid-item\">\n\t\t\t\t\t\t<div\n\t\t\t\t\t\t\tclass=\"elementor-share-btn elementor-share-btn_whatsapp\"\n\t\t\t\t\t\t\trole=\"button\"\n\t\t\t\t\t\t\ttabindex=\"0\"\n\t\t\t\t\t\t\taria-label=\"Teilen auf whatsapp\"\n\t\t\t\t\t\t>\n\t\t\t\t\t\t\t\t\t\t\t\t\t\t\t<span class=\"elementor-share-btn__icon\">\n\t\t\t\t\t\t\t\t<i class=\"fab fa-whatsapp\" aria-hidden=\"true\"><\/i>\t\t\t\t\t\t\t<\/span>\n\t\t\t\t\t\t\t\t\t\t\t\t\t\t\t\t\t\t\t\t<\/div>\n\t\t\t\t\t<\/div>\n\t\t\t\t\t\t<\/div>\n\t\t\t\t<\/div>\n\t\t\t\t<\/div>\n\t\t\t\t\t<\/div>\n\t\t<\/div>\n\t\t\t\t<div class=\"has_ae_slider elementor-column elementor-col-33 elementor-top-column elementor-element elementor-element-79ea1b2b ae-bg-gallery-type-default\" data-id=\"79ea1b2b\" data-element_type=\"column\" data-settings=\"{&quot;background_background&quot;:&quot;classic&quot;}\">\n\t\t\t<div class=\"elementor-widget-wrap elementor-element-populated\">\n\t\t\t\t\t\t<div class=\"elementor-element elementor-element-4cc370a elementor-widget elementor-widget-sidebar\" data-id=\"4cc370a\" data-element_type=\"widget\" data-widget_type=\"sidebar.default\">\n\t\t\t\t<div class=\"elementor-widget-container\">\n\t\t\t<aside id=\"nav_menu-5\" class=\"widget widget_nav_menu\"><h2 class=\"widget-title\">Istra\u017eite<\/h2><div class=\"menu-nav-klana-info-de-container\"><ul id=\"menu-nav-klana-info-de\" class=\"menu\"><li id=\"menu-item-10073\" class=\"menu-item menu-item-type-post_type menu-item-object-page menu-item-10073\"><a href=\"https:\/\/visitkastav-klana.hr\/de\/erleben-sie-klana\/\">Erleben Sie Klana<\/a><\/li>\n<li id=\"menu-item-10074\" class=\"menu-item menu-item-type-post_type menu-item-object-page menu-item-10074\"><a href=\"https:\/\/visitkastav-klana.hr\/de\/erleben-sie-klana\/jagdtourismus\/\">Jagdtourismus<\/a><\/li>\n<li id=\"menu-item-10075\" class=\"menu-item menu-item-type-post_type menu-item-object-setnica menu-item-10075\"><a href=\"https:\/\/visitkastav-klana.hr\/de\/setnica\/wanderweg-klana-kastav\/\">Wanderweg Klana \u2013 Kastav<\/a><\/li>\n<li id=\"menu-item-10076\" class=\"menu-item menu-item-type-post_type menu-item-object-page menu-item-10076\"><a href=\"https:\/\/visitkastav-klana.hr\/de\/erleben-sie-klana\/markierte-wanderwege\/\">Markierte Wanderwege<\/a><\/li>\n<li id=\"menu-item-10077\" class=\"menu-item menu-item-type-post_type menu-item-object-page menu-item-10077\"><a href=\"https:\/\/visitkastav-klana.hr\/de\/erleben-sie-klana\/fahrradwege\/\">Fahrradwege<\/a><\/li>\n<li id=\"menu-item-10083\" class=\"menu-item menu-item-type-post_type menu-item-object-page menu-item-10083\"><a href=\"https:\/\/visitkastav-klana.hr\/de\/erleben-sie-klana\/sehenswuerdigkeiten\/\">Sehensw\u00fcrdigkeiten<\/a><\/li>\n<\/ul><\/div><\/aside>\t\t<\/div>\n\t\t\t\t<\/div>\n\t\t\t\t<div class=\"elementor-element elementor-element-4f47274d elementor-widget elementor-widget-image\" data-id=\"4f47274d\" data-element_type=\"widget\" data-widget_type=\"image.default\">\n\t\t\t\t<div class=\"elementor-widget-container\">\n\t\t\t\t\t\t\t\t\t\t\t\t\t\t<a href=\"\/wp-content\/uploads\/2023\/02\/KASTAV_BROSURA_KOREKCIJE_FINAL_GER_2022.pdf\">\n\t\t\t\t\t\t\t<img decoding=\"async\" width=\"364\" height=\"503\" src=\"https:\/\/visitkastav-klana.hr\/wp-content\/uploads\/2022\/08\/brosura-tz-kastav-HR.jpg\" class=\"attachment-full size-full wp-image-1540\" alt=\"\" srcset=\"https:\/\/visitkastav-klana.hr\/wp-content\/uploads\/2022\/08\/brosura-tz-kastav-HR.jpg 364w, https:\/\/visitkastav-klana.hr\/wp-content\/uploads\/2022\/08\/brosura-tz-kastav-HR-217x300.jpg 217w\" sizes=\"(max-width: 364px) 100vw, 364px\" \/>\t\t\t\t\t\t\t\t<\/a>\n\t\t\t\t\t\t\t\t\t\t\t\t\t<\/div>\n\t\t\t\t<\/div>\n\t\t\t\t\t<\/div>\n\t\t<\/div>\n\t\t\t\t\t<\/div>\n\t\t<\/section>\n\t\t\t\t<\/div>\n\t\t","protected":false},"excerpt":{"rendered":"<p>Fahrradwege Untersuchen Klana Das Klana-Gebiet eignet sich dank eines Netzes gepflegter Naturpfade, die durch das Waldgebiet und entlang historischer St\u00e4tten f\u00fchren, auch zum Radfahren. Die Radwege sind sowohl f\u00fcr Freizeitradler als auch f\u00fcr ambitionierte MTB-Fans geeignet. Weg Klana- ku\u0107ica &#8222;Rebar&#8220; &#8211; Studena \u2013 Klana Streckenl\u00e4ngelevel: 26,0 km Tiefster Punkt 560 m\/n\/m H\u00f6chster Punkt 800 m\/n\/m [&hellip;]<\/p>\n","protected":false},"author":1,"featured_media":0,"parent":9955,"menu_order":0,"comment_status":"closed","ping_status":"closed","template":"","meta":{"_acf_changed":false,"footnotes":""},"class_list":["post-9961","page","type-page","status-publish","hentry"],"acf":[],"yoast_head":"<!-- This site is optimized with the Yoast SEO plugin v23.8 - https:\/\/yoast.com\/wordpress\/plugins\/seo\/ -->\n<title>Fahrradwege - Visit Kastav<\/title>\n<meta name=\"robots\" content=\"index, follow, max-snippet:-1, max-image-preview:large, max-video-preview:-1\" \/>\n<link rel=\"canonical\" href=\"https:\/\/visitkastav-klana.hr\/dozivi-klanu\/biciklisticke-staze\/\" \/>\n<meta property=\"og:locale\" content=\"de_DE\" \/>\n<meta property=\"og:type\" content=\"article\" \/>\n<meta property=\"og:title\" content=\"Fahrradwege - Visit Kastav\" \/>\n<meta property=\"og:description\" content=\"Fahrradwege Untersuchen Klana Das Klana-Gebiet eignet sich dank eines Netzes gepflegter Naturpfade, die durch das Waldgebiet und entlang historischer St\u00e4tten f\u00fchren, auch zum Radfahren. Die Radwege sind sowohl f\u00fcr Freizeitradler als auch f\u00fcr ambitionierte MTB-Fans geeignet. Weg Klana- ku\u0107ica &#8222;Rebar&#8220; &#8211; Studena \u2013 Klana Streckenl\u00e4ngelevel: 26,0 km Tiefster Punkt 560 m\/n\/m H\u00f6chster Punkt 800 m\/n\/m [&hellip;]\" \/>\n<meta property=\"og:url\" content=\"https:\/\/visitkastav-klana.hr\/dozivi-klanu\/biciklisticke-staze\/\" \/>\n<meta property=\"og:site_name\" content=\"Visit Kastav\" \/>\n<meta property=\"article:publisher\" content=\"https:\/\/www.facebook.com\/visitkastav\/\" \/>\n<meta property=\"article:modified_time\" content=\"2025-09-23T13:54:11+00:00\" \/>\n<meta property=\"og:image\" content=\"https:\/\/visitkastav-klana.hr\/wp-content\/uploads\/2025\/09\/bicikli.jpg\" \/>\n\t<meta property=\"og:image:width\" content=\"820\" \/>\n\t<meta property=\"og:image:height\" content=\"576\" \/>\n\t<meta property=\"og:image:type\" content=\"image\/jpeg\" \/>\n<meta name=\"twitter:card\" content=\"summary_large_image\" \/>\n<meta name=\"twitter:label1\" content=\"Gesch\u00e4tzte Lesezeit\" \/>\n\t<meta name=\"twitter:data1\" content=\"3 Minuten\" \/>\n<script type=\"application\/ld+json\" class=\"yoast-schema-graph\">{\"@context\":\"https:\/\/schema.org\",\"@graph\":[{\"@type\":\"WebPage\",\"@id\":\"https:\/\/visitkastav-klana.hr\/dozivi-klanu\/biciklisticke-staze\/\",\"url\":\"https:\/\/visitkastav-klana.hr\/dozivi-klanu\/biciklisticke-staze\/\",\"name\":\"Fahrradwege - Visit Kastav\",\"isPartOf\":{\"@id\":\"https:\/\/visitkastav-klana.hr\/en\/#website\"},\"primaryImageOfPage\":{\"@id\":\"https:\/\/visitkastav-klana.hr\/dozivi-klanu\/biciklisticke-staze\/#primaryimage\"},\"image\":{\"@id\":\"https:\/\/visitkastav-klana.hr\/dozivi-klanu\/biciklisticke-staze\/#primaryimage\"},\"thumbnailUrl\":\"https:\/\/visitkastav-klana.hr\/wp-content\/uploads\/2025\/09\/bicikli.jpg\",\"datePublished\":\"2025-09-08T13:24:48+00:00\",\"dateModified\":\"2025-09-23T13:54:11+00:00\",\"breadcrumb\":{\"@id\":\"https:\/\/visitkastav-klana.hr\/dozivi-klanu\/biciklisticke-staze\/#breadcrumb\"},\"inLanguage\":\"de\",\"potentialAction\":[{\"@type\":\"ReadAction\",\"target\":[\"https:\/\/visitkastav-klana.hr\/dozivi-klanu\/biciklisticke-staze\/\"]}]},{\"@type\":\"ImageObject\",\"inLanguage\":\"de\",\"@id\":\"https:\/\/visitkastav-klana.hr\/dozivi-klanu\/biciklisticke-staze\/#primaryimage\",\"url\":\"https:\/\/visitkastav-klana.hr\/wp-content\/uploads\/2025\/09\/bicikli.jpg\",\"contentUrl\":\"https:\/\/visitkastav-klana.hr\/wp-content\/uploads\/2025\/09\/bicikli.jpg\"},{\"@type\":\"BreadcrumbList\",\"@id\":\"https:\/\/visitkastav-klana.hr\/dozivi-klanu\/biciklisticke-staze\/#breadcrumb\",\"itemListElement\":[{\"@type\":\"ListItem\",\"position\":1,\"name\":\"Po\u010detna stranica\",\"item\":\"https:\/\/visitkastav-klana.hr\/\"},{\"@type\":\"ListItem\",\"position\":2,\"name\":\"Erleben Sie Klana\",\"item\":\"https:\/\/visitkastav-klana.hr\/dozivi-klanu\/\"},{\"@type\":\"ListItem\",\"position\":3,\"name\":\"Fahrradwege\"}]},{\"@type\":\"WebSite\",\"@id\":\"https:\/\/visitkastav-klana.hr\/en\/#website\",\"url\":\"https:\/\/visitkastav-klana.hr\/en\/\",\"name\":\"Visit Kastav\",\"description\":\"Turisti\u010dka zajednica Grada Kastva\",\"publisher\":{\"@id\":\"https:\/\/visitkastav-klana.hr\/en\/#organization\"},\"alternateName\":\"Visit Kastav\",\"potentialAction\":[{\"@type\":\"SearchAction\",\"target\":{\"@type\":\"EntryPoint\",\"urlTemplate\":\"https:\/\/visitkastav-klana.hr\/en\/?s={search_term_string}\"},\"query-input\":{\"@type\":\"PropertyValueSpecification\",\"valueRequired\":true,\"valueName\":\"search_term_string\"}}],\"inLanguage\":\"de\"},{\"@type\":\"Organization\",\"@id\":\"https:\/\/visitkastav-klana.hr\/en\/#organization\",\"name\":\"Turisti\u010dka zajadnica grada Kastva\",\"url\":\"https:\/\/visitkastav-klana.hr\/en\/\",\"logo\":{\"@type\":\"ImageObject\",\"inLanguage\":\"de\",\"@id\":\"https:\/\/visitkastav-klana.hr\/en\/#\/schema\/logo\/image\/\",\"url\":\"https:\/\/visitkastav-klana.hr\/wp-content\/uploads\/2021\/03\/logo-tz-kastav1.png\",\"contentUrl\":\"https:\/\/visitkastav-klana.hr\/wp-content\/uploads\/2021\/03\/logo-tz-kastav1.png\",\"width\":400,\"height\":347,\"caption\":\"Turisti\u010dka zajadnica grada Kastva\"},\"image\":{\"@id\":\"https:\/\/visitkastav-klana.hr\/en\/#\/schema\/logo\/image\/\"},\"sameAs\":[\"https:\/\/www.facebook.com\/visitkastav\/\",\"https:\/\/www.youtube.com\/user\/tzgradakastva\"]}]}<\/script>\n<!-- \/ Yoast SEO plugin. -->","yoast_head_json":{"title":"Fahrradwege - Visit Kastav","robots":{"index":"index","follow":"follow","max-snippet":"max-snippet:-1","max-image-preview":"max-image-preview:large","max-video-preview":"max-video-preview:-1"},"canonical":"https:\/\/visitkastav-klana.hr\/dozivi-klanu\/biciklisticke-staze\/","og_locale":"de_DE","og_type":"article","og_title":"Fahrradwege - Visit Kastav","og_description":"Fahrradwege Untersuchen Klana Das Klana-Gebiet eignet sich dank eines Netzes gepflegter Naturpfade, die durch das Waldgebiet und entlang historischer St\u00e4tten f\u00fchren, auch zum Radfahren. Die Radwege sind sowohl f\u00fcr Freizeitradler als auch f\u00fcr ambitionierte MTB-Fans geeignet. Weg Klana- ku\u0107ica &#8222;Rebar&#8220; &#8211; Studena \u2013 Klana Streckenl\u00e4ngelevel: 26,0 km Tiefster Punkt 560 m\/n\/m H\u00f6chster Punkt 800 m\/n\/m [&hellip;]","og_url":"https:\/\/visitkastav-klana.hr\/dozivi-klanu\/biciklisticke-staze\/","og_site_name":"Visit Kastav","article_publisher":"https:\/\/www.facebook.com\/visitkastav\/","article_modified_time":"2025-09-23T13:54:11+00:00","og_image":[{"width":820,"height":576,"url":"https:\/\/visitkastav-klana.hr\/wp-content\/uploads\/2025\/09\/bicikli.jpg","type":"image\/jpeg"}],"twitter_card":"summary_large_image","twitter_misc":{"Gesch\u00e4tzte Lesezeit":"3 Minuten"},"schema":{"@context":"https:\/\/schema.org","@graph":[{"@type":"WebPage","@id":"https:\/\/visitkastav-klana.hr\/dozivi-klanu\/biciklisticke-staze\/","url":"https:\/\/visitkastav-klana.hr\/dozivi-klanu\/biciklisticke-staze\/","name":"Fahrradwege - Visit Kastav","isPartOf":{"@id":"https:\/\/visitkastav-klana.hr\/en\/#website"},"primaryImageOfPage":{"@id":"https:\/\/visitkastav-klana.hr\/dozivi-klanu\/biciklisticke-staze\/#primaryimage"},"image":{"@id":"https:\/\/visitkastav-klana.hr\/dozivi-klanu\/biciklisticke-staze\/#primaryimage"},"thumbnailUrl":"https:\/\/visitkastav-klana.hr\/wp-content\/uploads\/2025\/09\/bicikli.jpg","datePublished":"2025-09-08T13:24:48+00:00","dateModified":"2025-09-23T13:54:11+00:00","breadcrumb":{"@id":"https:\/\/visitkastav-klana.hr\/dozivi-klanu\/biciklisticke-staze\/#breadcrumb"},"inLanguage":"de","potentialAction":[{"@type":"ReadAction","target":["https:\/\/visitkastav-klana.hr\/dozivi-klanu\/biciklisticke-staze\/"]}]},{"@type":"ImageObject","inLanguage":"de","@id":"https:\/\/visitkastav-klana.hr\/dozivi-klanu\/biciklisticke-staze\/#primaryimage","url":"https:\/\/visitkastav-klana.hr\/wp-content\/uploads\/2025\/09\/bicikli.jpg","contentUrl":"https:\/\/visitkastav-klana.hr\/wp-content\/uploads\/2025\/09\/bicikli.jpg"},{"@type":"BreadcrumbList","@id":"https:\/\/visitkastav-klana.hr\/dozivi-klanu\/biciklisticke-staze\/#breadcrumb","itemListElement":[{"@type":"ListItem","position":1,"name":"Po\u010detna stranica","item":"https:\/\/visitkastav-klana.hr\/"},{"@type":"ListItem","position":2,"name":"Erleben Sie Klana","item":"https:\/\/visitkastav-klana.hr\/dozivi-klanu\/"},{"@type":"ListItem","position":3,"name":"Fahrradwege"}]},{"@type":"WebSite","@id":"https:\/\/visitkastav-klana.hr\/en\/#website","url":"https:\/\/visitkastav-klana.hr\/en\/","name":"Visit Kastav","description":"Turisti\u010dka zajednica Grada Kastva","publisher":{"@id":"https:\/\/visitkastav-klana.hr\/en\/#organization"},"alternateName":"Visit Kastav","potentialAction":[{"@type":"SearchAction","target":{"@type":"EntryPoint","urlTemplate":"https:\/\/visitkastav-klana.hr\/en\/?s={search_term_string}"},"query-input":{"@type":"PropertyValueSpecification","valueRequired":true,"valueName":"search_term_string"}}],"inLanguage":"de"},{"@type":"Organization","@id":"https:\/\/visitkastav-klana.hr\/en\/#organization","name":"Turisti\u010dka zajadnica grada Kastva","url":"https:\/\/visitkastav-klana.hr\/en\/","logo":{"@type":"ImageObject","inLanguage":"de","@id":"https:\/\/visitkastav-klana.hr\/en\/#\/schema\/logo\/image\/","url":"https:\/\/visitkastav-klana.hr\/wp-content\/uploads\/2021\/03\/logo-tz-kastav1.png","contentUrl":"https:\/\/visitkastav-klana.hr\/wp-content\/uploads\/2021\/03\/logo-tz-kastav1.png","width":400,"height":347,"caption":"Turisti\u010dka zajadnica grada Kastva"},"image":{"@id":"https:\/\/visitkastav-klana.hr\/en\/#\/schema\/logo\/image\/"},"sameAs":["https:\/\/www.facebook.com\/visitkastav\/","https:\/\/www.youtube.com\/user\/tzgradakastva"]}]}},"_links":{"self":[{"href":"https:\/\/visitkastav-klana.hr\/de\/wp-json\/wp\/v2\/pages\/9961"}],"collection":[{"href":"https:\/\/visitkastav-klana.hr\/de\/wp-json\/wp\/v2\/pages"}],"about":[{"href":"https:\/\/visitkastav-klana.hr\/de\/wp-json\/wp\/v2\/types\/page"}],"author":[{"embeddable":true,"href":"https:\/\/visitkastav-klana.hr\/de\/wp-json\/wp\/v2\/users\/1"}],"replies":[{"embeddable":true,"href":"https:\/\/visitkastav-klana.hr\/de\/wp-json\/wp\/v2\/comments?post=9961"}],"version-history":[{"count":1,"href":"https:\/\/visitkastav-klana.hr\/de\/wp-json\/wp\/v2\/pages\/9961\/revisions"}],"predecessor-version":[{"id":9962,"href":"https:\/\/visitkastav-klana.hr\/de\/wp-json\/wp\/v2\/pages\/9961\/revisions\/9962"}],"up":[{"embeddable":true,"href":"https:\/\/visitkastav-klana.hr\/de\/wp-json\/wp\/v2\/pages\/9955"}],"wp:attachment":[{"href":"https:\/\/visitkastav-klana.hr\/de\/wp-json\/wp\/v2\/media?parent=9961"}],"curies":[{"name":"wp","href":"https:\/\/api.w.org\/{rel}","templated":true}]}}