{"id":9976,"date":"2025-09-08T09:43:16","date_gmt":"2025-09-08T09:43:16","guid":{"rendered":"https:\/\/visitkastav-klana.hr\/erleben-sie-klana\/markierte-wanderwege\/"},"modified":"2025-09-24T10:35:21","modified_gmt":"2025-09-24T10:35:21","slug":"markierte-wanderwege","status":"publish","type":"page","link":"https:\/\/visitkastav-klana.hr\/de\/erleben-sie-klana\/markierte-wanderwege\/","title":{"rendered":"Markierte Wanderwege"},"content":{"rendered":"\t\t<div data-elementor-type=\"wp-page\" data-elementor-id=\"9976\" class=\"elementor elementor-9976 elementor-9755\">\n\t\t\t\t\t\t<section class=\"has_ae_slider elementor-section elementor-top-section elementor-element elementor-element-28000f27 elementor-section-boxed elementor-section-height-default elementor-section-height-default ae-bg-gallery-type-default\" data-id=\"28000f27\" data-element_type=\"section\" data-settings=\"{&quot;background_background&quot;:&quot;classic&quot;}\">\n\t\t\t\t\t\t\t<div class=\"elementor-background-overlay\"><\/div>\n\t\t\t\t\t\t\t<div class=\"elementor-container elementor-column-gap-default\">\n\t\t\t\t\t<div class=\"has_ae_slider elementor-column elementor-col-100 elementor-top-column elementor-element elementor-element-5b8fc311 ae-bg-gallery-type-default\" data-id=\"5b8fc311\" data-element_type=\"column\" data-settings=\"{&quot;background_background&quot;:&quot;classic&quot;}\">\n\t\t\t<div class=\"elementor-widget-wrap elementor-element-populated\">\n\t\t\t\t\t\t<div class=\"elementor-element elementor-element-44e95e5e elementor-widget elementor-widget-heading\" data-id=\"44e95e5e\" data-element_type=\"widget\" data-widget_type=\"heading.default\">\n\t\t\t\t<div class=\"elementor-widget-container\">\n\t\t\t<h2 class=\"elementor-heading-title elementor-size-default\">Markierte Wanderwege<\/h2>\t\t<\/div>\n\t\t\t\t<\/div>\n\t\t\t\t<div class=\"elementor-element elementor-element-ebe6ec7 elementor-widget elementor-widget-heading\" data-id=\"ebe6ec7\" data-element_type=\"widget\" data-widget_type=\"heading.default\">\n\t\t\t\t<div class=\"elementor-widget-container\">\n\t\t\t<span class=\"elementor-heading-title elementor-size-default\"><a href=\"https:\/\/visitkastav-klana.hr\/de\/sehenswuerdigkeiten\/\">Untersuchen Klana<\/a><\/span>\t\t<\/div>\n\t\t\t\t<\/div>\n\t\t\t\t\t<\/div>\n\t\t<\/div>\n\t\t\t\t\t<\/div>\n\t\t<\/section>\n\t\t\t\t<section class=\"has_ae_slider elementor-section elementor-top-section elementor-element elementor-element-788d5712 elementor-section-boxed elementor-section-height-default elementor-section-height-default ae-bg-gallery-type-default\" data-id=\"788d5712\" data-element_type=\"section\">\n\t\t\t\t\t\t<div class=\"elementor-container elementor-column-gap-default\">\n\t\t\t\t\t<div class=\"has_ae_slider elementor-column elementor-col-66 elementor-top-column elementor-element elementor-element-2ff82b7d ae-bg-gallery-type-default\" data-id=\"2ff82b7d\" data-element_type=\"column\" data-settings=\"{&quot;background_background&quot;:&quot;classic&quot;}\">\n\t\t\t<div class=\"elementor-widget-wrap elementor-element-populated\">\n\t\t\t\t\t\t<div class=\"elementor-element elementor-element-4275ecd2 elementor-widget elementor-widget-image\" data-id=\"4275ecd2\" data-element_type=\"widget\" data-widget_type=\"image.default\">\n\t\t\t\t<div class=\"elementor-widget-container\">\n\t\t\t\t\t\t\t\t\t\t\t\t\t<img fetchpriority=\"high\" decoding=\"async\" width=\"1200\" height=\"850\" src=\"https:\/\/visitkastav-klana.hr\/wp-content\/uploads\/2025\/09\/obilaznicaveca.jpg\" class=\"attachment-full size-full wp-image-9758\" alt=\"\" srcset=\"https:\/\/visitkastav-klana.hr\/wp-content\/uploads\/2025\/09\/obilaznicaveca.jpg 1200w, https:\/\/visitkastav-klana.hr\/wp-content\/uploads\/2025\/09\/obilaznicaveca-300x213.jpg 300w, https:\/\/visitkastav-klana.hr\/wp-content\/uploads\/2025\/09\/obilaznicaveca-1024x725.jpg 1024w, https:\/\/visitkastav-klana.hr\/wp-content\/uploads\/2025\/09\/obilaznicaveca-768x544.jpg 768w\" sizes=\"(max-width: 1200px) 100vw, 1200px\" \/>\t\t\t\t\t\t\t\t\t\t\t\t\t<\/div>\n\t\t\t\t<\/div>\n\t\t\t\t<div class=\"elementor-element elementor-element-138a73d5 elementor-widget elementor-widget-text-editor\" data-id=\"138a73d5\" data-element_type=\"widget\" data-widget_type=\"text-editor.default\">\n\t\t\t\t<div class=\"elementor-widget-container\">\n\t\t\t\t\t\t\t<div style=\"margin-bottom: 20px;\">In der Region Klana gibt es insgesamt 13 markierte und gepflegte Wanderwege, die durch dichte W\u00e4lder und friedliche Wiesen zu malerischen Gipfeln und faszinierenden historischen St\u00e4tten f\u00fchren. Die Wanderwege varieren in L\u00e4nge und Schwierigkeitsgrad und eignen sich daher sowohl f\u00fcr Freizeitwanderer und Familien als auch f\u00fcr erfahrene Bergsteiger.<\/div>\r\n<div class=\"inner-page-box\">\r\n<h4 class=\"inner-page-box-title\">KLANA &#8211; GRADINA (KA\u0160TEL)<\/h4>\r\n<div class=\"inner-page-block-content\"><span class=\"difficulty\">(leicht, 15 min)<\/span>Asphaltstra\u00dfe Richtung Lisac, links abzweigen zu den \u00dcberresten einer mittelalterlichen Burg (628 m)\r\n\r\n<\/div>\r\n<\/div>\r\n<div class=\"inner-page-box\">\r\n<h4 class=\"inner-page-box-title\">LISAC \u2013 PLI\u0160<\/h4>\r\n<div class=\"inner-page-block-content\"><span class=\"difficulty\">(leicht, 1h)<\/span>Waldweg zur H\u00fctte \u201eRebar\u201c, nach 30 Minuten Gehzeit rechts abbiegen zum Pli\u0161\r\n\r\n<\/div>\r\n<\/div>\r\n<div class=\"inner-page-box\">\r\n<h4 class=\"inner-page-box-title\">LISAC \u2013 \u201eK\u00d6NIGIN DES WALDES\u201c<\/h4>\r\n<div class=\"inner-page-block-content\"><span class=\"difficulty\">(leicht, 1h)<\/span>Waldweg zur H\u00fctte \u201eRebar\u201c bis zur gesch\u00fctzten Buche, die als \u201eK\u00f6nigin des Waldes\u201c bekannt ist.\r\n<\/div>\r\n<\/div>\r\n<div class=\"inner-page-box\">\r\n<h4 class=\"inner-page-box-title\">LISAC \u2013 H\u00dcTTE \u201eREBAR\u201c<\/h4>\r\n<div class=\"inner-page-block-content\"><span class=\"difficulty\">(leicht, 2:15h)<\/span>Waldweg, nach 1 Stunde Gehzeit Buche \u201eK\u00f6nigin des Waldes\u201c, weiter auf dem gleichen Weg bis zur H\u00fctte \u201eRebar\u201c (730 m) Schutz- und Rastplatz \u2013 Stra\u00dfenw\u00e4rterhaus aus dem 18. Jahrhundert\r\n\r\n<\/div>\r\n<\/div>\r\n<div class=\"inner-page-box\">\r\n<h4 class=\"inner-page-box-title\">GUMANCE \u2013 TRSTENIK<\/h4>\r\n<div class=\"inner-page-block-content\"><span class=\"difficulty\">(leicht, 1h)<\/span>Waldweg bis zum Trstenik-Tal (960 m), Wasserquelle\r\n<\/div>\r\n<\/div>\r\n<div class=\"inner-page-box\">\r\n<h4 class=\"inner-page-box-title\">STUDENA \u2013 R\u00d6MISCHER MAUER<\/h4>\r\n<div class=\"inner-page-block-content\"><span class=\"difficulty\">(leicht, 1h)<\/span>Asphaltstra\u00dfe Richtung Klana, rechts markierter Weg Richtung Obru\u010d zu den \u00dcberresten der r\u00f6mischen Mauer (Liburnischer Limes) aus dem 3. und 4. Jahrhundert (596 m)\r\n<\/div>\r\n<\/div>\r\n<div class=\"inner-page-box\">\r\n<h4 class=\"inner-page-box-title\">KLANA &#8211; PLI\u0160<\/h4>\r\n<div class=\"inner-page-block-content\"><span class=\"difficulty\">(mittel anstrengend, , 2h)<\/span>Asphaltstra\u00dfe bis zur Siedlung Laze, dann Waldweg bis zum Aussichtsgipfel Pli\u0161 (933 m)\r\n<\/div>\r\n<\/div>\r\n<div class=\"inner-page-box\">\r\n<h4 class=\"inner-page-box-title\">H\u00dcTTE \u201eREBAR\u201c \u2013 GUMANCE<\/h4>\r\n<div class=\"inner-page-block-content\"><span class=\"difficulty\">(mittel anstrengend, 30 min)<\/span>Alter Waldweg zur Hochebene Gumance (920 m)\r\n\r\n<\/div>\r\n<\/div>\r\n<div class=\"inner-page-box\">\r\n<h4 class=\"inner-page-box-title\">TRSTENIK \u2013 OBRU\u010c<\/h4>\r\n<div class=\"inner-page-block-content\"><span class=\"difficulty\">(mittel anstrengend, 2:15 h)<\/span>Waldstra\u00dfe Richtung Platak, rechts Waldweg zum Obru\u010d (1377 m)\r\n\r\n<\/div>\r\n<\/div>\r\n<div class=\"inner-page-box\">\r\n<h4 class=\"inner-page-box-title\">TRSTENIK \u2013 OBRU\u010c<\/h4>\r\n<div class=\"inner-page-block-content\"><span class=\"difficulty\">(mittel anstrengend, 4 h)<\/span>Asphaltstra\u00dfe Richtung Klana, rechts Waldweg zur Schutzh\u00fctte Ravno an den \u00dcberresten der r\u00f6mischen Mauer, weiter Waldweg zum Obru\u010d (1377 m)\r\n<\/div>\r\n<\/div>\r\n<div class=\"inner-page-box\">\r\n<h4 class=\"inner-page-box-title\">OBRU\u010c \u2013 Bergh\u00fctte \u201eHAHLI\u0106I\u201c<\/h4>\r\n<div class=\"inner-page-block-content\"><span class=\"difficulty\">(mittel anstrengend, 1 h)<\/span>Markierter Weg zur Bergh\u00fctte \u201eHahli\u0107i\u201c\r\n\r\n<\/div>\r\n<\/div>\r\n<div class=\"inner-page-box\">\r\n<h4 class=\"inner-page-box-title\">STUDENA \u2013 Bergh\u00fctte \u201eHAHLI\u0106I\u201c<\/h4>\r\n<div class=\"inner-page-block-content\"><span class=\"difficulty\">(mittel anstrengend, , 3:45 h)<\/span>Markierter Weg Richtung Obru\u010d, nach 1:30 Std. Gehzeit rechts abbiegen zur Bergh\u00fctte \u201eHahli\u0107i\u201c (1112 m)\r\n\r\n<\/div>\r\n<\/div>\r\n<div class=\"inner-page-box\">\r\n<h4 class=\"inner-page-box-title\">GUMANCE \u2013 GUMANA\u010cKA<\/h4>\r\n<div class=\"inner-page-block-content\"><span class=\"difficulty\">(anstrengend, 20 min)<\/span>Links abzweigen zum Aussichtsgipfel Gumana\u010dka (1083 m)\r\n\r\n<\/div>\r\n<\/div>\t\t\t\t\t\t<\/div>\n\t\t\t\t<\/div>\n\t\t\t\t<div class=\"elementor-element elementor-element-4621d57f elementor-widget elementor-widget-heading\" data-id=\"4621d57f\" data-element_type=\"widget\" data-widget_type=\"heading.default\">\n\t\t\t\t<div class=\"elementor-widget-container\">\n\t\t\t<p class=\"elementor-heading-title elementor-size-default\">Share:<\/p>\t\t<\/div>\n\t\t\t\t<\/div>\n\t\t\t\t<div class=\"elementor-element elementor-element-2310184b elementor-share-buttons--view-icon elementor-share-buttons--align-left elementor-share-buttons--skin-gradient elementor-share-buttons--shape-square elementor-grid-0 elementor-share-buttons--color-official elementor-widget elementor-widget-share-buttons\" data-id=\"2310184b\" data-element_type=\"widget\" data-widget_type=\"share-buttons.default\">\n\t\t\t\t<div class=\"elementor-widget-container\">\n\t\t\t\t\t<div class=\"elementor-grid\">\n\t\t\t\t\t\t\t\t<div class=\"elementor-grid-item\">\n\t\t\t\t\t\t<div\n\t\t\t\t\t\t\tclass=\"elementor-share-btn elementor-share-btn_facebook\"\n\t\t\t\t\t\t\trole=\"button\"\n\t\t\t\t\t\t\ttabindex=\"0\"\n\t\t\t\t\t\t\taria-label=\"Teilen auf facebook\"\n\t\t\t\t\t\t>\n\t\t\t\t\t\t\t\t\t\t\t\t\t\t\t<span class=\"elementor-share-btn__icon\">\n\t\t\t\t\t\t\t\t<i class=\"fab fa-facebook\" aria-hidden=\"true\"><\/i>\t\t\t\t\t\t\t<\/span>\n\t\t\t\t\t\t\t\t\t\t\t\t\t\t\t\t\t\t\t\t<\/div>\n\t\t\t\t\t<\/div>\n\t\t\t\t\t\t\t\t\t<div class=\"elementor-grid-item\">\n\t\t\t\t\t\t<div\n\t\t\t\t\t\t\tclass=\"elementor-share-btn elementor-share-btn_twitter\"\n\t\t\t\t\t\t\trole=\"button\"\n\t\t\t\t\t\t\ttabindex=\"0\"\n\t\t\t\t\t\t\taria-label=\"Teilen auf twitter\"\n\t\t\t\t\t\t>\n\t\t\t\t\t\t\t\t\t\t\t\t\t\t\t<span class=\"elementor-share-btn__icon\">\n\t\t\t\t\t\t\t\t<i class=\"fab fa-twitter\" aria-hidden=\"true\"><\/i>\t\t\t\t\t\t\t<\/span>\n\t\t\t\t\t\t\t\t\t\t\t\t\t\t\t\t\t\t\t\t<\/div>\n\t\t\t\t\t<\/div>\n\t\t\t\t\t\t\t\t\t<div class=\"elementor-grid-item\">\n\t\t\t\t\t\t<div\n\t\t\t\t\t\t\tclass=\"elementor-share-btn elementor-share-btn_email\"\n\t\t\t\t\t\t\trole=\"button\"\n\t\t\t\t\t\t\ttabindex=\"0\"\n\t\t\t\t\t\t\taria-label=\"Teilen auf email\"\n\t\t\t\t\t\t>\n\t\t\t\t\t\t\t\t\t\t\t\t\t\t\t<span class=\"elementor-share-btn__icon\">\n\t\t\t\t\t\t\t\t<i class=\"fas fa-envelope\" aria-hidden=\"true\"><\/i>\t\t\t\t\t\t\t<\/span>\n\t\t\t\t\t\t\t\t\t\t\t\t\t\t\t\t\t\t\t\t<\/div>\n\t\t\t\t\t<\/div>\n\t\t\t\t\t\t\t\t\t<div class=\"elementor-grid-item\">\n\t\t\t\t\t\t<div\n\t\t\t\t\t\t\tclass=\"elementor-share-btn elementor-share-btn_whatsapp\"\n\t\t\t\t\t\t\trole=\"button\"\n\t\t\t\t\t\t\ttabindex=\"0\"\n\t\t\t\t\t\t\taria-label=\"Teilen auf whatsapp\"\n\t\t\t\t\t\t>\n\t\t\t\t\t\t\t\t\t\t\t\t\t\t\t<span class=\"elementor-share-btn__icon\">\n\t\t\t\t\t\t\t\t<i class=\"fab fa-whatsapp\" aria-hidden=\"true\"><\/i>\t\t\t\t\t\t\t<\/span>\n\t\t\t\t\t\t\t\t\t\t\t\t\t\t\t\t\t\t\t\t<\/div>\n\t\t\t\t\t<\/div>\n\t\t\t\t\t\t<\/div>\n\t\t\t\t<\/div>\n\t\t\t\t<\/div>\n\t\t\t\t\t<\/div>\n\t\t<\/div>\n\t\t\t\t<div class=\"has_ae_slider elementor-column elementor-col-33 elementor-top-column elementor-element elementor-element-5a137720 ae-bg-gallery-type-default\" data-id=\"5a137720\" data-element_type=\"column\" data-settings=\"{&quot;background_background&quot;:&quot;classic&quot;}\">\n\t\t\t<div class=\"elementor-widget-wrap elementor-element-populated\">\n\t\t\t\t\t\t<div class=\"elementor-element elementor-element-24cdc16 elementor-widget elementor-widget-sidebar\" data-id=\"24cdc16\" data-element_type=\"widget\" data-widget_type=\"sidebar.default\">\n\t\t\t\t<div class=\"elementor-widget-container\">\n\t\t\t<aside id=\"nav_menu-5\" class=\"widget widget_nav_menu\"><h2 class=\"widget-title\">Istra\u017eite<\/h2><div class=\"menu-nav-klana-info-de-container\"><ul id=\"menu-nav-klana-info-de\" class=\"menu\"><li id=\"menu-item-10073\" class=\"menu-item menu-item-type-post_type menu-item-object-page menu-item-10073\"><a href=\"https:\/\/visitkastav-klana.hr\/de\/erleben-sie-klana\/\">Erleben Sie Klana<\/a><\/li>\n<li id=\"menu-item-10074\" class=\"menu-item menu-item-type-post_type menu-item-object-page menu-item-10074\"><a href=\"https:\/\/visitkastav-klana.hr\/de\/erleben-sie-klana\/jagdtourismus\/\">Jagdtourismus<\/a><\/li>\n<li id=\"menu-item-10075\" class=\"menu-item menu-item-type-post_type menu-item-object-setnica menu-item-10075\"><a href=\"https:\/\/visitkastav-klana.hr\/de\/setnica\/wanderweg-klana-kastav\/\">Wanderweg Klana \u2013 Kastav<\/a><\/li>\n<li id=\"menu-item-10076\" class=\"menu-item menu-item-type-post_type menu-item-object-page menu-item-10076\"><a href=\"https:\/\/visitkastav-klana.hr\/de\/erleben-sie-klana\/markierte-wanderwege\/\">Markierte Wanderwege<\/a><\/li>\n<li id=\"menu-item-10077\" class=\"menu-item menu-item-type-post_type menu-item-object-page menu-item-10077\"><a href=\"https:\/\/visitkastav-klana.hr\/de\/erleben-sie-klana\/fahrradwege\/\">Fahrradwege<\/a><\/li>\n<li id=\"menu-item-10083\" class=\"menu-item menu-item-type-post_type menu-item-object-page menu-item-10083\"><a href=\"https:\/\/visitkastav-klana.hr\/de\/erleben-sie-klana\/sehenswuerdigkeiten\/\">Sehensw\u00fcrdigkeiten<\/a><\/li>\n<\/ul><\/div><\/aside>\t\t<\/div>\n\t\t\t\t<\/div>\n\t\t\t\t<div class=\"elementor-element elementor-element-4e6a93cf elementor-widget elementor-widget-image\" data-id=\"4e6a93cf\" data-element_type=\"widget\" data-widget_type=\"image.default\">\n\t\t\t\t<div class=\"elementor-widget-container\">\n\t\t\t\t\t\t\t\t\t\t\t\t\t\t<a href=\"\/wp-content\/uploads\/2023\/02\/KASTAV_BROSURA_KOREKCIJE_FINAL_GER_2022.pdf\">\n\t\t\t\t\t\t\t<img decoding=\"async\" width=\"364\" height=\"503\" src=\"https:\/\/visitkastav-klana.hr\/wp-content\/uploads\/2022\/08\/brosura-tz-kastav-HR.jpg\" class=\"attachment-full size-full wp-image-1540\" alt=\"\" srcset=\"https:\/\/visitkastav-klana.hr\/wp-content\/uploads\/2022\/08\/brosura-tz-kastav-HR.jpg 364w, https:\/\/visitkastav-klana.hr\/wp-content\/uploads\/2022\/08\/brosura-tz-kastav-HR-217x300.jpg 217w\" sizes=\"(max-width: 364px) 100vw, 364px\" \/>\t\t\t\t\t\t\t\t<\/a>\n\t\t\t\t\t\t\t\t\t\t\t\t\t<\/div>\n\t\t\t\t<\/div>\n\t\t\t\t\t<\/div>\n\t\t<\/div>\n\t\t\t\t\t<\/div>\n\t\t<\/section>\n\t\t\t\t<\/div>\n\t\t","protected":false},"excerpt":{"rendered":"<p>Markierte Wanderwege Untersuchen Klana In der Region Klana gibt es insgesamt 13 markierte und gepflegte Wanderwege, die durch dichte W\u00e4lder und friedliche Wiesen zu malerischen Gipfeln und faszinierenden historischen St\u00e4tten f\u00fchren. Die Wanderwege varieren in L\u00e4nge und Schwierigkeitsgrad und eignen sich daher sowohl f\u00fcr Freizeitwanderer und Familien als auch f\u00fcr erfahrene Bergsteiger. KLANA &#8211; GRADINA [&hellip;]<\/p>\n","protected":false},"author":1,"featured_media":0,"parent":9955,"menu_order":0,"comment_status":"closed","ping_status":"closed","template":"","meta":{"_acf_changed":false,"footnotes":""},"class_list":["post-9976","page","type-page","status-publish","hentry"],"acf":[],"yoast_head":"<!-- This site is optimized with the Yoast SEO plugin v23.8 - https:\/\/yoast.com\/wordpress\/plugins\/seo\/ -->\n<title>Markierte Wanderwege - Visit Kastav<\/title>\n<meta name=\"robots\" content=\"index, follow, max-snippet:-1, max-image-preview:large, max-video-preview:-1\" \/>\n<link rel=\"canonical\" href=\"https:\/\/visitkastav-klana.hr\/dozivi-klanu\/markirane-planinarske-staze\/\" \/>\n<meta property=\"og:locale\" content=\"de_DE\" \/>\n<meta property=\"og:type\" content=\"article\" \/>\n<meta property=\"og:title\" content=\"Markierte Wanderwege - Visit Kastav\" \/>\n<meta property=\"og:description\" content=\"Markierte Wanderwege Untersuchen Klana In der Region Klana gibt es insgesamt 13 markierte und gepflegte Wanderwege, die durch dichte W\u00e4lder und friedliche Wiesen zu malerischen Gipfeln und faszinierenden historischen St\u00e4tten f\u00fchren. Die Wanderwege varieren in L\u00e4nge und Schwierigkeitsgrad und eignen sich daher sowohl f\u00fcr Freizeitwanderer und Familien als auch f\u00fcr erfahrene Bergsteiger. KLANA &#8211; GRADINA [&hellip;]\" \/>\n<meta property=\"og:url\" content=\"https:\/\/visitkastav-klana.hr\/dozivi-klanu\/markirane-planinarske-staze\/\" \/>\n<meta property=\"og:site_name\" content=\"Visit Kastav\" \/>\n<meta property=\"article:publisher\" content=\"https:\/\/www.facebook.com\/visitkastav\/\" \/>\n<meta property=\"article:modified_time\" content=\"2025-09-24T10:35:21+00:00\" \/>\n<meta property=\"og:image\" content=\"https:\/\/visitkastav-klana.hr\/wp-content\/uploads\/2025\/09\/obilaznicaveca.jpg\" \/>\n\t<meta property=\"og:image:width\" content=\"1200\" \/>\n\t<meta property=\"og:image:height\" content=\"850\" \/>\n\t<meta property=\"og:image:type\" content=\"image\/jpeg\" \/>\n<meta name=\"twitter:card\" content=\"summary_large_image\" \/>\n<meta name=\"twitter:label1\" content=\"Gesch\u00e4tzte Lesezeit\" \/>\n\t<meta name=\"twitter:data1\" content=\"2 Minuten\" \/>\n<script type=\"application\/ld+json\" class=\"yoast-schema-graph\">{\"@context\":\"https:\/\/schema.org\",\"@graph\":[{\"@type\":\"WebPage\",\"@id\":\"https:\/\/visitkastav-klana.hr\/dozivi-klanu\/markirane-planinarske-staze\/\",\"url\":\"https:\/\/visitkastav-klana.hr\/dozivi-klanu\/markirane-planinarske-staze\/\",\"name\":\"Markierte Wanderwege - Visit Kastav\",\"isPartOf\":{\"@id\":\"https:\/\/visitkastav-klana.hr\/en\/#website\"},\"primaryImageOfPage\":{\"@id\":\"https:\/\/visitkastav-klana.hr\/dozivi-klanu\/markirane-planinarske-staze\/#primaryimage\"},\"image\":{\"@id\":\"https:\/\/visitkastav-klana.hr\/dozivi-klanu\/markirane-planinarske-staze\/#primaryimage\"},\"thumbnailUrl\":\"https:\/\/visitkastav-klana.hr\/wp-content\/uploads\/2025\/09\/obilaznicaveca.jpg\",\"datePublished\":\"2025-09-08T09:43:16+00:00\",\"dateModified\":\"2025-09-24T10:35:21+00:00\",\"breadcrumb\":{\"@id\":\"https:\/\/visitkastav-klana.hr\/dozivi-klanu\/markirane-planinarske-staze\/#breadcrumb\"},\"inLanguage\":\"de\",\"potentialAction\":[{\"@type\":\"ReadAction\",\"target\":[\"https:\/\/visitkastav-klana.hr\/dozivi-klanu\/markirane-planinarske-staze\/\"]}]},{\"@type\":\"ImageObject\",\"inLanguage\":\"de\",\"@id\":\"https:\/\/visitkastav-klana.hr\/dozivi-klanu\/markirane-planinarske-staze\/#primaryimage\",\"url\":\"https:\/\/visitkastav-klana.hr\/wp-content\/uploads\/2025\/09\/obilaznicaveca.jpg\",\"contentUrl\":\"https:\/\/visitkastav-klana.hr\/wp-content\/uploads\/2025\/09\/obilaznicaveca.jpg\"},{\"@type\":\"BreadcrumbList\",\"@id\":\"https:\/\/visitkastav-klana.hr\/dozivi-klanu\/markirane-planinarske-staze\/#breadcrumb\",\"itemListElement\":[{\"@type\":\"ListItem\",\"position\":1,\"name\":\"Po\u010detna stranica\",\"item\":\"https:\/\/visitkastav-klana.hr\/\"},{\"@type\":\"ListItem\",\"position\":2,\"name\":\"Erleben Sie Klana\",\"item\":\"https:\/\/visitkastav-klana.hr\/dozivi-klanu\/\"},{\"@type\":\"ListItem\",\"position\":3,\"name\":\"Markierte Wanderwege\"}]},{\"@type\":\"WebSite\",\"@id\":\"https:\/\/visitkastav-klana.hr\/en\/#website\",\"url\":\"https:\/\/visitkastav-klana.hr\/en\/\",\"name\":\"Visit Kastav\",\"description\":\"Turisti\u010dka zajednica Grada Kastva\",\"publisher\":{\"@id\":\"https:\/\/visitkastav-klana.hr\/en\/#organization\"},\"alternateName\":\"Visit Kastav\",\"potentialAction\":[{\"@type\":\"SearchAction\",\"target\":{\"@type\":\"EntryPoint\",\"urlTemplate\":\"https:\/\/visitkastav-klana.hr\/en\/?s={search_term_string}\"},\"query-input\":{\"@type\":\"PropertyValueSpecification\",\"valueRequired\":true,\"valueName\":\"search_term_string\"}}],\"inLanguage\":\"de\"},{\"@type\":\"Organization\",\"@id\":\"https:\/\/visitkastav-klana.hr\/en\/#organization\",\"name\":\"Turisti\u010dka zajadnica grada Kastva\",\"url\":\"https:\/\/visitkastav-klana.hr\/en\/\",\"logo\":{\"@type\":\"ImageObject\",\"inLanguage\":\"de\",\"@id\":\"https:\/\/visitkastav-klana.hr\/en\/#\/schema\/logo\/image\/\",\"url\":\"https:\/\/visitkastav-klana.hr\/wp-content\/uploads\/2021\/03\/logo-tz-kastav1.png\",\"contentUrl\":\"https:\/\/visitkastav-klana.hr\/wp-content\/uploads\/2021\/03\/logo-tz-kastav1.png\",\"width\":400,\"height\":347,\"caption\":\"Turisti\u010dka zajadnica grada Kastva\"},\"image\":{\"@id\":\"https:\/\/visitkastav-klana.hr\/en\/#\/schema\/logo\/image\/\"},\"sameAs\":[\"https:\/\/www.facebook.com\/visitkastav\/\",\"https:\/\/www.youtube.com\/user\/tzgradakastva\"]}]}<\/script>\n<!-- \/ Yoast SEO plugin. -->","yoast_head_json":{"title":"Markierte Wanderwege - Visit Kastav","robots":{"index":"index","follow":"follow","max-snippet":"max-snippet:-1","max-image-preview":"max-image-preview:large","max-video-preview":"max-video-preview:-1"},"canonical":"https:\/\/visitkastav-klana.hr\/dozivi-klanu\/markirane-planinarske-staze\/","og_locale":"de_DE","og_type":"article","og_title":"Markierte Wanderwege - Visit Kastav","og_description":"Markierte Wanderwege Untersuchen Klana In der Region Klana gibt es insgesamt 13 markierte und gepflegte Wanderwege, die durch dichte W\u00e4lder und friedliche Wiesen zu malerischen Gipfeln und faszinierenden historischen St\u00e4tten f\u00fchren. Die Wanderwege varieren in L\u00e4nge und Schwierigkeitsgrad und eignen sich daher sowohl f\u00fcr Freizeitwanderer und Familien als auch f\u00fcr erfahrene Bergsteiger. KLANA &#8211; GRADINA [&hellip;]","og_url":"https:\/\/visitkastav-klana.hr\/dozivi-klanu\/markirane-planinarske-staze\/","og_site_name":"Visit Kastav","article_publisher":"https:\/\/www.facebook.com\/visitkastav\/","article_modified_time":"2025-09-24T10:35:21+00:00","og_image":[{"width":1200,"height":850,"url":"https:\/\/visitkastav-klana.hr\/wp-content\/uploads\/2025\/09\/obilaznicaveca.jpg","type":"image\/jpeg"}],"twitter_card":"summary_large_image","twitter_misc":{"Gesch\u00e4tzte Lesezeit":"2 Minuten"},"schema":{"@context":"https:\/\/schema.org","@graph":[{"@type":"WebPage","@id":"https:\/\/visitkastav-klana.hr\/dozivi-klanu\/markirane-planinarske-staze\/","url":"https:\/\/visitkastav-klana.hr\/dozivi-klanu\/markirane-planinarske-staze\/","name":"Markierte Wanderwege - Visit Kastav","isPartOf":{"@id":"https:\/\/visitkastav-klana.hr\/en\/#website"},"primaryImageOfPage":{"@id":"https:\/\/visitkastav-klana.hr\/dozivi-klanu\/markirane-planinarske-staze\/#primaryimage"},"image":{"@id":"https:\/\/visitkastav-klana.hr\/dozivi-klanu\/markirane-planinarske-staze\/#primaryimage"},"thumbnailUrl":"https:\/\/visitkastav-klana.hr\/wp-content\/uploads\/2025\/09\/obilaznicaveca.jpg","datePublished":"2025-09-08T09:43:16+00:00","dateModified":"2025-09-24T10:35:21+00:00","breadcrumb":{"@id":"https:\/\/visitkastav-klana.hr\/dozivi-klanu\/markirane-planinarske-staze\/#breadcrumb"},"inLanguage":"de","potentialAction":[{"@type":"ReadAction","target":["https:\/\/visitkastav-klana.hr\/dozivi-klanu\/markirane-planinarske-staze\/"]}]},{"@type":"ImageObject","inLanguage":"de","@id":"https:\/\/visitkastav-klana.hr\/dozivi-klanu\/markirane-planinarske-staze\/#primaryimage","url":"https:\/\/visitkastav-klana.hr\/wp-content\/uploads\/2025\/09\/obilaznicaveca.jpg","contentUrl":"https:\/\/visitkastav-klana.hr\/wp-content\/uploads\/2025\/09\/obilaznicaveca.jpg"},{"@type":"BreadcrumbList","@id":"https:\/\/visitkastav-klana.hr\/dozivi-klanu\/markirane-planinarske-staze\/#breadcrumb","itemListElement":[{"@type":"ListItem","position":1,"name":"Po\u010detna stranica","item":"https:\/\/visitkastav-klana.hr\/"},{"@type":"ListItem","position":2,"name":"Erleben Sie Klana","item":"https:\/\/visitkastav-klana.hr\/dozivi-klanu\/"},{"@type":"ListItem","position":3,"name":"Markierte Wanderwege"}]},{"@type":"WebSite","@id":"https:\/\/visitkastav-klana.hr\/en\/#website","url":"https:\/\/visitkastav-klana.hr\/en\/","name":"Visit Kastav","description":"Turisti\u010dka zajednica Grada Kastva","publisher":{"@id":"https:\/\/visitkastav-klana.hr\/en\/#organization"},"alternateName":"Visit Kastav","potentialAction":[{"@type":"SearchAction","target":{"@type":"EntryPoint","urlTemplate":"https:\/\/visitkastav-klana.hr\/en\/?s={search_term_string}"},"query-input":{"@type":"PropertyValueSpecification","valueRequired":true,"valueName":"search_term_string"}}],"inLanguage":"de"},{"@type":"Organization","@id":"https:\/\/visitkastav-klana.hr\/en\/#organization","name":"Turisti\u010dka zajadnica grada Kastva","url":"https:\/\/visitkastav-klana.hr\/en\/","logo":{"@type":"ImageObject","inLanguage":"de","@id":"https:\/\/visitkastav-klana.hr\/en\/#\/schema\/logo\/image\/","url":"https:\/\/visitkastav-klana.hr\/wp-content\/uploads\/2021\/03\/logo-tz-kastav1.png","contentUrl":"https:\/\/visitkastav-klana.hr\/wp-content\/uploads\/2021\/03\/logo-tz-kastav1.png","width":400,"height":347,"caption":"Turisti\u010dka zajadnica grada Kastva"},"image":{"@id":"https:\/\/visitkastav-klana.hr\/en\/#\/schema\/logo\/image\/"},"sameAs":["https:\/\/www.facebook.com\/visitkastav\/","https:\/\/www.youtube.com\/user\/tzgradakastva"]}]}},"_links":{"self":[{"href":"https:\/\/visitkastav-klana.hr\/de\/wp-json\/wp\/v2\/pages\/9976"}],"collection":[{"href":"https:\/\/visitkastav-klana.hr\/de\/wp-json\/wp\/v2\/pages"}],"about":[{"href":"https:\/\/visitkastav-klana.hr\/de\/wp-json\/wp\/v2\/types\/page"}],"author":[{"embeddable":true,"href":"https:\/\/visitkastav-klana.hr\/de\/wp-json\/wp\/v2\/users\/1"}],"replies":[{"embeddable":true,"href":"https:\/\/visitkastav-klana.hr\/de\/wp-json\/wp\/v2\/comments?post=9976"}],"version-history":[{"count":1,"href":"https:\/\/visitkastav-klana.hr\/de\/wp-json\/wp\/v2\/pages\/9976\/revisions"}],"predecessor-version":[{"id":9977,"href":"https:\/\/visitkastav-klana.hr\/de\/wp-json\/wp\/v2\/pages\/9976\/revisions\/9977"}],"up":[{"embeddable":true,"href":"https:\/\/visitkastav-klana.hr\/de\/wp-json\/wp\/v2\/pages\/9955"}],"wp:attachment":[{"href":"https:\/\/visitkastav-klana.hr\/de\/wp-json\/wp\/v2\/media?parent=9976"}],"curies":[{"name":"wp","href":"https:\/\/api.w.org\/{rel}","templated":true}]}}