{"id":3614,"date":"2022-09-05T17:41:37","date_gmt":"2022-09-05T17:41:37","guid":{"rendered":"http:\/\/visitkastav.hr\/culture-and-art\/"},"modified":"2023-01-02T13:55:40","modified_gmt":"2023-01-02T13:55:40","slug":"culture-and-art","status":"publish","type":"page","link":"https:\/\/visitkastav-klana.hr\/en\/culture-and-art\/","title":{"rendered":"Culture and art"},"content":{"rendered":"\t\t<div data-elementor-type=\"wp-page\" data-elementor-id=\"3614\" class=\"elementor elementor-3614 elementor-1507\">\n\t\t\t\t\t\t<section class=\"has_ae_slider elementor-section elementor-top-section elementor-element elementor-element-1a50d710 elementor-section-height-min-height elementor-section-content-middle elementor-section-boxed elementor-section-height-default elementor-section-items-middle ae-bg-gallery-type-default\" data-id=\"1a50d710\" data-element_type=\"section\" data-settings=\"{&quot;background_background&quot;:&quot;classic&quot;}\">\n\t\t\t\t\t\t\t<div class=\"elementor-background-overlay\"><\/div>\n\t\t\t\t\t\t\t<div class=\"elementor-container elementor-column-gap-extended\">\n\t\t\t\t\t<div class=\"has_ae_slider elementor-column elementor-col-100 elementor-top-column elementor-element elementor-element-16acbcb6 ae-bg-gallery-type-default\" data-id=\"16acbcb6\" data-element_type=\"column\">\n\t\t\t<div class=\"elementor-widget-wrap elementor-element-populated\">\n\t\t\t\t\t\t<section class=\"has_ae_slider elementor-section elementor-inner-section elementor-element elementor-element-73a38e76 elementor-section-boxed elementor-section-height-default elementor-section-height-default ae-bg-gallery-type-default elementor-invisible\" data-id=\"73a38e76\" data-element_type=\"section\" data-settings=\"{&quot;animation&quot;:&quot;fadeIn&quot;}\">\n\t\t\t\t\t\t<div class=\"elementor-container elementor-column-gap-default\">\n\t\t\t\t\t<div class=\"has_ae_slider elementor-column elementor-col-100 elementor-inner-column elementor-element elementor-element-150cb16a ae-bg-gallery-type-default\" data-id=\"150cb16a\" data-element_type=\"column\">\n\t\t\t<div class=\"elementor-widget-wrap elementor-element-populated\">\n\t\t\t\t\t\t<div class=\"elementor-element elementor-element-fbd892e elementor-widget elementor-widget-heading\" data-id=\"fbd892e\" data-element_type=\"widget\" data-widget_type=\"heading.default\">\n\t\t\t\t<div class=\"elementor-widget-container\">\n\t\t\t<h2 class=\"elementor-heading-title elementor-size-default\">Explore<\/h2>\t\t<\/div>\n\t\t\t\t<\/div>\n\t\t\t\t<div class=\"elementor-element elementor-element-2dff1907 elementor-widget elementor-widget-heading\" data-id=\"2dff1907\" data-element_type=\"widget\" data-widget_type=\"heading.default\">\n\t\t\t\t<div class=\"elementor-widget-container\">\n\t\t\t<h2 class=\"elementor-heading-title elementor-size-default\">Culture, art<\/h2>\t\t<\/div>\n\t\t\t\t<\/div>\n\t\t\t\t<div class=\"elementor-element elementor-element-43cfd6fa custom-bread elementor-widget elementor-widget-html\" data-id=\"43cfd6fa\" data-element_type=\"widget\" data-widget_type=\"html.default\">\n\t\t\t\t<div class=\"elementor-widget-container\">\n\t\t\t<a href=\"#\">Home<\/a> | Culture &amp; art\t\t<\/div>\n\t\t\t\t<\/div>\n\t\t\t\t\t<\/div>\n\t\t<\/div>\n\t\t\t\t\t<\/div>\n\t\t<\/section>\n\t\t\t\t\t<\/div>\n\t\t<\/div>\n\t\t\t\t\t<\/div>\n\t\t<\/section>\n\t\t\t\t<section class=\"has_ae_slider elementor-section elementor-top-section elementor-element elementor-element-7d4f2b01 elementor-section-boxed elementor-section-height-default elementor-section-height-default ae-bg-gallery-type-default\" data-id=\"7d4f2b01\" data-element_type=\"section\" data-settings=\"{&quot;background_background&quot;:&quot;classic&quot;}\">\n\t\t\t\t\t\t<div class=\"elementor-container elementor-column-gap-default\">\n\t\t\t\t\t<div class=\"has_ae_slider elementor-column elementor-col-50 elementor-top-column elementor-element elementor-element-a29eb4a ae-bg-gallery-type-default\" data-id=\"a29eb4a\" data-element_type=\"column\">\n\t\t\t<div class=\"elementor-widget-wrap elementor-element-populated\">\n\t\t\t\t\t\t<div class=\"elementor-element elementor-element-5e2b380 elementor-grid-2 elementor-grid-tablet-2 elementor-grid-mobile-1 elementor-posts--thumbnail-top elementor-widget elementor-widget-posts\" data-id=\"5e2b380\" data-element_type=\"widget\" data-settings=\"{&quot;classic_columns&quot;:&quot;2&quot;,&quot;classic_columns_tablet&quot;:&quot;2&quot;,&quot;classic_columns_mobile&quot;:&quot;1&quot;,&quot;classic_row_gap&quot;:{&quot;unit&quot;:&quot;px&quot;,&quot;size&quot;:35,&quot;sizes&quot;:[]},&quot;classic_row_gap_tablet&quot;:{&quot;unit&quot;:&quot;px&quot;,&quot;size&quot;:&quot;&quot;,&quot;sizes&quot;:[]},&quot;classic_row_gap_mobile&quot;:{&quot;unit&quot;:&quot;px&quot;,&quot;size&quot;:&quot;&quot;,&quot;sizes&quot;:[]}}\" data-widget_type=\"posts.classic\">\n\t\t\t\t<div class=\"elementor-widget-container\">\n\t\t\t\t\t<div class=\"elementor-posts-container elementor-posts elementor-posts--skin-classic elementor-grid\">\n\t\t\t\t<article class=\"elementor-post elementor-grid-item post-3848 kulturna_jedinica type-kulturna_jedinica status-publish has-post-thumbnail hentry\">\n\t\t\t\t<a class=\"elementor-post__thumbnail__link\" href=\"https:\/\/visitkastav-klana.hr\/en\/kulturna_jedinica\/the-kastav-museum-collection\/\" >\n\t\t\t<div class=\"elementor-post__thumbnail\"><img fetchpriority=\"high\" decoding=\"async\" width=\"800\" height=\"534\" src=\"https:\/\/visitkastav-klana.hr\/wp-content\/uploads\/2022\/09\/muzejska-zbirka-1024x683.jpg\" class=\"attachment-large size-large wp-image-2912\" alt=\"\" srcset=\"https:\/\/visitkastav-klana.hr\/wp-content\/uploads\/2022\/09\/muzejska-zbirka-1024x683.jpg 1024w, https:\/\/visitkastav-klana.hr\/wp-content\/uploads\/2022\/09\/muzejska-zbirka-300x200.jpg 300w, https:\/\/visitkastav-klana.hr\/wp-content\/uploads\/2022\/09\/muzejska-zbirka-768x512.jpg 768w, https:\/\/visitkastav-klana.hr\/wp-content\/uploads\/2022\/09\/muzejska-zbirka-391x260.jpg 391w, https:\/\/visitkastav-klana.hr\/wp-content\/uploads\/2022\/09\/muzejska-zbirka.jpg 1200w\" sizes=\"(max-width: 800px) 100vw, 800px\" \/><\/div>\n\t\t<\/a>\n\t\t\t\t<div class=\"elementor-post__text\">\n\t\t\t\t<h3 class=\"elementor-post__title\">\n\t\t\t<a href=\"https:\/\/visitkastav-klana.hr\/en\/kulturna_jedinica\/the-kastav-museum-collection\/\" >\n\t\t\t\tKastav Museum Collection\t\t\t<\/a>\n\t\t<\/h3>\n\t\t\t\t<div class=\"elementor-post__excerpt\">\n\t\t\t<p>The museum collection of Kastav\u0161tina is a separate collection of the Maritime and Historical Museum of the Croatian Coast in Rijeka.<\/p>\n\t\t<\/div>\n\t\t\n\t\t<a class=\"elementor-post__read-more\" href=\"https:\/\/visitkastav-klana.hr\/en\/kulturna_jedinica\/the-kastav-museum-collection\/\" aria-label=\"Read more about Kastav Museum Collection\" >\n\t\t\tRead more \u00bb\t\t<\/a>\n\n\t\t\t\t<\/div>\n\t\t\t\t<\/article>\n\t\t\t\t<article class=\"elementor-post elementor-grid-item post-3851 kulturna_jedinica type-kulturna_jedinica status-publish has-post-thumbnail hentry\">\n\t\t\t\t<a class=\"elementor-post__thumbnail__link\" href=\"https:\/\/visitkastav-klana.hr\/en\/kulturna_jedinica\/the-house-of-belica\/\" >\n\t\t\t<div class=\"elementor-post__thumbnail\"><img decoding=\"async\" width=\"800\" height=\"540\" src=\"https:\/\/visitkastav-klana.hr\/wp-content\/uploads\/2022\/09\/kuca-belice1-1024x691.jpg\" class=\"attachment-large size-large wp-image-2984\" alt=\"\" srcset=\"https:\/\/visitkastav-klana.hr\/wp-content\/uploads\/2022\/09\/kuca-belice1-1024x691.jpg 1024w, https:\/\/visitkastav-klana.hr\/wp-content\/uploads\/2022\/09\/kuca-belice1-300x202.jpg 300w, https:\/\/visitkastav-klana.hr\/wp-content\/uploads\/2022\/09\/kuca-belice1-768x518.jpg 768w, https:\/\/visitkastav-klana.hr\/wp-content\/uploads\/2022\/09\/kuca-belice1.jpg 1500w\" sizes=\"(max-width: 800px) 100vw, 800px\" \/><\/div>\n\t\t<\/a>\n\t\t\t\t<div class=\"elementor-post__text\">\n\t\t\t\t<h3 class=\"elementor-post__title\">\n\t\t\t<a href=\"https:\/\/visitkastav-klana.hr\/en\/kulturna_jedinica\/the-house-of-belica\/\" >\n\t\t\t\tThe House of Belica\t\t\t<\/a>\n\t\t<\/h3>\n\t\t\t\t<div class=\"elementor-post__excerpt\">\n\t\t\t<p>The interpretation center of the Belica houses in the old city center brings visitors closer to the winemaking, viticulture and cellar traditions of Kastav\u0161tina.<\/p>\n\t\t<\/div>\n\t\t\n\t\t<a class=\"elementor-post__read-more\" href=\"https:\/\/visitkastav-klana.hr\/en\/kulturna_jedinica\/the-house-of-belica\/\" aria-label=\"Read more about The House of Belica\" >\n\t\t\tRead more \u00bb\t\t<\/a>\n\n\t\t\t\t<\/div>\n\t\t\t\t<\/article>\n\t\t\t\t<article class=\"elementor-post elementor-grid-item post-3854 kulturna_jedinica type-kulturna_jedinica status-publish has-post-thumbnail hentry\">\n\t\t\t\t<a class=\"elementor-post__thumbnail__link\" href=\"https:\/\/visitkastav-klana.hr\/en\/kulturna_jedinica\/the-kastav-speleogallery\/\" >\n\t\t\t<div class=\"elementor-post__thumbnail\"><img decoding=\"async\" width=\"800\" height=\"534\" src=\"https:\/\/visitkastav-klana.hr\/wp-content\/uploads\/2022\/09\/speleogalerija1.jpg\" class=\"attachment-large size-large wp-image-2999\" alt=\"\" srcset=\"https:\/\/visitkastav-klana.hr\/wp-content\/uploads\/2022\/09\/speleogalerija1.jpg 1024w, https:\/\/visitkastav-klana.hr\/wp-content\/uploads\/2022\/09\/speleogalerija1-300x200.jpg 300w, https:\/\/visitkastav-klana.hr\/wp-content\/uploads\/2022\/09\/speleogalerija1-768x512.jpg 768w, https:\/\/visitkastav-klana.hr\/wp-content\/uploads\/2022\/09\/speleogalerija1-391x260.jpg 391w\" sizes=\"(max-width: 800px) 100vw, 800px\" \/><\/div>\n\t\t<\/a>\n\t\t\t\t<div class=\"elementor-post__text\">\n\t\t\t\t<h3 class=\"elementor-post__title\">\n\t\t\t<a href=\"https:\/\/visitkastav-klana.hr\/en\/kulturna_jedinica\/the-kastav-speleogallery\/\" >\n\t\t\t\tThe Kastav Speleogallery\t\t\t<\/a>\n\t\t<\/h3>\n\t\t\t\t<div class=\"elementor-post__excerpt\">\n\t\t\t<p>The Kastav Speleogallery is located in the tower behind the Church of Saint Helena the Finder of the True Cross and the bell tower. This is a one-of-a-kind gallery and museum dedicated to caving and speleology in Croatia.<\/p>\n\t\t<\/div>\n\t\t\n\t\t<a class=\"elementor-post__read-more\" href=\"https:\/\/visitkastav-klana.hr\/en\/kulturna_jedinica\/the-kastav-speleogallery\/\" aria-label=\"Read more about The Kastav Speleogallery\" >\n\t\t\tRead more \u00bb\t\t<\/a>\n\n\t\t\t\t<\/div>\n\t\t\t\t<\/article>\n\t\t\t\t<article class=\"elementor-post elementor-grid-item post-3859 kulturna_jedinica type-kulturna_jedinica status-publish has-post-thumbnail hentry\">\n\t\t\t\t<a class=\"elementor-post__thumbnail__link\" href=\"https:\/\/visitkastav-klana.hr\/en\/kulturna_jedinica\/small-church-of-the-holy-trinity\/\" >\n\t\t\t<div class=\"elementor-post__thumbnail\"><img loading=\"lazy\" decoding=\"async\" width=\"800\" height=\"534\" src=\"https:\/\/visitkastav-klana.hr\/wp-content\/uploads\/2022\/09\/crkva-sv-trojice-1024x683.jpg\" class=\"attachment-large size-large wp-image-3020\" alt=\"\" srcset=\"https:\/\/visitkastav-klana.hr\/wp-content\/uploads\/2022\/09\/crkva-sv-trojice-1024x683.jpg 1024w, https:\/\/visitkastav-klana.hr\/wp-content\/uploads\/2022\/09\/crkva-sv-trojice-300x200.jpg 300w, https:\/\/visitkastav-klana.hr\/wp-content\/uploads\/2022\/09\/crkva-sv-trojice-768x513.jpg 768w, https:\/\/visitkastav-klana.hr\/wp-content\/uploads\/2022\/09\/crkva-sv-trojice-391x260.jpg 391w, https:\/\/visitkastav-klana.hr\/wp-content\/uploads\/2022\/09\/crkva-sv-trojice.jpg 1500w\" sizes=\"(max-width: 800px) 100vw, 800px\" \/><\/div>\n\t\t<\/a>\n\t\t\t\t<div class=\"elementor-post__text\">\n\t\t\t\t<h3 class=\"elementor-post__title\">\n\t\t\t<a href=\"https:\/\/visitkastav-klana.hr\/en\/kulturna_jedinica\/small-church-of-the-holy-trinity\/\" >\n\t\t\t\tSmall church of the Holy Trinity\t\t\t<\/a>\n\t\t<\/h3>\n\t\t\t\t<div class=\"elementor-post__excerpt\">\n\t\t\t<p>Trinity at Lokvina square in Kastav is a preserved cultural monument from the 15th century. <\/p>\n\t\t<\/div>\n\t\t\n\t\t<a class=\"elementor-post__read-more\" href=\"https:\/\/visitkastav-klana.hr\/en\/kulturna_jedinica\/small-church-of-the-holy-trinity\/\" aria-label=\"Read more about Small church of the Holy Trinity\" >\n\t\t\tRead more \u00bb\t\t<\/a>\n\n\t\t\t\t<\/div>\n\t\t\t\t<\/article>\n\t\t\t\t<article class=\"elementor-post elementor-grid-item post-3862 kulturna_jedinica type-kulturna_jedinica status-publish has-post-thumbnail hentry\">\n\t\t\t\t<a class=\"elementor-post__thumbnail__link\" href=\"https:\/\/visitkastav-klana.hr\/en\/kulturna_jedinica\/atelier-jantolek\/\" >\n\t\t\t<div class=\"elementor-post__thumbnail\"><img loading=\"lazy\" decoding=\"async\" width=\"800\" height=\"600\" src=\"https:\/\/visitkastav-klana.hr\/wp-content\/uploads\/2022\/09\/Atelier_Jantolek_Sasa_-TZ-grada-Kastva-1024x768.jpg\" class=\"attachment-large size-large wp-image-3014\" alt=\"\" srcset=\"https:\/\/visitkastav-klana.hr\/wp-content\/uploads\/2022\/09\/Atelier_Jantolek_Sasa_-TZ-grada-Kastva-1024x768.jpg 1024w, https:\/\/visitkastav-klana.hr\/wp-content\/uploads\/2022\/09\/Atelier_Jantolek_Sasa_-TZ-grada-Kastva-300x225.jpg 300w, https:\/\/visitkastav-klana.hr\/wp-content\/uploads\/2022\/09\/Atelier_Jantolek_Sasa_-TZ-grada-Kastva-768x576.jpg 768w, https:\/\/visitkastav-klana.hr\/wp-content\/uploads\/2022\/09\/Atelier_Jantolek_Sasa_-TZ-grada-Kastva.jpg 1500w\" sizes=\"(max-width: 800px) 100vw, 800px\" \/><\/div>\n\t\t<\/a>\n\t\t\t\t<div class=\"elementor-post__text\">\n\t\t\t\t<h3 class=\"elementor-post__title\">\n\t\t\t<a href=\"https:\/\/visitkastav-klana.hr\/en\/kulturna_jedinica\/atelier-jantolek\/\" >\n\t\t\t\tAtelier JANTOLEK\t\t\t<\/a>\n\t\t<\/h3>\n\t\t\t\t<div class=\"elementor-post__excerpt\">\n\t\t\t<p>Atelier Jantolek  opened on the 6th of June 2009 as the working space of the painter Sa\u0161a Jantolek and the ceramic sculptor Mladen Ivan\u010di\u0107, whose works are exhibited here throughout the year. <\/p>\n\t\t<\/div>\n\t\t\n\t\t<a class=\"elementor-post__read-more\" href=\"https:\/\/visitkastav-klana.hr\/en\/kulturna_jedinica\/atelier-jantolek\/\" aria-label=\"Read more about Atelier JANTOLEK\" >\n\t\t\tRead more \u00bb\t\t<\/a>\n\n\t\t\t\t<\/div>\n\t\t\t\t<\/article>\n\t\t\t\t<article class=\"elementor-post elementor-grid-item post-3865 kulturna_jedinica type-kulturna_jedinica status-publish has-post-thumbnail hentry\">\n\t\t\t\t<a class=\"elementor-post__thumbnail__link\" href=\"https:\/\/visitkastav-klana.hr\/en\/kulturna_jedinica\/atelier-pavic\/\" >\n\t\t\t<div class=\"elementor-post__thumbnail\"><img loading=\"lazy\" decoding=\"async\" width=\"800\" height=\"600\" src=\"https:\/\/visitkastav-klana.hr\/wp-content\/uploads\/2022\/09\/Atelier_Pavic-Zeljan_autor_Sasa_Brusic-1-1024x768.jpg\" class=\"attachment-large size-large wp-image-3008\" alt=\"\" srcset=\"https:\/\/visitkastav-klana.hr\/wp-content\/uploads\/2022\/09\/Atelier_Pavic-Zeljan_autor_Sasa_Brusic-1-1024x768.jpg 1024w, https:\/\/visitkastav-klana.hr\/wp-content\/uploads\/2022\/09\/Atelier_Pavic-Zeljan_autor_Sasa_Brusic-1-300x225.jpg 300w, https:\/\/visitkastav-klana.hr\/wp-content\/uploads\/2022\/09\/Atelier_Pavic-Zeljan_autor_Sasa_Brusic-1-768x576.jpg 768w, https:\/\/visitkastav-klana.hr\/wp-content\/uploads\/2022\/09\/Atelier_Pavic-Zeljan_autor_Sasa_Brusic-1.jpg 1500w\" sizes=\"(max-width: 800px) 100vw, 800px\" \/><\/div>\n\t\t<\/a>\n\t\t\t\t<div class=\"elementor-post__text\">\n\t\t\t\t<h3 class=\"elementor-post__title\">\n\t\t\t<a href=\"https:\/\/visitkastav-klana.hr\/en\/kulturna_jedinica\/atelier-pavic\/\" >\n\t\t\t\tAtelier PAVI\u0106\t\t\t<\/a>\n\t\t<\/h3>\n\t\t\t\t<div class=\"elementor-post__excerpt\">\n\t\t\t<p>Atelier PAVI\u0106 is the working and exhibiting space of the artist \u017deljan Pavi\u0107 from Kastav (born in 1952), who graduated in Visual Arts from the<\/p>\n\t\t<\/div>\n\t\t\n\t\t<a class=\"elementor-post__read-more\" href=\"https:\/\/visitkastav-klana.hr\/en\/kulturna_jedinica\/atelier-pavic\/\" aria-label=\"Read more about Atelier PAVI\u0106\" >\n\t\t\tRead more \u00bb\t\t<\/a>\n\n\t\t\t\t<\/div>\n\t\t\t\t<\/article>\n\t\t\t\t<\/div>\n\t\t\n\t\t\t\t<\/div>\n\t\t\t\t<\/div>\n\t\t\t\t\t<\/div>\n\t\t<\/div>\n\t\t\t\t<div class=\"has_ae_slider elementor-column elementor-col-50 elementor-top-column elementor-element elementor-element-9673488 ae-bg-gallery-type-default\" data-id=\"9673488\" data-element_type=\"column\">\n\t\t\t<div class=\"elementor-widget-wrap elementor-element-populated\">\n\t\t\t\t\t\t<div class=\"elementor-element elementor-element-616de33e elementor-widget elementor-widget-sidebar\" data-id=\"616de33e\" data-element_type=\"widget\" data-widget_type=\"sidebar.default\">\n\t\t\t\t<div class=\"elementor-widget-container\">\n\t\t\t<aside id=\"nav_menu-4\" class=\"widget widget_nav_menu\"><h2 class=\"widget-title\">Istra\u017eite<\/h2><div class=\"menu-nav-offer-info-engleski-container\"><ul id=\"menu-nav-offer-info-engleski\" class=\"menu\"><li id=\"menu-item-3941\" class=\"menu-item menu-item-type-post_type menu-item-object-page menu-item-3941\"><a href=\"https:\/\/visitkastav-klana.hr\/en\/sights\/\">Sights<\/a><\/li>\n<li id=\"menu-item-10065\" class=\"menu-item menu-item-type-post_type menu-item-object-page menu-item-10065\"><a href=\"https:\/\/visitkastav-klana.hr\/en\/culture-and-art\/\">Culture and art<\/a><\/li>\n<li id=\"menu-item-3942\" class=\"menu-item menu-item-type-post_type menu-item-object-page menu-item-3942\"><a href=\"https:\/\/visitkastav-klana.hr\/en\/accommodation\/\">Accommodation<\/a><\/li>\n<li id=\"menu-item-3943\" class=\"menu-item menu-item-type-post_type menu-item-object-page menu-item-3943\"><a href=\"https:\/\/visitkastav-klana.hr\/en\/restaurants-and-bars\/\">Restaurants and bars<\/a><\/li>\n<li id=\"menu-item-3944\" class=\"menu-item menu-item-type-custom menu-item-object-custom menu-item-3944\"><a href=\"\/dozivi-kastav\/outdoor-i-sport\/\">Rekreacija<\/a><\/li>\n<\/ul><\/div><\/aside>\t\t<\/div>\n\t\t\t\t<\/div>\n\t\t\t\t\t<\/div>\n\t\t<\/div>\n\t\t\t\t\t<\/div>\n\t\t<\/section>\n\t\t\t\t<\/div>\n\t\t","protected":false},"excerpt":{"rendered":"<p>Explore Culture, art Home | Culture &amp; art<\/p>\n","protected":false},"author":1,"featured_media":0,"parent":0,"menu_order":0,"comment_status":"closed","ping_status":"closed","template":"elementor_header_footer","meta":{"_acf_changed":false,"footnotes":""},"class_list":["post-3614","page","type-page","status-publish","hentry"],"acf":[],"yoast_head":"<!-- This site is optimized with the Yoast SEO plugin v23.8 - https:\/\/yoast.com\/wordpress\/plugins\/seo\/ -->\n<title>Culture and art - Visit Kastav<\/title>\n<meta name=\"robots\" content=\"index, follow, max-snippet:-1, max-image-preview:large, max-video-preview:-1\" \/>\n<link rel=\"canonical\" href=\"https:\/\/visitkastav-klana.hr\/en\/culture-and-art\/\" \/>\n<meta property=\"og:locale\" content=\"en_US\" \/>\n<meta property=\"og:type\" content=\"article\" \/>\n<meta property=\"og:title\" content=\"Culture and art - Visit Kastav\" \/>\n<meta property=\"og:description\" content=\"Explore Culture, art Home | Culture &amp; art\" \/>\n<meta property=\"og:url\" content=\"https:\/\/visitkastav-klana.hr\/en\/culture-and-art\/\" \/>\n<meta property=\"og:site_name\" content=\"Visit Kastav\" \/>\n<meta property=\"article:publisher\" content=\"https:\/\/www.facebook.com\/visitkastav\/\" \/>\n<meta property=\"article:modified_time\" content=\"2023-01-02T13:55:40+00:00\" \/>\n<meta property=\"og:image\" content=\"https:\/\/visitkastav-klana.hr\/wp-content\/uploads\/2023\/02\/hero-face.jpg\" \/>\n\t<meta property=\"og:image:width\" content=\"1300\" \/>\n\t<meta property=\"og:image:height\" content=\"698\" \/>\n\t<meta property=\"og:image:type\" content=\"image\/jpeg\" \/>\n<meta name=\"twitter:card\" content=\"summary_large_image\" \/>\n<script type=\"application\/ld+json\" class=\"yoast-schema-graph\">{\"@context\":\"https:\/\/schema.org\",\"@graph\":[{\"@type\":\"WebPage\",\"@id\":\"https:\/\/visitkastav-klana.hr\/en\/culture-and-art\/\",\"url\":\"https:\/\/visitkastav-klana.hr\/en\/culture-and-art\/\",\"name\":\"Culture and art - Visit Kastav\",\"isPartOf\":{\"@id\":\"https:\/\/visitkastav-klana.hr\/en\/#website\"},\"datePublished\":\"2022-09-05T17:41:37+00:00\",\"dateModified\":\"2023-01-02T13:55:40+00:00\",\"breadcrumb\":{\"@id\":\"https:\/\/visitkastav-klana.hr\/en\/culture-and-art\/#breadcrumb\"},\"inLanguage\":\"en-US\",\"potentialAction\":[{\"@type\":\"ReadAction\",\"target\":[\"https:\/\/visitkastav-klana.hr\/en\/culture-and-art\/\"]}]},{\"@type\":\"BreadcrumbList\",\"@id\":\"https:\/\/visitkastav-klana.hr\/en\/culture-and-art\/#breadcrumb\",\"itemListElement\":[{\"@type\":\"ListItem\",\"position\":1,\"name\":\"Po\u010detna stranica\",\"item\":\"https:\/\/visitkastav-klana.hr\/\"},{\"@type\":\"ListItem\",\"position\":2,\"name\":\"Culture and art\"}]},{\"@type\":\"WebSite\",\"@id\":\"https:\/\/visitkastav-klana.hr\/en\/#website\",\"url\":\"https:\/\/visitkastav-klana.hr\/en\/\",\"name\":\"Visit Kastav\",\"description\":\"Turisti\u010dka zajednica Grada Kastva\",\"publisher\":{\"@id\":\"https:\/\/visitkastav-klana.hr\/en\/#organization\"},\"alternateName\":\"Visit Kastav\",\"potentialAction\":[{\"@type\":\"SearchAction\",\"target\":{\"@type\":\"EntryPoint\",\"urlTemplate\":\"https:\/\/visitkastav-klana.hr\/en\/?s={search_term_string}\"},\"query-input\":{\"@type\":\"PropertyValueSpecification\",\"valueRequired\":true,\"valueName\":\"search_term_string\"}}],\"inLanguage\":\"en-US\"},{\"@type\":\"Organization\",\"@id\":\"https:\/\/visitkastav-klana.hr\/en\/#organization\",\"name\":\"Turisti\u010dka zajadnica grada Kastva\",\"url\":\"https:\/\/visitkastav-klana.hr\/en\/\",\"logo\":{\"@type\":\"ImageObject\",\"inLanguage\":\"en-US\",\"@id\":\"https:\/\/visitkastav-klana.hr\/en\/#\/schema\/logo\/image\/\",\"url\":\"https:\/\/visitkastav-klana.hr\/wp-content\/uploads\/2021\/03\/logo-tz-kastav1.png\",\"contentUrl\":\"https:\/\/visitkastav-klana.hr\/wp-content\/uploads\/2021\/03\/logo-tz-kastav1.png\",\"width\":400,\"height\":347,\"caption\":\"Turisti\u010dka zajadnica grada Kastva\"},\"image\":{\"@id\":\"https:\/\/visitkastav-klana.hr\/en\/#\/schema\/logo\/image\/\"},\"sameAs\":[\"https:\/\/www.facebook.com\/visitkastav\/\",\"https:\/\/www.youtube.com\/user\/tzgradakastva\"]}]}<\/script>\n<!-- \/ Yoast SEO plugin. -->","yoast_head_json":{"title":"Culture and art - Visit Kastav","robots":{"index":"index","follow":"follow","max-snippet":"max-snippet:-1","max-image-preview":"max-image-preview:large","max-video-preview":"max-video-preview:-1"},"canonical":"https:\/\/visitkastav-klana.hr\/en\/culture-and-art\/","og_locale":"en_US","og_type":"article","og_title":"Culture and art - Visit Kastav","og_description":"Explore Culture, art Home | Culture &amp; art","og_url":"https:\/\/visitkastav-klana.hr\/en\/culture-and-art\/","og_site_name":"Visit Kastav","article_publisher":"https:\/\/www.facebook.com\/visitkastav\/","article_modified_time":"2023-01-02T13:55:40+00:00","og_image":[{"width":1300,"height":698,"url":"https:\/\/visitkastav-klana.hr\/wp-content\/uploads\/2023\/02\/hero-face.jpg","type":"image\/jpeg"}],"twitter_card":"summary_large_image","schema":{"@context":"https:\/\/schema.org","@graph":[{"@type":"WebPage","@id":"https:\/\/visitkastav-klana.hr\/en\/culture-and-art\/","url":"https:\/\/visitkastav-klana.hr\/en\/culture-and-art\/","name":"Culture and art - Visit Kastav","isPartOf":{"@id":"https:\/\/visitkastav-klana.hr\/en\/#website"},"datePublished":"2022-09-05T17:41:37+00:00","dateModified":"2023-01-02T13:55:40+00:00","breadcrumb":{"@id":"https:\/\/visitkastav-klana.hr\/en\/culture-and-art\/#breadcrumb"},"inLanguage":"en-US","potentialAction":[{"@type":"ReadAction","target":["https:\/\/visitkastav-klana.hr\/en\/culture-and-art\/"]}]},{"@type":"BreadcrumbList","@id":"https:\/\/visitkastav-klana.hr\/en\/culture-and-art\/#breadcrumb","itemListElement":[{"@type":"ListItem","position":1,"name":"Po\u010detna stranica","item":"https:\/\/visitkastav-klana.hr\/"},{"@type":"ListItem","position":2,"name":"Culture and art"}]},{"@type":"WebSite","@id":"https:\/\/visitkastav-klana.hr\/en\/#website","url":"https:\/\/visitkastav-klana.hr\/en\/","name":"Visit Kastav","description":"Turisti\u010dka zajednica Grada Kastva","publisher":{"@id":"https:\/\/visitkastav-klana.hr\/en\/#organization"},"alternateName":"Visit Kastav","potentialAction":[{"@type":"SearchAction","target":{"@type":"EntryPoint","urlTemplate":"https:\/\/visitkastav-klana.hr\/en\/?s={search_term_string}"},"query-input":{"@type":"PropertyValueSpecification","valueRequired":true,"valueName":"search_term_string"}}],"inLanguage":"en-US"},{"@type":"Organization","@id":"https:\/\/visitkastav-klana.hr\/en\/#organization","name":"Turisti\u010dka zajadnica grada Kastva","url":"https:\/\/visitkastav-klana.hr\/en\/","logo":{"@type":"ImageObject","inLanguage":"en-US","@id":"https:\/\/visitkastav-klana.hr\/en\/#\/schema\/logo\/image\/","url":"https:\/\/visitkastav-klana.hr\/wp-content\/uploads\/2021\/03\/logo-tz-kastav1.png","contentUrl":"https:\/\/visitkastav-klana.hr\/wp-content\/uploads\/2021\/03\/logo-tz-kastav1.png","width":400,"height":347,"caption":"Turisti\u010dka zajadnica grada Kastva"},"image":{"@id":"https:\/\/visitkastav-klana.hr\/en\/#\/schema\/logo\/image\/"},"sameAs":["https:\/\/www.facebook.com\/visitkastav\/","https:\/\/www.youtube.com\/user\/tzgradakastva"]}]}},"_links":{"self":[{"href":"https:\/\/visitkastav-klana.hr\/en\/wp-json\/wp\/v2\/pages\/3614"}],"collection":[{"href":"https:\/\/visitkastav-klana.hr\/en\/wp-json\/wp\/v2\/pages"}],"about":[{"href":"https:\/\/visitkastav-klana.hr\/en\/wp-json\/wp\/v2\/types\/page"}],"author":[{"embeddable":true,"href":"https:\/\/visitkastav-klana.hr\/en\/wp-json\/wp\/v2\/users\/1"}],"replies":[{"embeddable":true,"href":"https:\/\/visitkastav-klana.hr\/en\/wp-json\/wp\/v2\/comments?post=3614"}],"version-history":[{"count":0,"href":"https:\/\/visitkastav-klana.hr\/en\/wp-json\/wp\/v2\/pages\/3614\/revisions"}],"wp:attachment":[{"href":"https:\/\/visitkastav-klana.hr\/en\/wp-json\/wp\/v2\/media?parent=3614"}],"curies":[{"name":"wp","href":"https:\/\/api.w.org\/{rel}","templated":true}]}}