{"id":10091,"date":"2023-03-24T09:26:49","date_gmt":"2023-03-24T09:26:49","guid":{"rendered":"https:\/\/visitkastav-klana.hr\/vacanza-attiva\/centro-sportivo-castua\/"},"modified":"2025-09-25T11:16:19","modified_gmt":"2025-09-25T11:16:19","slug":"centro-sportivo-castua","status":"publish","type":"page","link":"https:\/\/visitkastav-klana.hr\/it\/vacanza-attiva\/centro-sportivo-castua\/","title":{"rendered":"Centro sportivo Castua"},"content":{"rendered":"\t\t<div data-elementor-type=\"wp-page\" data-elementor-id=\"10091\" class=\"elementor elementor-10091 elementor-4414\">\n\t\t\t\t\t\t<section class=\"has_ae_slider elementor-section elementor-top-section elementor-element elementor-element-7717a288 elementor-section-height-min-height elementor-section-content-middle elementor-section-boxed elementor-section-height-default elementor-section-items-middle ae-bg-gallery-type-default\" data-id=\"7717a288\" data-element_type=\"section\" data-settings=\"{&quot;background_background&quot;:&quot;classic&quot;}\">\n\t\t\t\t\t\t\t<div class=\"elementor-background-overlay\"><\/div>\n\t\t\t\t\t\t\t<div class=\"elementor-container elementor-column-gap-extended\">\n\t\t\t\t\t<div class=\"has_ae_slider elementor-column elementor-col-100 elementor-top-column elementor-element elementor-element-59c5e81c ae-bg-gallery-type-default\" data-id=\"59c5e81c\" data-element_type=\"column\">\n\t\t\t<div class=\"elementor-widget-wrap elementor-element-populated\">\n\t\t\t\t\t\t<section class=\"has_ae_slider elementor-section elementor-inner-section elementor-element elementor-element-56f284ed elementor-section-boxed elementor-section-height-default elementor-section-height-default ae-bg-gallery-type-default elementor-invisible\" data-id=\"56f284ed\" data-element_type=\"section\" data-settings=\"{&quot;animation&quot;:&quot;fadeIn&quot;}\">\n\t\t\t\t\t\t<div class=\"elementor-container elementor-column-gap-default\">\n\t\t\t\t\t<div class=\"has_ae_slider elementor-column elementor-col-100 elementor-inner-column elementor-element elementor-element-5a410daa ae-bg-gallery-type-default\" data-id=\"5a410daa\" data-element_type=\"column\">\n\t\t\t<div class=\"elementor-widget-wrap elementor-element-populated\">\n\t\t\t\t\t\t<div class=\"elementor-element elementor-element-179ec372 elementor-widget elementor-widget-heading\" data-id=\"179ec372\" data-element_type=\"widget\" data-widget_type=\"heading.default\">\n\t\t\t\t<div class=\"elementor-widget-container\">\n\t\t\t<h2 class=\"elementor-heading-title elementor-size-default\">Centro sportivo Castua<\/h2>\t\t<\/div>\n\t\t\t\t<\/div>\n\t\t\t\t<div class=\"elementor-element elementor-element-74967d25 custom-bread elementor-widget elementor-widget-html\" data-id=\"74967d25\" data-element_type=\"widget\" data-widget_type=\"html.default\">\n\t\t\t\t<div class=\"elementor-widget-container\">\n\t\t\t<a href=\"#\">Home<\/a> | Outdoor\t\t<\/div>\n\t\t\t\t<\/div>\n\t\t\t\t\t<\/div>\n\t\t<\/div>\n\t\t\t\t\t<\/div>\n\t\t<\/section>\n\t\t\t\t\t<\/div>\n\t\t<\/div>\n\t\t\t\t\t<\/div>\n\t\t<\/section>\n\t\t\t\t<section class=\"has_ae_slider elementor-section elementor-top-section elementor-element elementor-element-a63dd65 elementor-section-boxed elementor-section-height-default elementor-section-height-default ae-bg-gallery-type-default elementor-invisible\" data-id=\"a63dd65\" data-element_type=\"section\" id=\"setnice\" data-settings=\"{&quot;animation&quot;:&quot;fadeIn&quot;}\">\n\t\t\t\t\t\t<div class=\"elementor-container elementor-column-gap-default\">\n\t\t\t\t\t<div class=\"has_ae_slider elementor-column elementor-col-50 elementor-top-column elementor-element elementor-element-64dd249a ae-bg-gallery-type-default\" data-id=\"64dd249a\" data-element_type=\"column\">\n\t\t\t<div class=\"elementor-widget-wrap elementor-element-populated\">\n\t\t\t\t\t\t<div class=\"elementor-element elementor-element-2cad1fde elementor-widget elementor-widget-heading\" data-id=\"2cad1fde\" data-element_type=\"widget\" data-widget_type=\"heading.default\">\n\t\t\t\t<div class=\"elementor-widget-container\">\n\t\t\t<h2 class=\"elementor-heading-title elementor-size-default\">Infrastrutture sportive<\/h2>\t\t<\/div>\n\t\t\t\t<\/div>\n\t\t\t\t<div class=\"elementor-element elementor-element-226eebc6 elementor-widget elementor-widget-text-editor\" data-id=\"226eebc6\" data-element_type=\"widget\" data-widget_type=\"text-editor.default\">\n\t\t\t\t<div class=\"elementor-widget-container\">\n\t\t\t\t\t\t\t<p>Oltre ai terreni naturali per le attivit\u00e0 ricreative, Kastav pu\u00f2 vantare anche un&#8217;infrastruttura sportiva sviluppata.<br \/>A circa trecento metri dal centro citt\u00e0 si trova il centro sportivo Kastav Matija Katalini\u0107, che comprende un campo da calcio e da basket, una palestra e una sala da bocce.<\/p>\n\t\t\t\t\t\t<\/div>\n\t\t\t\t<\/div>\n\t\t\t\t<div class=\"elementor-element elementor-element-2c423842 elementor-widget elementor-widget-text-editor\" data-id=\"2c423842\" data-element_type=\"widget\" data-widget_type=\"text-editor.default\">\n\t\t\t\t<div class=\"elementor-widget-container\">\n\t\t\t\t\t\t\t<p>Le strutture modernamente attrezzate sono un luogo di ritrovo preferito da numerosi club e atleti di Castua, nonch\u00e9 da appassionati di attivit\u00e0 ricreative. Nell&#8217;area urbana pi\u00f9 ampia, ci sono numerosi campi sportivi, campi da tennis e campi da bocce: pi\u00f9 che sufficienti per una vacanza attiva all&#8217;insegna del gioco, dello sport e del tempo libero.<\/p>\n\t\t\t\t\t\t<\/div>\n\t\t\t\t<\/div>\n\t\t\t\t\t<\/div>\n\t\t<\/div>\n\t\t\t\t<div class=\"has_ae_slider elementor-column elementor-col-50 elementor-top-column elementor-element elementor-element-4f4928ba ae-bg-gallery-type-default\" data-id=\"4f4928ba\" data-element_type=\"column\">\n\t\t\t<div class=\"elementor-widget-wrap elementor-element-populated\">\n\t\t\t\t\t\t<section class=\"has_ae_slider elementor-section elementor-inner-section elementor-element elementor-element-7956235a elementor-section-full_width elementor-section-height-min-height elementor-section-height-default ae-bg-gallery-type-default\" data-id=\"7956235a\" data-element_type=\"section\" data-settings=\"{&quot;background_background&quot;:&quot;slideshow&quot;,&quot;background_slideshow_gallery&quot;:[{&quot;id&quot;:4447,&quot;url&quot;:&quot;http:\\\/\\\/visitkastav-klana.hr\\\/wp-content\\\/uploads\\\/2023\\\/03\\\/sp-infrastruktura.jpg&quot;},{&quot;id&quot;:472,&quot;url&quot;:&quot;http:\\\/\\\/visitkastav-klana.hr\\\/wp-content\\\/uploads\\\/2021\\\/04\\\/sport-outdoor2.jpg&quot;}],&quot;background_slideshow_loop&quot;:&quot;yes&quot;,&quot;background_slideshow_slide_duration&quot;:5000,&quot;background_slideshow_slide_transition&quot;:&quot;fade&quot;,&quot;background_slideshow_transition_duration&quot;:500}\">\n\t\t\t\t\t\t<div class=\"elementor-container elementor-column-gap-default\">\n\t\t\t\t\t<div class=\"has_ae_slider elementor-column elementor-col-100 elementor-inner-column elementor-element elementor-element-3d2f0e69 ae-bg-gallery-type-default\" data-id=\"3d2f0e69\" data-element_type=\"column\">\n\t\t\t<div class=\"elementor-widget-wrap\">\n\t\t\t\t\t\t\t<\/div>\n\t\t<\/div>\n\t\t\t\t\t<\/div>\n\t\t<\/section>\n\t\t\t\t\t<\/div>\n\t\t<\/div>\n\t\t\t\t\t<\/div>\n\t\t<\/section>\n\t\t\t\t<section class=\"has_ae_slider elementor-section elementor-top-section elementor-element elementor-element-76b70edc elementor-section-full_width elementor-section-height-default elementor-section-height-default ae-bg-gallery-type-default elementor-invisible\" data-id=\"76b70edc\" data-element_type=\"section\" id=\"more\" data-settings=\"{&quot;background_background&quot;:&quot;classic&quot;,&quot;animation&quot;:&quot;fadeIn&quot;}\">\n\t\t\t\t\t\t<div class=\"elementor-container elementor-column-gap-default\">\n\t\t\t\t\t<div class=\"has_ae_slider elementor-column elementor-col-33 elementor-top-column elementor-element elementor-element-5174c275 ae-bg-gallery-type-default\" data-id=\"5174c275\" data-element_type=\"column\">\n\t\t\t<div class=\"elementor-widget-wrap elementor-element-populated\">\n\t\t\t\t\t\t<div class=\"elementor-element elementor-element-27eff9a6 elementor-cta--skin-cover elementor-cta--valign-bottom elementor-bg-transform elementor-bg-transform-zoom-in elementor-widget elementor-widget-call-to-action\" data-id=\"27eff9a6\" data-element_type=\"widget\" data-widget_type=\"call-to-action.default\">\n\t\t\t\t<div class=\"elementor-widget-container\">\n\t\t\t\t\t<a class=\"elementor-cta\" href=\"https:\/\/visitkastav-klana.hr\/it\/vacanza-attiva\/equitazione-e-ciclismo\/\">\n\t\t\t\t\t<div class=\"elementor-cta__bg-wrapper\">\n\t\t\t\t<div class=\"elementor-cta__bg elementor-bg\" style=\"background-image: url(https:\/\/visitkastav-klana.hr\/wp-content\/uploads\/2022\/02\/sport-outdoor1.jpg);\"><\/div>\n\t\t\t\t<div class=\"elementor-cta__bg-overlay\"><\/div>\n\t\t\t<\/div>\n\t\t\t\t\t\t\t<div class=\"elementor-cta__content\">\n\t\t\t\t\n\t\t\t\t<h2 class=\"elementor-cta__title elementor-cta__content-item elementor-content-item\">Equitazione e ciclismo<\/h2>\n\t\t\t\t\n\t\t\t\t\t\t\t<\/div>\n\t\t\t\t\t\t<\/a>\n\t\t\t\t<\/div>\n\t\t\t\t<\/div>\n\t\t\t\t\t<\/div>\n\t\t<\/div>\n\t\t\t\t<div class=\"has_ae_slider elementor-column elementor-col-33 elementor-top-column elementor-element elementor-element-74650852 ae-bg-gallery-type-default\" data-id=\"74650852\" data-element_type=\"column\">\n\t\t\t<div class=\"elementor-widget-wrap elementor-element-populated\">\n\t\t\t\t\t\t<div class=\"elementor-element elementor-element-25e5fe21 elementor-cta--skin-cover elementor-cta--valign-bottom elementor-bg-transform elementor-bg-transform-zoom-in elementor-widget elementor-widget-call-to-action\" data-id=\"25e5fe21\" data-element_type=\"widget\" data-widget_type=\"call-to-action.default\">\n\t\t\t\t<div class=\"elementor-widget-container\">\n\t\t\t\t\t<a class=\"elementor-cta\" href=\"https:\/\/visitkastav-klana.hr\/it\/alloggio\/\">\n\t\t\t\t\t<div class=\"elementor-cta__bg-wrapper\">\n\t\t\t\t<div class=\"elementor-cta__bg elementor-bg\" style=\"background-image: url(https:\/\/visitkastav-klana.hr\/wp-content\/uploads\/2021\/03\/smjestaj-4.jpg);\"><\/div>\n\t\t\t\t<div class=\"elementor-cta__bg-overlay\"><\/div>\n\t\t\t<\/div>\n\t\t\t\t\t\t\t<div class=\"elementor-cta__content\">\n\t\t\t\t\n\t\t\t\t<h2 class=\"elementor-cta__title elementor-cta__content-item elementor-content-item\">Alloggio<\/h2>\n\t\t\t\t\n\t\t\t\t\t\t\t<\/div>\n\t\t\t\t\t\t<\/a>\n\t\t\t\t<\/div>\n\t\t\t\t<\/div>\n\t\t\t\t\t<\/div>\n\t\t<\/div>\n\t\t\t\t<div class=\"has_ae_slider elementor-column elementor-col-33 elementor-top-column elementor-element elementor-element-6a4b1aac ae-bg-gallery-type-default\" data-id=\"6a4b1aac\" data-element_type=\"column\" data-settings=\"{&quot;background_background&quot;:&quot;classic&quot;}\">\n\t\t\t<div class=\"elementor-widget-wrap elementor-element-populated\">\n\t\t\t\t\t\t<div class=\"elementor-element elementor-element-62873ecd elementor-widget elementor-widget-heading\" data-id=\"62873ecd\" data-element_type=\"widget\" data-widget_type=\"heading.default\">\n\t\t\t\t<div class=\"elementor-widget-container\">\n\t\t\t<h2 class=\"elementor-heading-title elementor-size-default\">Info<\/h2>\t\t<\/div>\n\t\t\t\t<\/div>\n\t\t\t\t<div class=\"elementor-element elementor-element-214c9710 elementor-icon-list--layout-traditional elementor-list-item-link-full_width elementor-widget elementor-widget-icon-list\" data-id=\"214c9710\" data-element_type=\"widget\" data-widget_type=\"icon-list.default\">\n\t\t\t\t<div class=\"elementor-widget-container\">\n\t\t\t\t\t<ul class=\"elementor-icon-list-items\">\n\t\t\t\t\t\t\t<li class=\"elementor-icon-list-item\">\n\t\t\t\t\t\t\t\t\t\t\t<a href=\"https:\/\/visitkastav-klana.hr\/it\/contatto\/\">\n\n\t\t\t\t\t\t\t\t\t\t\t<span class=\"elementor-icon-list-text\">Come raggiungerci?<\/span>\n\t\t\t\t\t\t\t\t\t\t\t<\/a>\n\t\t\t\t\t\t\t\t\t<\/li>\n\t\t\t\t\t\t\t\t<li class=\"elementor-icon-list-item\">\n\t\t\t\t\t\t\t\t\t\t\t<a href=\"https:\/\/visitkastav-klana.hr\/it\/contatto\/\">\n\n\t\t\t\t\t\t\t\t\t\t\t<span class=\"elementor-icon-list-text\">Numeri di telefono utili<\/span>\n\t\t\t\t\t\t\t\t\t\t\t<\/a>\n\t\t\t\t\t\t\t\t\t<\/li>\n\t\t\t\t\t\t\t\t<li class=\"elementor-icon-list-item\">\n\t\t\t\t\t\t\t\t\t\t\t<a href=\"https:\/\/visitkastav-klana.hr\/it\/angolo-per-gli-affittuari\/\">\n\n\t\t\t\t\t\t\t\t\t\t\t<span class=\"elementor-icon-list-text\">Informazioni di servizio<\/span>\n\t\t\t\t\t\t\t\t\t\t\t<\/a>\n\t\t\t\t\t\t\t\t\t<\/li>\n\t\t\t\t\t\t\t\t<li class=\"elementor-icon-list-item\">\n\t\t\t\t\t\t\t\t\t\t\t<a href=\"https:\/\/visitkastav-klana.hr\/it\/notizia\/\">\n\n\t\t\t\t\t\t\t\t\t\t\t<span class=\"elementor-icon-list-text\">Agenzia turistica<\/span>\n\t\t\t\t\t\t\t\t\t\t\t<\/a>\n\t\t\t\t\t\t\t\t\t<\/li>\n\t\t\t\t\t\t\t\t<li class=\"elementor-icon-list-item\">\n\t\t\t\t\t\t\t\t\t\t\t<a href=\"https:\/\/visitkastav-klana.hr\/it\/eventi\/\">\n\n\t\t\t\t\t\t\t\t\t\t\t<span class=\"elementor-icon-list-text\">Registrazione residenza<\/span>\n\t\t\t\t\t\t\t\t\t\t\t<\/a>\n\t\t\t\t\t\t\t\t\t<\/li>\n\t\t\t\t\t\t<\/ul>\n\t\t\t\t<\/div>\n\t\t\t\t<\/div>\n\t\t\t\t<div class=\"elementor-element elementor-element-5f286ad2 elementor-widget elementor-widget-heading\" data-id=\"5f286ad2\" data-element_type=\"widget\" data-widget_type=\"heading.default\">\n\t\t\t\t<div class=\"elementor-widget-container\">\n\t\t\t<p class=\"elementor-heading-title elementor-size-default\">Tel: +385 (0)51 691 425<\/p>\t\t<\/div>\n\t\t\t\t<\/div>\n\t\t\t\t\t<\/div>\n\t\t<\/div>\n\t\t\t\t\t<\/div>\n\t\t<\/section>\n\t\t\t\t<\/div>\n\t\t","protected":false},"excerpt":{"rendered":"<p>Centro sportivo Castua Home | Outdoor Infrastrutture sportive Oltre ai terreni naturali per le attivit\u00e0 ricreative, Kastav pu\u00f2 vantare anche un&#8217;infrastruttura sportiva sviluppata.A circa trecento metri dal centro citt\u00e0 si trova il centro sportivo Kastav Matija Katalini\u0107, che comprende un campo da calcio e da basket, una palestra e una sala da bocce. Le strutture [&hellip;]<\/p>\n","protected":false},"author":1,"featured_media":0,"parent":3767,"menu_order":0,"comment_status":"closed","ping_status":"closed","template":"elementor_header_footer","meta":{"_acf_changed":false,"footnotes":""},"class_list":["post-10091","page","type-page","status-publish","hentry"],"acf":[],"yoast_head":"<!-- This site is optimized with the Yoast SEO plugin v23.8 - https:\/\/yoast.com\/wordpress\/plugins\/seo\/ -->\n<title>Centro sportivo Castua - Visit Kastav<\/title>\n<meta name=\"robots\" content=\"index, follow, max-snippet:-1, max-image-preview:large, max-video-preview:-1\" \/>\n<link rel=\"canonical\" href=\"https:\/\/visitkastav-klana.hr\/aktivni-odmor\/sportski-centar-kastav\/\" \/>\n<meta property=\"og:locale\" content=\"it_IT\" \/>\n<meta property=\"og:type\" content=\"article\" \/>\n<meta property=\"og:title\" content=\"Centro sportivo Castua - Visit Kastav\" \/>\n<meta property=\"og:description\" content=\"Centro sportivo Castua Home | Outdoor Infrastrutture sportive Oltre ai terreni naturali per le attivit\u00e0 ricreative, Kastav pu\u00f2 vantare anche un&#8217;infrastruttura sportiva sviluppata.A circa trecento metri dal centro citt\u00e0 si trova il centro sportivo Kastav Matija Katalini\u0107, che comprende un campo da calcio e da basket, una palestra e una sala da bocce. Le strutture [&hellip;]\" \/>\n<meta property=\"og:url\" content=\"https:\/\/visitkastav-klana.hr\/aktivni-odmor\/sportski-centar-kastav\/\" \/>\n<meta property=\"og:site_name\" content=\"Visit Kastav\" \/>\n<meta property=\"article:publisher\" content=\"https:\/\/www.facebook.com\/visitkastav\/\" \/>\n<meta property=\"article:modified_time\" content=\"2025-09-25T11:16:19+00:00\" \/>\n<meta property=\"og:image\" content=\"https:\/\/visitkastav-klana.hr\/wp-content\/uploads\/2023\/02\/hero-face.jpg\" \/>\n\t<meta property=\"og:image:width\" content=\"1300\" \/>\n\t<meta property=\"og:image:height\" content=\"698\" \/>\n\t<meta property=\"og:image:type\" content=\"image\/jpeg\" \/>\n<meta name=\"twitter:card\" content=\"summary_large_image\" \/>\n<meta name=\"twitter:label1\" content=\"Tempo di lettura stimato\" \/>\n\t<meta name=\"twitter:data1\" content=\"1 minuto\" \/>\n<script type=\"application\/ld+json\" class=\"yoast-schema-graph\">{\"@context\":\"https:\/\/schema.org\",\"@graph\":[{\"@type\":\"WebPage\",\"@id\":\"https:\/\/visitkastav-klana.hr\/aktivni-odmor\/sportski-centar-kastav\/\",\"url\":\"https:\/\/visitkastav-klana.hr\/aktivni-odmor\/sportski-centar-kastav\/\",\"name\":\"Centro sportivo Castua - Visit Kastav\",\"isPartOf\":{\"@id\":\"https:\/\/visitkastav-klana.hr\/en\/#website\"},\"datePublished\":\"2023-03-24T09:26:49+00:00\",\"dateModified\":\"2025-09-25T11:16:19+00:00\",\"breadcrumb\":{\"@id\":\"https:\/\/visitkastav-klana.hr\/aktivni-odmor\/sportski-centar-kastav\/#breadcrumb\"},\"inLanguage\":\"it-IT\",\"potentialAction\":[{\"@type\":\"ReadAction\",\"target\":[\"https:\/\/visitkastav-klana.hr\/aktivni-odmor\/sportski-centar-kastav\/\"]}]},{\"@type\":\"BreadcrumbList\",\"@id\":\"https:\/\/visitkastav-klana.hr\/aktivni-odmor\/sportski-centar-kastav\/#breadcrumb\",\"itemListElement\":[{\"@type\":\"ListItem\",\"position\":1,\"name\":\"Po\u010detna stranica\",\"item\":\"https:\/\/visitkastav-klana.hr\/\"},{\"@type\":\"ListItem\",\"position\":2,\"name\":\"Vacanza attiva\",\"item\":\"https:\/\/visitkastav-klana.hr\/it\/vacanza-attiva\/\"},{\"@type\":\"ListItem\",\"position\":3,\"name\":\"Centro sportivo Castua\"}]},{\"@type\":\"WebSite\",\"@id\":\"https:\/\/visitkastav-klana.hr\/en\/#website\",\"url\":\"https:\/\/visitkastav-klana.hr\/en\/\",\"name\":\"Visit Kastav\",\"description\":\"Turisti\u010dka zajednica Grada Kastva\",\"publisher\":{\"@id\":\"https:\/\/visitkastav-klana.hr\/en\/#organization\"},\"alternateName\":\"Visit Kastav\",\"potentialAction\":[{\"@type\":\"SearchAction\",\"target\":{\"@type\":\"EntryPoint\",\"urlTemplate\":\"https:\/\/visitkastav-klana.hr\/en\/?s={search_term_string}\"},\"query-input\":{\"@type\":\"PropertyValueSpecification\",\"valueRequired\":true,\"valueName\":\"search_term_string\"}}],\"inLanguage\":\"it-IT\"},{\"@type\":\"Organization\",\"@id\":\"https:\/\/visitkastav-klana.hr\/en\/#organization\",\"name\":\"Turisti\u010dka zajadnica grada Kastva\",\"url\":\"https:\/\/visitkastav-klana.hr\/en\/\",\"logo\":{\"@type\":\"ImageObject\",\"inLanguage\":\"it-IT\",\"@id\":\"https:\/\/visitkastav-klana.hr\/en\/#\/schema\/logo\/image\/\",\"url\":\"https:\/\/visitkastav-klana.hr\/wp-content\/uploads\/2021\/03\/logo-tz-kastav1.png\",\"contentUrl\":\"https:\/\/visitkastav-klana.hr\/wp-content\/uploads\/2021\/03\/logo-tz-kastav1.png\",\"width\":400,\"height\":347,\"caption\":\"Turisti\u010dka zajadnica grada Kastva\"},\"image\":{\"@id\":\"https:\/\/visitkastav-klana.hr\/en\/#\/schema\/logo\/image\/\"},\"sameAs\":[\"https:\/\/www.facebook.com\/visitkastav\/\",\"https:\/\/www.youtube.com\/user\/tzgradakastva\"]}]}<\/script>\n<!-- \/ Yoast SEO plugin. -->","yoast_head_json":{"title":"Centro sportivo Castua - Visit Kastav","robots":{"index":"index","follow":"follow","max-snippet":"max-snippet:-1","max-image-preview":"max-image-preview:large","max-video-preview":"max-video-preview:-1"},"canonical":"https:\/\/visitkastav-klana.hr\/aktivni-odmor\/sportski-centar-kastav\/","og_locale":"it_IT","og_type":"article","og_title":"Centro sportivo Castua - Visit Kastav","og_description":"Centro sportivo Castua Home | Outdoor Infrastrutture sportive Oltre ai terreni naturali per le attivit\u00e0 ricreative, Kastav pu\u00f2 vantare anche un&#8217;infrastruttura sportiva sviluppata.A circa trecento metri dal centro citt\u00e0 si trova il centro sportivo Kastav Matija Katalini\u0107, che comprende un campo da calcio e da basket, una palestra e una sala da bocce. Le strutture [&hellip;]","og_url":"https:\/\/visitkastav-klana.hr\/aktivni-odmor\/sportski-centar-kastav\/","og_site_name":"Visit Kastav","article_publisher":"https:\/\/www.facebook.com\/visitkastav\/","article_modified_time":"2025-09-25T11:16:19+00:00","og_image":[{"width":1300,"height":698,"url":"https:\/\/visitkastav-klana.hr\/wp-content\/uploads\/2023\/02\/hero-face.jpg","type":"image\/jpeg"}],"twitter_card":"summary_large_image","twitter_misc":{"Tempo di lettura stimato":"1 minuto"},"schema":{"@context":"https:\/\/schema.org","@graph":[{"@type":"WebPage","@id":"https:\/\/visitkastav-klana.hr\/aktivni-odmor\/sportski-centar-kastav\/","url":"https:\/\/visitkastav-klana.hr\/aktivni-odmor\/sportski-centar-kastav\/","name":"Centro sportivo Castua - Visit Kastav","isPartOf":{"@id":"https:\/\/visitkastav-klana.hr\/en\/#website"},"datePublished":"2023-03-24T09:26:49+00:00","dateModified":"2025-09-25T11:16:19+00:00","breadcrumb":{"@id":"https:\/\/visitkastav-klana.hr\/aktivni-odmor\/sportski-centar-kastav\/#breadcrumb"},"inLanguage":"it-IT","potentialAction":[{"@type":"ReadAction","target":["https:\/\/visitkastav-klana.hr\/aktivni-odmor\/sportski-centar-kastav\/"]}]},{"@type":"BreadcrumbList","@id":"https:\/\/visitkastav-klana.hr\/aktivni-odmor\/sportski-centar-kastav\/#breadcrumb","itemListElement":[{"@type":"ListItem","position":1,"name":"Po\u010detna stranica","item":"https:\/\/visitkastav-klana.hr\/"},{"@type":"ListItem","position":2,"name":"Vacanza attiva","item":"https:\/\/visitkastav-klana.hr\/it\/vacanza-attiva\/"},{"@type":"ListItem","position":3,"name":"Centro sportivo Castua"}]},{"@type":"WebSite","@id":"https:\/\/visitkastav-klana.hr\/en\/#website","url":"https:\/\/visitkastav-klana.hr\/en\/","name":"Visit Kastav","description":"Turisti\u010dka zajednica Grada Kastva","publisher":{"@id":"https:\/\/visitkastav-klana.hr\/en\/#organization"},"alternateName":"Visit Kastav","potentialAction":[{"@type":"SearchAction","target":{"@type":"EntryPoint","urlTemplate":"https:\/\/visitkastav-klana.hr\/en\/?s={search_term_string}"},"query-input":{"@type":"PropertyValueSpecification","valueRequired":true,"valueName":"search_term_string"}}],"inLanguage":"it-IT"},{"@type":"Organization","@id":"https:\/\/visitkastav-klana.hr\/en\/#organization","name":"Turisti\u010dka zajadnica grada Kastva","url":"https:\/\/visitkastav-klana.hr\/en\/","logo":{"@type":"ImageObject","inLanguage":"it-IT","@id":"https:\/\/visitkastav-klana.hr\/en\/#\/schema\/logo\/image\/","url":"https:\/\/visitkastav-klana.hr\/wp-content\/uploads\/2021\/03\/logo-tz-kastav1.png","contentUrl":"https:\/\/visitkastav-klana.hr\/wp-content\/uploads\/2021\/03\/logo-tz-kastav1.png","width":400,"height":347,"caption":"Turisti\u010dka zajadnica grada Kastva"},"image":{"@id":"https:\/\/visitkastav-klana.hr\/en\/#\/schema\/logo\/image\/"},"sameAs":["https:\/\/www.facebook.com\/visitkastav\/","https:\/\/www.youtube.com\/user\/tzgradakastva"]}]}},"_links":{"self":[{"href":"https:\/\/visitkastav-klana.hr\/it\/wp-json\/wp\/v2\/pages\/10091"}],"collection":[{"href":"https:\/\/visitkastav-klana.hr\/it\/wp-json\/wp\/v2\/pages"}],"about":[{"href":"https:\/\/visitkastav-klana.hr\/it\/wp-json\/wp\/v2\/types\/page"}],"author":[{"embeddable":true,"href":"https:\/\/visitkastav-klana.hr\/it\/wp-json\/wp\/v2\/users\/1"}],"replies":[{"embeddable":true,"href":"https:\/\/visitkastav-klana.hr\/it\/wp-json\/wp\/v2\/comments?post=10091"}],"version-history":[{"count":1,"href":"https:\/\/visitkastav-klana.hr\/it\/wp-json\/wp\/v2\/pages\/10091\/revisions"}],"predecessor-version":[{"id":10092,"href":"https:\/\/visitkastav-klana.hr\/it\/wp-json\/wp\/v2\/pages\/10091\/revisions\/10092"}],"up":[{"embeddable":true,"href":"https:\/\/visitkastav-klana.hr\/it\/wp-json\/wp\/v2\/pages\/3767"}],"wp:attachment":[{"href":"https:\/\/visitkastav-klana.hr\/it\/wp-json\/wp\/v2\/media?parent=10091"}],"curies":[{"name":"wp","href":"https:\/\/api.w.org\/{rel}","templated":true}]}}