{"id":3,"date":"2021-03-17T15:04:49","date_gmt":"2021-03-17T15:04:49","guid":{"rendered":"http:\/\/tzkastav.flatcode.hr\/?page_id=3"},"modified":"2023-02-23T09:47:21","modified_gmt":"2023-02-23T09:47:21","slug":"pravila-privatnosti","status":"publish","type":"page","link":"https:\/\/visitkastav-klana.hr\/it\/pravila-privatnosti\/","title":{"rendered":"Pravila privatnosti"},"content":{"rendered":"\t\t<div data-elementor-type=\"wp-page\" data-elementor-id=\"3\" class=\"elementor elementor-3\">\n\t\t\t\t\t\t<section class=\"has_ae_slider elementor-section elementor-top-section elementor-element elementor-element-6682cb94 elementor-section-height-min-height elementor-section-content-middle elementor-section-boxed elementor-section-height-default elementor-section-items-middle ae-bg-gallery-type-default\" data-id=\"6682cb94\" data-element_type=\"section\" data-settings=\"{&quot;background_background&quot;:&quot;classic&quot;}\">\n\t\t\t\t\t\t\t<div class=\"elementor-background-overlay\"><\/div>\n\t\t\t\t\t\t\t<div class=\"elementor-container elementor-column-gap-extended\">\n\t\t\t\t\t<div class=\"has_ae_slider elementor-column elementor-col-100 elementor-top-column elementor-element elementor-element-3311779e ae-bg-gallery-type-default\" data-id=\"3311779e\" data-element_type=\"column\">\n\t\t\t<div class=\"elementor-widget-wrap elementor-element-populated\">\n\t\t\t\t\t\t<section class=\"has_ae_slider elementor-section elementor-inner-section elementor-element elementor-element-6ee0b822 elementor-section-boxed elementor-section-height-default elementor-section-height-default ae-bg-gallery-type-default elementor-invisible\" data-id=\"6ee0b822\" data-element_type=\"section\" data-settings=\"{&quot;animation&quot;:&quot;fadeIn&quot;}\">\n\t\t\t\t\t\t<div class=\"elementor-container elementor-column-gap-default\">\n\t\t\t\t\t<div class=\"has_ae_slider elementor-column elementor-col-100 elementor-inner-column elementor-element elementor-element-40a44638 ae-bg-gallery-type-default\" data-id=\"40a44638\" data-element_type=\"column\">\n\t\t\t<div class=\"elementor-widget-wrap elementor-element-populated\">\n\t\t\t\t\t\t<div class=\"elementor-element elementor-element-346b7283 elementor-widget elementor-widget-heading\" data-id=\"346b7283\" data-element_type=\"widget\" data-widget_type=\"heading.default\">\n\t\t\t\t<div class=\"elementor-widget-container\">\n\t\t\t<h2 class=\"elementor-heading-title elementor-size-default\">Pravila privatnosti<\/h2>\t\t<\/div>\n\t\t\t\t<\/div>\n\t\t\t\t<div class=\"elementor-element elementor-element-da30974 custom-bread elementor-widget elementor-widget-html\" data-id=\"da30974\" data-element_type=\"widget\" data-widget_type=\"html.default\">\n\t\t\t\t<div class=\"elementor-widget-container\">\n\t\t\t<a href=\"#\">Naslovna<\/a> | Pravila privatnosti\t\t<\/div>\n\t\t\t\t<\/div>\n\t\t\t\t\t<\/div>\n\t\t<\/div>\n\t\t\t\t\t<\/div>\n\t\t<\/section>\n\t\t\t\t\t<\/div>\n\t\t<\/div>\n\t\t\t\t\t<\/div>\n\t\t<\/section>\n\t\t\t\t<section class=\"has_ae_slider elementor-section elementor-top-section elementor-element elementor-element-462e5699 elementor-section-boxed elementor-section-height-default elementor-section-height-default ae-bg-gallery-type-default elementor-invisible\" data-id=\"462e5699\" data-element_type=\"section\" id=\"setnice\" data-settings=\"{&quot;animation&quot;:&quot;fadeIn&quot;,&quot;background_background&quot;:&quot;classic&quot;}\">\n\t\t\t\t\t\t<div class=\"elementor-container elementor-column-gap-default\">\n\t\t\t\t\t<div class=\"has_ae_slider elementor-column elementor-col-100 elementor-top-column elementor-element elementor-element-468747e3 ae-bg-gallery-type-default\" data-id=\"468747e3\" data-element_type=\"column\">\n\t\t\t<div class=\"elementor-widget-wrap elementor-element-populated\">\n\t\t\t\t\t\t<section class=\"has_ae_slider elementor-section elementor-inner-section elementor-element elementor-element-17040363 elementor-section-boxed elementor-section-height-default elementor-section-height-default ae-bg-gallery-type-default\" data-id=\"17040363\" data-element_type=\"section\">\n\t\t\t\t\t\t<div class=\"elementor-container elementor-column-gap-default\">\n\t\t\t\t\t<div class=\"has_ae_slider elementor-column elementor-col-100 elementor-inner-column elementor-element elementor-element-34c99c18 ae-bg-gallery-type-default\" data-id=\"34c99c18\" data-element_type=\"column\" data-settings=\"{&quot;background_background&quot;:&quot;classic&quot;}\">\n\t\t\t<div class=\"elementor-widget-wrap elementor-element-populated\">\n\t\t\t\t\t\t<div class=\"elementor-element elementor-element-5b1476fb elementor-widget elementor-widget-text-editor\" data-id=\"5b1476fb\" data-element_type=\"widget\" data-widget_type=\"text-editor.default\">\n\t\t\t\t<div class=\"elementor-widget-container\">\n\t\t\t\t\t\t\t\n<p>Za\u0161tita pojedinaca s obzirom na obradu osobnih podataka temeljno je pravo. \u010clankom 8. stavkom 1. Povelje Europske unije o temeljnim pravima te \u010dlankom 16. stavkom 1. Ugovora o funkcioniranju Europske unije (UFEU) utvr\u0111uje se da svatko ima pravo na za\u0161titu svojih osobnih podataka.<\/p>\n\n\n\n<p>\u010clankom 37. Ustava Republike Hrvatske propisano je da se svakom jam\u010di sigurnost i tajnost osobnih podataka.<\/p>\n\n\n\n<p>Osobni podaci su svi podaci koji se odnose na pojedinca \u010diji je identitet utvr\u0111en ili se mo\u017ee utvrditi. Pojedinac \u010diji se identitet mo\u017ee utvrditi jest osoba koja se mo\u017ee identificirati izravno ili neizravno, osobito uz pomo\u0107 identifikatora kao \u0161to su ime, identifikacijski broj, podaci o lokaciji, mre\u017eni identifikator ili uz pomo\u0107 jednog ili vi\u0161e \u010dimbenika svojstvenih za fizi\u010dki, fiziolo\u0161ki, genetski, mentalni, ekonomski, kulturni ili socijalni identitet tog pojedinca.<\/p>\n\n\n\n<p>Turisti\u010dka zajednica grada Kastav \u0107e, kao voditelj obrade, sve osobne podatke prikupljati, obra\u0111ivati, pohranjivati i uni\u0161titi na zakonit, po\u0161ten to\u010dan i transparentan na\u010din te primjenjuju\u0107i pravila \u201esmanjene koli\u010dine podataka\u201c. Tako\u0111er, u obradi osobnih podataka TZ Grad Kastav \u0107e primjenjivati stroga pravila za\u0161tite osobnih podataka. U obradi osobnih podataka TZ Grad Kastav \u0107e primjenjivati odredbe Op\u0107e uredbe o za\u0161titi osobnih podataka i Zakona o provedbi op\u0107e uredbe o za\u0161titi osobnih podataka.<\/p>\n\n\n\n<p>Gra\u0111ani \u010diji se osobni podaci obra\u0111uju mogu u svakom trenutku zatra\u017eiti pristup dostavljenim osobnim podacima te zatra\u017eiti njihov ispravak, ograni\u010davanje obrade ili brisanje. Tako\u0111er, gra\u0111ani su ovla\u0161teni u svakom trenutku podnijeti prigovor na obradu svojih osobnih podataka. Prigovor se podnosi Agenciji za za\u0161titu osobnih podataka kao nadle\u017enom nadzornom tijelu za za\u0161titu osobnih podataka.<\/p>\n\n\n\n<p>Za sva pitanja i ostvarivanje prava u obradi osobnih podataka od strane Grada Kastva gra\u0111ani mogu kontaktirati Grad Kastav putem slu\u017ebene e \u2013 mail info@visitkastav-klana.hr, na adresu Matka Mandi\u0107a 11a , HR \u2013 51215 KASTAV, na broj telefona +385 (0)51 691 425.<\/p>\n\n\n\n<h3>Svrha, na\u010din obrade i \u010duvanje osobnih podataka<\/h3>\n\n\n\n<p>Svi osobni podaci koriste se isklju\u010divo u svrhe radi koje su prikupljeni i za koje je dana suglasnost i\/ili privola. Prikupljeni podaci ne\u0107e se ni na koji na\u010din u\u010diniti dostupnim tre\u0107im osobama, osim u zakonom propisanu svrhu ili ako nije dana izri\u010dita suglasnost i\/ili privola. Postavljanjem upita prema\u00a0 TZ Grada Kastva\u00a0 dajete suglasnost da Vam odgovorimo istim kanalom komunikacije na koji ste postavili upit te da pohranimo Va\u0161 osobni podatak koje ste nam dali na period od najvi\u0161e 5 godina ili na period potreban za odgovaranja na Va\u0161 upit u potpunosti.<\/p>\n\n\n\n<h3>Upravljanje privolama za obradu osobnih podataka<\/h3>\n\n\n\n<p>Prihva\u0107anjem privole za kori\u0161tenje osobnih podataka, putem TZ Grad Kastav newslettera, dajete dozvolu za kori\u0161tenje i pohranu osobnih podataka u svrhu informativne promid\u017ebe manifestacija i ostalih korisnih podataka za gra\u0111ane Grada Kastva na period od 5 godina ako ranije ne povu\u010dete privolu.<\/p>\n\n\n\n<p>Ova privola uklju\u010duje dijeljenje Va\u0161ih osobnih podataka s tvrtkom Google Ireland (Google), Facebook Ireland Ltd. (facebook), The Rocket Science Group LLC d\/b\/a MailChimp u svrhu slanje marketin\u0161kih emailova. U svezi s ovom privolom TZ Grad Kastav uklju\u010duje: slanje infromativnih newslettera na Va\u0161 email. Prihva\u0107anjem privole na TZ Grad Kastav newsletteru se pretpla\u0107ujete na TZ Grad Kastav email listu, \u010dime se dodajete na email listu i dajete privolu za kori\u0161tenje osobnih podataka ime, prezime, e-mail, spol, dobnu skupinu. Naknadno \u0107emo Vas zatra\u017eiti obnovu privole prije isteka perioda od 5 godina nakon prve privole.<\/p>\n\n\n\n<h3>Kola\u010di\u0107i<\/h3>\n\n\n\n<p>Kako bi posje\u0107ivanje na\u0161e internetske stranice bilo \u0161to ugodnije, ova stranica mora na Va\u0161e ra\u010dunalo spremiti malenu koli\u010dinu informacija, tzv. kola\u010di\u0107a (eng. cookies). Kola\u010di\u0107i, izme\u0111u ostalog, slu\u017ee da bi web stranica radila optimalno te kako bismo bili u stanju vr\u0161iti daljnja unaprje\u0111enja stranice u svrhu pobolj\u0161avanja Va\u0161ega iskustva pregledavanja. Kori\u0161tenjem ove web stranice pristajete na uporabu kola\u010di\u0107a. Blokiranje kola\u010di\u0107a je mogu\u0107e, nakon \u010dega \u0107ete i dalje mo\u0107i pregledavati stranicu, no neke njezine mogu\u0107nosti ne\u0107e Vam biti dostupne.<\/p>\n\n\n\n<h3>\u0160to je kola\u010di\u0107?<\/h3>\n\n\n\n<p>Kola\u010di\u0107 je informacija spremljena na Va\u0161e ra\u010dunalo, tablet ili mobitel, koja mo\u017ee biti dostavljena neposredno od strane web stranice koju posjetite (kola\u010di\u0107i od prve strane) ili u suradnji i za potrebe web stranice koju posjetite od tre\u0107e strane (kola\u010di\u0107i tre\u0107e strane). Kola\u010di\u0107i obi\u010dno spremaju Va\u0161e postavke, postavke za web stranicu, kao \u0161to su npr. preferirani jezik ili sli\u010dne postavke. Kasnije, kada opet otvorite istu web stranicu, internetski preglednik \u0161alje natrag kola\u010di\u0107e koji pripadaju toj stranici. Ovo omogu\u0107ava stranici da prika\u017ee informacije prilago\u0111ene Va\u0161im potrebama. Kola\u010di\u0107i mogu spremati \u0161irok raspon informacija, uklju\u010duju\u0107i i dio osobnih informacija. Te informacije mogu biti spremljene jedino ukoliko Vi to omogu\u0107ite \u2013 web stranice ne mogu dobiti pristup informacijama koje im niste dali te ne mogu pristupiti drugim datotekama na Va\u0161em ra\u010dunalu.<\/p>\n\n\n\n<h3>Kori\u0161tenje kola\u010di\u0107a na www.visitkastav-klana.hr<\/h3>\n\n\n\n<p>www.visitkastav-klana.hr koristi kola\u010di\u0107e kako bi omogu\u0107ili bolje korisni\u010dko iskustvo. Kada koristite na\u0161u internetsku stranicu mo\u017eete tako\u0111er zaprimiti kola\u010di\u0107 \u201etre\u0107e strane\u201c.<\/p>\n\n\n\n<p>www.visitkastav-klana.hr upotrebljava kola\u010di\u0107e u svrhu pra\u0107enja statisti\u010dke posje\u0107enosti web stranice radi dobivanja nu\u017enih informacija o uspje\u0161nosti web stranice i pri tom tako\u0111er koristi uslugu tre\u0107e strane pod nazivom Google Analytics. Posebno isti\u010demo da mo\u017eete isklju\u010diti usluge Google Analytics za ogla\u0161avanje na prikaziva\u010dkoj mre\u017ei i prilagoditi oglase za Google prikaziva\u010dku mre\u017eu pomo\u0107u alata Upravitelj postavki oglasa (<a href=\"http:\/\/www.google.com\/settings\/ads\">http:\/\/www.google.com\/settings\/ads<\/a>).<\/p>\n\n\n\n<p>Tako\u0111er, u svrhu planiranja objava sadr\u017eaja primjerenih Va\u0161im interesima i budu\u0107ih marketin\u0161kih kampanja koristimo alat Google Analytics Demographics and Interest Reporting gdje mo\u017eemo upotrebljavati podatke iz Googleova ogla\u0161avanja na temelju interesa ili podataka o publici tre\u0107e strane (npr. dob, spol i interesi) na usluzi Google Analytics.<\/p>\n\n\n\n<p>Detaljne informacije tre\u0107e strane o ovoj usluzi, kao i o mogu\u0107nostima korisnika da reguliraju postavke kola\u010di\u0107a koji su za to nu\u017eni, dostupne su na: <a href=\"http:\/\/www.google.com\/analytics\/learn\/privacy.html\">http:\/\/www.google.com\/analytics\/learn\/privacy.html<\/a>.<\/p>\n\n\n\n<h3>Dru\u0161tvene mre\u017ee<\/h3>\n\n\n\n<p>Dru\u0161tvene mre\u017ee tako\u0111er mogu postavljati kola\u010di\u0107e na Va\u0161e ra\u010dunalo. To se doga\u0111a na web stranicama koje Vam omogu\u0107avaju prijavu i registraciju preko ra\u010duna dru\u0161tvenih mre\u017ea te ukoliko dijelite sadr\u017eaj web stranice na dru\u0161tvenim mre\u017eama (npr. putem \u201eLike\u201c gumba). Konkretni utjecaj na Va\u0161u privatnost \u0107e se razlikovati od dru\u0161tvene mre\u017ee do dru\u0161tvenu mre\u017ee te ovisi o postavkama privatnosti koje ste izabrali na tim mre\u017eama. Kako upravljati ovim kola\u010di\u0107ima mo\u017eete saznati na njihovim web stranicama.<\/p>\n\n\n\n<h3>Kako onemogu\u0107iti kola\u010di\u0107e?<\/h3>\n\n\n\n<p>Ukoliko \u017eelite mo\u017eete onemogu\u0107iti spremanje kola\u010di\u0107a na Va\u0161e ra\u010dunalo, no blokiranje svih kola\u010di\u0107a moglo bi imati negativan u\u010dinak na kori\u0161tenje mnogih internetskih stranica, pa tako i ove. Postavke kola\u010di\u0107a mogu se kontrolirati i konfigurirati u Va\u0161em internetskome pregledniku. \u017delite li izbrisati ili onemogu\u0107iti kola\u010di\u0107e na svojem ra\u010dunalu potrebno je a\u017eurirati postavke svojeg internetskog preglednika (informacije o na\u010dinu brisanja i onemogu\u0107avanja kola\u010di\u0107a potra\u017eite na svojem pregledniku odabirom izbornika za pomo\u0107).<\/p>\n\n\n\n<h3>Dodatne informacije oko isklju\u010divanja kola\u010di\u0107a<\/h3>\n\n\n\n<p>Trenutno postoji nekoliko web-stranica za isklju\u010divanje pohranjivanja kola\u010di\u0107a za razli\u010dite servise. Vi\u0161e se mo\u017eete informirati na sljede\u0107im web adresama:<\/p>\n\n\n\n<p><a href=\"http:\/\/www.allaboutcookies.org\">www.allaboutcookies.org<\/a><br><a href=\"http:\/\/www.youronlinechoices.com\/hr\/\">www.youronlinechoices.com\/hr\/<\/a><br><a href=\"http:\/\/www.aboutads.info\/choices\/\">www.aboutads.info\/choices\/<\/a><\/p>\n\t\t\t\t\t\t<\/div>\n\t\t\t\t<\/div>\n\t\t\t\t\t<\/div>\n\t\t<\/div>\n\t\t\t\t\t<\/div>\n\t\t<\/section>\n\t\t\t\t\t<\/div>\n\t\t<\/div>\n\t\t\t\t\t<\/div>\n\t\t<\/section>\n\t\t\t\t<section class=\"has_ae_slider elementor-section elementor-top-section elementor-element elementor-element-590aa271 elementor-section-boxed elementor-section-height-default elementor-section-height-default ae-bg-gallery-type-default\" data-id=\"590aa271\" data-element_type=\"section\">\n\t\t\t\t\t\t<div class=\"elementor-container elementor-column-gap-default\">\n\t\t\t\t\t<div class=\"has_ae_slider elementor-column elementor-col-100 elementor-top-column elementor-element elementor-element-2adec0cd ae-bg-gallery-type-default\" data-id=\"2adec0cd\" data-element_type=\"column\">\n\t\t\t<div class=\"elementor-widget-wrap\">\n\t\t\t\t\t\t\t<\/div>\n\t\t<\/div>\n\t\t\t\t\t<\/div>\n\t\t<\/section>\n\t\t\t\t<\/div>\n\t\t","protected":false},"excerpt":{"rendered":"<p>Pravila privatnosti Naslovna | Pravila privatnosti Za\u0161tita pojedinaca s obzirom na obradu osobnih podataka temeljno je pravo. \u010clankom 8. stavkom 1. Povelje Europske unije o temeljnim pravima te \u010dlankom 16. stavkom 1. Ugovora o funkcioniranju Europske unije (UFEU) utvr\u0111uje se da svatko ima pravo na za\u0161titu svojih osobnih podataka. \u010clankom 37. Ustava Republike Hrvatske propisano [&hellip;]<\/p>\n","protected":false},"author":1,"featured_media":0,"parent":0,"menu_order":0,"comment_status":"closed","ping_status":"open","template":"elementor_header_footer","meta":{"_acf_changed":false,"footnotes":""},"class_list":["post-3","page","type-page","status-publish","hentry"],"acf":[],"yoast_head":"<!-- This site is optimized with the Yoast SEO plugin v23.8 - https:\/\/yoast.com\/wordpress\/plugins\/seo\/ -->\n<title>Pravila privatnosti - Visit Kastav<\/title>\n<meta name=\"robots\" content=\"index, follow, max-snippet:-1, max-image-preview:large, max-video-preview:-1\" \/>\n<link rel=\"canonical\" href=\"https:\/\/visitkastav-klana.hr\/pravila-privatnosti\/\" \/>\n<meta property=\"og:locale\" content=\"it_IT\" \/>\n<meta property=\"og:type\" content=\"article\" \/>\n<meta property=\"og:title\" content=\"Pravila privatnosti - Visit Kastav\" \/>\n<meta property=\"og:description\" content=\"Pravila privatnosti Naslovna | Pravila privatnosti Za\u0161tita pojedinaca s obzirom na obradu osobnih podataka temeljno je pravo. \u010clankom 8. stavkom 1. Povelje Europske unije o temeljnim pravima te \u010dlankom 16. stavkom 1. Ugovora o funkcioniranju Europske unije (UFEU) utvr\u0111uje se da svatko ima pravo na za\u0161titu svojih osobnih podataka. \u010clankom 37. Ustava Republike Hrvatske propisano [&hellip;]\" \/>\n<meta property=\"og:url\" content=\"https:\/\/visitkastav-klana.hr\/pravila-privatnosti\/\" \/>\n<meta property=\"og:site_name\" content=\"Visit Kastav\" \/>\n<meta property=\"article:publisher\" content=\"https:\/\/www.facebook.com\/visitkastav\/\" \/>\n<meta property=\"article:modified_time\" content=\"2023-02-23T09:47:21+00:00\" \/>\n<meta property=\"og:image\" content=\"https:\/\/visitkastav-klana.hr\/wp-content\/uploads\/2023\/02\/hero-face.jpg\" \/>\n\t<meta property=\"og:image:width\" content=\"1300\" \/>\n\t<meta property=\"og:image:height\" content=\"698\" \/>\n\t<meta property=\"og:image:type\" content=\"image\/jpeg\" \/>\n<meta name=\"twitter:card\" content=\"summary_large_image\" \/>\n<meta name=\"twitter:label1\" content=\"Tempo di lettura stimato\" \/>\n\t<meta name=\"twitter:data1\" content=\"6 minuti\" \/>\n<script type=\"application\/ld+json\" class=\"yoast-schema-graph\">{\"@context\":\"https:\/\/schema.org\",\"@graph\":[{\"@type\":\"WebPage\",\"@id\":\"https:\/\/visitkastav-klana.hr\/pravila-privatnosti\/\",\"url\":\"https:\/\/visitkastav-klana.hr\/pravila-privatnosti\/\",\"name\":\"Pravila privatnosti - Visit Kastav\",\"isPartOf\":{\"@id\":\"https:\/\/visitkastav-klana.hr\/en\/#website\"},\"datePublished\":\"2021-03-17T15:04:49+00:00\",\"dateModified\":\"2023-02-23T09:47:21+00:00\",\"breadcrumb\":{\"@id\":\"https:\/\/visitkastav-klana.hr\/pravila-privatnosti\/#breadcrumb\"},\"inLanguage\":\"it-IT\",\"potentialAction\":[{\"@type\":\"ReadAction\",\"target\":[\"https:\/\/visitkastav-klana.hr\/pravila-privatnosti\/\"]}]},{\"@type\":\"BreadcrumbList\",\"@id\":\"https:\/\/visitkastav-klana.hr\/pravila-privatnosti\/#breadcrumb\",\"itemListElement\":[{\"@type\":\"ListItem\",\"position\":1,\"name\":\"Po\u010detna stranica\",\"item\":\"https:\/\/visitkastav-klana.hr\/\"},{\"@type\":\"ListItem\",\"position\":2,\"name\":\"Pravila privatnosti\"}]},{\"@type\":\"WebSite\",\"@id\":\"https:\/\/visitkastav-klana.hr\/en\/#website\",\"url\":\"https:\/\/visitkastav-klana.hr\/en\/\",\"name\":\"Visit Kastav\",\"description\":\"Turisti\u010dka zajednica Grada Kastva\",\"publisher\":{\"@id\":\"https:\/\/visitkastav-klana.hr\/en\/#organization\"},\"alternateName\":\"Visit Kastav\",\"potentialAction\":[{\"@type\":\"SearchAction\",\"target\":{\"@type\":\"EntryPoint\",\"urlTemplate\":\"https:\/\/visitkastav-klana.hr\/en\/?s={search_term_string}\"},\"query-input\":{\"@type\":\"PropertyValueSpecification\",\"valueRequired\":true,\"valueName\":\"search_term_string\"}}],\"inLanguage\":\"it-IT\"},{\"@type\":\"Organization\",\"@id\":\"https:\/\/visitkastav-klana.hr\/en\/#organization\",\"name\":\"Turisti\u010dka zajadnica grada Kastva\",\"url\":\"https:\/\/visitkastav-klana.hr\/en\/\",\"logo\":{\"@type\":\"ImageObject\",\"inLanguage\":\"it-IT\",\"@id\":\"https:\/\/visitkastav-klana.hr\/en\/#\/schema\/logo\/image\/\",\"url\":\"https:\/\/visitkastav-klana.hr\/wp-content\/uploads\/2021\/03\/logo-tz-kastav1.png\",\"contentUrl\":\"https:\/\/visitkastav-klana.hr\/wp-content\/uploads\/2021\/03\/logo-tz-kastav1.png\",\"width\":400,\"height\":347,\"caption\":\"Turisti\u010dka zajadnica grada Kastva\"},\"image\":{\"@id\":\"https:\/\/visitkastav-klana.hr\/en\/#\/schema\/logo\/image\/\"},\"sameAs\":[\"https:\/\/www.facebook.com\/visitkastav\/\",\"https:\/\/www.youtube.com\/user\/tzgradakastva\"]}]}<\/script>\n<!-- \/ Yoast SEO plugin. -->","yoast_head_json":{"title":"Pravila privatnosti - Visit Kastav","robots":{"index":"index","follow":"follow","max-snippet":"max-snippet:-1","max-image-preview":"max-image-preview:large","max-video-preview":"max-video-preview:-1"},"canonical":"https:\/\/visitkastav-klana.hr\/pravila-privatnosti\/","og_locale":"it_IT","og_type":"article","og_title":"Pravila privatnosti - Visit Kastav","og_description":"Pravila privatnosti Naslovna | Pravila privatnosti Za\u0161tita pojedinaca s obzirom na obradu osobnih podataka temeljno je pravo. \u010clankom 8. stavkom 1. Povelje Europske unije o temeljnim pravima te \u010dlankom 16. stavkom 1. Ugovora o funkcioniranju Europske unije (UFEU) utvr\u0111uje se da svatko ima pravo na za\u0161titu svojih osobnih podataka. \u010clankom 37. Ustava Republike Hrvatske propisano [&hellip;]","og_url":"https:\/\/visitkastav-klana.hr\/pravila-privatnosti\/","og_site_name":"Visit Kastav","article_publisher":"https:\/\/www.facebook.com\/visitkastav\/","article_modified_time":"2023-02-23T09:47:21+00:00","og_image":[{"width":1300,"height":698,"url":"https:\/\/visitkastav-klana.hr\/wp-content\/uploads\/2023\/02\/hero-face.jpg","type":"image\/jpeg"}],"twitter_card":"summary_large_image","twitter_misc":{"Tempo di lettura stimato":"6 minuti"},"schema":{"@context":"https:\/\/schema.org","@graph":[{"@type":"WebPage","@id":"https:\/\/visitkastav-klana.hr\/pravila-privatnosti\/","url":"https:\/\/visitkastav-klana.hr\/pravila-privatnosti\/","name":"Pravila privatnosti - Visit Kastav","isPartOf":{"@id":"https:\/\/visitkastav-klana.hr\/en\/#website"},"datePublished":"2021-03-17T15:04:49+00:00","dateModified":"2023-02-23T09:47:21+00:00","breadcrumb":{"@id":"https:\/\/visitkastav-klana.hr\/pravila-privatnosti\/#breadcrumb"},"inLanguage":"it-IT","potentialAction":[{"@type":"ReadAction","target":["https:\/\/visitkastav-klana.hr\/pravila-privatnosti\/"]}]},{"@type":"BreadcrumbList","@id":"https:\/\/visitkastav-klana.hr\/pravila-privatnosti\/#breadcrumb","itemListElement":[{"@type":"ListItem","position":1,"name":"Po\u010detna stranica","item":"https:\/\/visitkastav-klana.hr\/"},{"@type":"ListItem","position":2,"name":"Pravila privatnosti"}]},{"@type":"WebSite","@id":"https:\/\/visitkastav-klana.hr\/en\/#website","url":"https:\/\/visitkastav-klana.hr\/en\/","name":"Visit Kastav","description":"Turisti\u010dka zajednica Grada Kastva","publisher":{"@id":"https:\/\/visitkastav-klana.hr\/en\/#organization"},"alternateName":"Visit Kastav","potentialAction":[{"@type":"SearchAction","target":{"@type":"EntryPoint","urlTemplate":"https:\/\/visitkastav-klana.hr\/en\/?s={search_term_string}"},"query-input":{"@type":"PropertyValueSpecification","valueRequired":true,"valueName":"search_term_string"}}],"inLanguage":"it-IT"},{"@type":"Organization","@id":"https:\/\/visitkastav-klana.hr\/en\/#organization","name":"Turisti\u010dka zajadnica grada Kastva","url":"https:\/\/visitkastav-klana.hr\/en\/","logo":{"@type":"ImageObject","inLanguage":"it-IT","@id":"https:\/\/visitkastav-klana.hr\/en\/#\/schema\/logo\/image\/","url":"https:\/\/visitkastav-klana.hr\/wp-content\/uploads\/2021\/03\/logo-tz-kastav1.png","contentUrl":"https:\/\/visitkastav-klana.hr\/wp-content\/uploads\/2021\/03\/logo-tz-kastav1.png","width":400,"height":347,"caption":"Turisti\u010dka zajadnica grada Kastva"},"image":{"@id":"https:\/\/visitkastav-klana.hr\/en\/#\/schema\/logo\/image\/"},"sameAs":["https:\/\/www.facebook.com\/visitkastav\/","https:\/\/www.youtube.com\/user\/tzgradakastva"]}]}},"_links":{"self":[{"href":"https:\/\/visitkastav-klana.hr\/it\/wp-json\/wp\/v2\/pages\/3"}],"collection":[{"href":"https:\/\/visitkastav-klana.hr\/it\/wp-json\/wp\/v2\/pages"}],"about":[{"href":"https:\/\/visitkastav-klana.hr\/it\/wp-json\/wp\/v2\/types\/page"}],"author":[{"embeddable":true,"href":"https:\/\/visitkastav-klana.hr\/it\/wp-json\/wp\/v2\/users\/1"}],"replies":[{"embeddable":true,"href":"https:\/\/visitkastav-klana.hr\/it\/wp-json\/wp\/v2\/comments?post=3"}],"version-history":[{"count":10,"href":"https:\/\/visitkastav-klana.hr\/it\/wp-json\/wp\/v2\/pages\/3\/revisions"}],"predecessor-version":[{"id":4367,"href":"https:\/\/visitkastav-klana.hr\/it\/wp-json\/wp\/v2\/pages\/3\/revisions\/4367"}],"wp:attachment":[{"href":"https:\/\/visitkastav-klana.hr\/it\/wp-json\/wp\/v2\/media?parent=3"}],"curies":[{"name":"wp","href":"https:\/\/api.w.org\/{rel}","templated":true}]}}