{"id":9969,"date":"2025-09-08T09:20:35","date_gmt":"2025-09-08T09:20:35","guid":{"rendered":"https:\/\/visitkastav-klana.hr\/esplora-klana\/turismo-venatorio\/"},"modified":"2025-09-24T10:15:45","modified_gmt":"2025-09-24T10:15:45","slug":"turismo-venatorio","status":"publish","type":"page","link":"https:\/\/visitkastav-klana.hr\/it\/esplora-klana\/turismo-venatorio\/","title":{"rendered":"Turismo venatorio"},"content":{"rendered":"\t\t<div data-elementor-type=\"wp-page\" data-elementor-id=\"9969\" class=\"elementor elementor-9969 elementor-9742\">\n\t\t\t\t\t\t<section class=\"has_ae_slider elementor-section elementor-top-section elementor-element elementor-element-2013fe15 elementor-section-boxed elementor-section-height-default elementor-section-height-default ae-bg-gallery-type-default\" data-id=\"2013fe15\" data-element_type=\"section\" data-settings=\"{&quot;background_background&quot;:&quot;classic&quot;}\">\n\t\t\t\t\t\t\t<div class=\"elementor-background-overlay\"><\/div>\n\t\t\t\t\t\t\t<div class=\"elementor-container elementor-column-gap-default\">\n\t\t\t\t\t<div class=\"has_ae_slider elementor-column elementor-col-100 elementor-top-column elementor-element elementor-element-4440650b ae-bg-gallery-type-default\" data-id=\"4440650b\" data-element_type=\"column\" data-settings=\"{&quot;background_background&quot;:&quot;classic&quot;}\">\n\t\t\t<div class=\"elementor-widget-wrap elementor-element-populated\">\n\t\t\t\t\t\t<div class=\"elementor-element elementor-element-d969e81 elementor-widget elementor-widget-heading\" data-id=\"d969e81\" data-element_type=\"widget\" data-widget_type=\"heading.default\">\n\t\t\t\t<div class=\"elementor-widget-container\">\n\t\t\t<h2 class=\"elementor-heading-title elementor-size-default\">Turismo venatorio<\/h2>\t\t<\/div>\n\t\t\t\t<\/div>\n\t\t\t\t<div class=\"elementor-element elementor-element-2e4f14dd elementor-widget elementor-widget-heading\" data-id=\"2e4f14dd\" data-element_type=\"widget\" data-widget_type=\"heading.default\">\n\t\t\t\t<div class=\"elementor-widget-container\">\n\t\t\t<span class=\"elementor-heading-title elementor-size-default\"><a href=\"https:\/\/visitkastav-klana.hr\/it\/attrazioni\/\">Klana<\/a><\/span>\t\t<\/div>\n\t\t\t\t<\/div>\n\t\t\t\t\t<\/div>\n\t\t<\/div>\n\t\t\t\t\t<\/div>\n\t\t<\/section>\n\t\t\t\t<section class=\"has_ae_slider elementor-section elementor-top-section elementor-element elementor-element-31dfb3cd elementor-section-boxed elementor-section-height-default elementor-section-height-default ae-bg-gallery-type-default\" data-id=\"31dfb3cd\" data-element_type=\"section\">\n\t\t\t\t\t\t<div class=\"elementor-container elementor-column-gap-default\">\n\t\t\t\t\t<div class=\"has_ae_slider elementor-column elementor-col-66 elementor-top-column elementor-element elementor-element-319e39cb ae-bg-gallery-type-default\" data-id=\"319e39cb\" data-element_type=\"column\" data-settings=\"{&quot;background_background&quot;:&quot;classic&quot;}\">\n\t\t\t<div class=\"elementor-widget-wrap elementor-element-populated\">\n\t\t\t\t\t\t<div class=\"elementor-element elementor-element-4793e3c elementor-widget elementor-widget-image\" data-id=\"4793e3c\" data-element_type=\"widget\" data-widget_type=\"image.default\">\n\t\t\t\t<div class=\"elementor-widget-container\">\n\t\t\t\t\t\t\t\t\t\t\t\t\t<img fetchpriority=\"high\" decoding=\"async\" width=\"1600\" height=\"600\" src=\"https:\/\/visitkastav-klana.hr\/wp-content\/uploads\/2025\/09\/Kiciber_6.jpg\" class=\"attachment-full size-full wp-image-9661\" alt=\"\" srcset=\"https:\/\/visitkastav-klana.hr\/wp-content\/uploads\/2025\/09\/Kiciber_6.jpg 1600w, https:\/\/visitkastav-klana.hr\/wp-content\/uploads\/2025\/09\/Kiciber_6-300x113.jpg 300w, https:\/\/visitkastav-klana.hr\/wp-content\/uploads\/2025\/09\/Kiciber_6-1024x384.jpg 1024w, https:\/\/visitkastav-klana.hr\/wp-content\/uploads\/2025\/09\/Kiciber_6-768x288.jpg 768w, https:\/\/visitkastav-klana.hr\/wp-content\/uploads\/2025\/09\/Kiciber_6-1536x576.jpg 1536w\" sizes=\"(max-width: 1600px) 100vw, 1600px\" \/>\t\t\t\t\t\t\t\t\t\t\t\t\t<\/div>\n\t\t\t\t<\/div>\n\t\t\t\t<div class=\"elementor-element elementor-element-410af42 elementor-widget elementor-widget-text-editor\" data-id=\"410af42\" data-element_type=\"widget\" data-widget_type=\"text-editor.default\">\n\t\t\t\t<div class=\"elementor-widget-container\">\n\t\t\t\t\t\t\t<p>Nelle foreste miste di faggio e abete dei dintorni vivono numerosi animali selvatici: cervi, caprioli, cinghiali, capre e gatti selvatici, orsi, lupi, linci, volpi, donnole, faine, tassi, ghiri, picchi.<\/p>\n<p>La caccia pi\u00f9 ambita \u00e8 quella al cervo, all\u2019orso e al capriolo, cos\u00ec come alla selvaggina da<br \/>\npenna nera.<\/p>\n<p>Un\u2019offerta molto pi\u00f9 ampia di caccia commerciale \u00e8 offerta dalla Riserva Forestale di Klana (Riserva di Stato VIII\/21) gestita dalla Foresteria nazionale. Del territorio di caccia di Smrekova draga, che ha una superficie complessiva di circa 18.000 ettari, situato sul territorio di tre riserve forestali (Klana, Prezid e Tr\u0161\u0107e), la riserva di Klana ne gestisce poco meno dellamet\u00e0. La casa del cacciatore \u201cSuho\u201d offre agli appassionati una sistemazione confortevole e 8 postazioni chiuse garantiscono loro il massimo comfort e comodit\u00e0.<\/p>\n\t\t\t\t\t\t<\/div>\n\t\t\t\t<\/div>\n\t\t\t\t<div class=\"elementor-element elementor-element-77bfae33 elementor-widget elementor-widget-heading\" data-id=\"77bfae33\" data-element_type=\"widget\" data-widget_type=\"heading.default\">\n\t\t\t\t<div class=\"elementor-widget-container\">\n\t\t\t<p class=\"elementor-heading-title elementor-size-default\">Share:<\/p>\t\t<\/div>\n\t\t\t\t<\/div>\n\t\t\t\t<div class=\"elementor-element elementor-element-3a4064e5 elementor-share-buttons--view-icon elementor-share-buttons--align-left elementor-share-buttons--skin-gradient elementor-share-buttons--shape-square elementor-grid-0 elementor-share-buttons--color-official elementor-widget elementor-widget-share-buttons\" data-id=\"3a4064e5\" data-element_type=\"widget\" data-widget_type=\"share-buttons.default\">\n\t\t\t\t<div class=\"elementor-widget-container\">\n\t\t\t\t\t<div class=\"elementor-grid\">\n\t\t\t\t\t\t\t\t<div class=\"elementor-grid-item\">\n\t\t\t\t\t\t<div\n\t\t\t\t\t\t\tclass=\"elementor-share-btn elementor-share-btn_facebook\"\n\t\t\t\t\t\t\trole=\"button\"\n\t\t\t\t\t\t\ttabindex=\"0\"\n\t\t\t\t\t\t\taria-label=\"Condividi su facebook\"\n\t\t\t\t\t\t>\n\t\t\t\t\t\t\t\t\t\t\t\t\t\t\t<span class=\"elementor-share-btn__icon\">\n\t\t\t\t\t\t\t\t<i class=\"fab fa-facebook\" aria-hidden=\"true\"><\/i>\t\t\t\t\t\t\t<\/span>\n\t\t\t\t\t\t\t\t\t\t\t\t\t\t\t\t\t\t\t\t<\/div>\n\t\t\t\t\t<\/div>\n\t\t\t\t\t\t\t\t\t<div class=\"elementor-grid-item\">\n\t\t\t\t\t\t<div\n\t\t\t\t\t\t\tclass=\"elementor-share-btn elementor-share-btn_twitter\"\n\t\t\t\t\t\t\trole=\"button\"\n\t\t\t\t\t\t\ttabindex=\"0\"\n\t\t\t\t\t\t\taria-label=\"Condividi su twitter\"\n\t\t\t\t\t\t>\n\t\t\t\t\t\t\t\t\t\t\t\t\t\t\t<span class=\"elementor-share-btn__icon\">\n\t\t\t\t\t\t\t\t<i class=\"fab fa-twitter\" aria-hidden=\"true\"><\/i>\t\t\t\t\t\t\t<\/span>\n\t\t\t\t\t\t\t\t\t\t\t\t\t\t\t\t\t\t\t\t<\/div>\n\t\t\t\t\t<\/div>\n\t\t\t\t\t\t\t\t\t<div class=\"elementor-grid-item\">\n\t\t\t\t\t\t<div\n\t\t\t\t\t\t\tclass=\"elementor-share-btn elementor-share-btn_email\"\n\t\t\t\t\t\t\trole=\"button\"\n\t\t\t\t\t\t\ttabindex=\"0\"\n\t\t\t\t\t\t\taria-label=\"Condividi su email\"\n\t\t\t\t\t\t>\n\t\t\t\t\t\t\t\t\t\t\t\t\t\t\t<span class=\"elementor-share-btn__icon\">\n\t\t\t\t\t\t\t\t<i class=\"fas fa-envelope\" aria-hidden=\"true\"><\/i>\t\t\t\t\t\t\t<\/span>\n\t\t\t\t\t\t\t\t\t\t\t\t\t\t\t\t\t\t\t\t<\/div>\n\t\t\t\t\t<\/div>\n\t\t\t\t\t\t\t\t\t<div class=\"elementor-grid-item\">\n\t\t\t\t\t\t<div\n\t\t\t\t\t\t\tclass=\"elementor-share-btn elementor-share-btn_whatsapp\"\n\t\t\t\t\t\t\trole=\"button\"\n\t\t\t\t\t\t\ttabindex=\"0\"\n\t\t\t\t\t\t\taria-label=\"Condividi su whatsapp\"\n\t\t\t\t\t\t>\n\t\t\t\t\t\t\t\t\t\t\t\t\t\t\t<span class=\"elementor-share-btn__icon\">\n\t\t\t\t\t\t\t\t<i class=\"fab fa-whatsapp\" aria-hidden=\"true\"><\/i>\t\t\t\t\t\t\t<\/span>\n\t\t\t\t\t\t\t\t\t\t\t\t\t\t\t\t\t\t\t\t<\/div>\n\t\t\t\t\t<\/div>\n\t\t\t\t\t\t<\/div>\n\t\t\t\t<\/div>\n\t\t\t\t<\/div>\n\t\t\t\t\t<\/div>\n\t\t<\/div>\n\t\t\t\t<div class=\"has_ae_slider elementor-column elementor-col-33 elementor-top-column elementor-element elementor-element-51354627 ae-bg-gallery-type-default\" data-id=\"51354627\" data-element_type=\"column\" data-settings=\"{&quot;background_background&quot;:&quot;classic&quot;}\">\n\t\t\t<div class=\"elementor-widget-wrap elementor-element-populated\">\n\t\t\t\t\t\t<div class=\"elementor-element elementor-element-19bb1f0 elementor-widget elementor-widget-sidebar\" data-id=\"19bb1f0\" data-element_type=\"widget\" data-widget_type=\"sidebar.default\">\n\t\t\t\t<div class=\"elementor-widget-container\">\n\t\t\t<aside id=\"nav_menu-5\" class=\"widget widget_nav_menu\"><h2 class=\"widget-title\">Istra\u017eite<\/h2><div class=\"menu-nav-klana-info-it-container\"><ul id=\"menu-nav-klana-info-it\" class=\"menu\"><li id=\"menu-item-10078\" class=\"menu-item menu-item-type-post_type menu-item-object-page menu-item-10078\"><a href=\"https:\/\/visitkastav-klana.hr\/it\/esplora-klana\/\">Esplora Klana<\/a><\/li>\n<li id=\"menu-item-10079\" class=\"menu-item menu-item-type-post_type menu-item-object-page menu-item-10079\"><a href=\"https:\/\/visitkastav-klana.hr\/it\/esplora-klana\/turismo-venatorio\/\">Turismo venatorio<\/a><\/li>\n<li id=\"menu-item-10080\" class=\"menu-item menu-item-type-post_type menu-item-object-page menu-item-10080\"><a href=\"https:\/\/visitkastav-klana.hr\/it\/esplora-klana\/i-sentieri-escursionistici-marcati\/\">I sentieri escursionistici marcati<\/a><\/li>\n<li id=\"menu-item-10081\" class=\"menu-item menu-item-type-post_type menu-item-object-page menu-item-10081\"><a href=\"https:\/\/visitkastav-klana.hr\/it\/esplora-klana\/percorsi-ciclistici\/\">Percorsi ciclistici<\/a><\/li>\n<li id=\"menu-item-10084\" class=\"menu-item menu-item-type-post_type menu-item-object-page menu-item-10084\"><a href=\"https:\/\/visitkastav-klana.hr\/it\/esplora-klana\/attrazioni-turistiche\/\">Attrazioni turistiche<\/a><\/li>\n<\/ul><\/div><\/aside>\t\t<\/div>\n\t\t\t\t<\/div>\n\t\t\t\t<div class=\"elementor-element elementor-element-749e5008 elementor-widget elementor-widget-image\" data-id=\"749e5008\" data-element_type=\"widget\" data-widget_type=\"image.default\">\n\t\t\t\t<div class=\"elementor-widget-container\">\n\t\t\t\t\t\t\t\t\t\t\t\t\t\t<a href=\"\/wp-content\/uploads\/2023\/02\/KASTAV_BROSURA_KOREKCIJE_FINAL_IT_2022.pdf\">\n\t\t\t\t\t\t\t<img decoding=\"async\" width=\"364\" height=\"503\" src=\"https:\/\/visitkastav-klana.hr\/wp-content\/uploads\/2022\/08\/brosura-tz-kastav-HR.jpg\" class=\"attachment-full size-full wp-image-1540\" alt=\"\" srcset=\"https:\/\/visitkastav-klana.hr\/wp-content\/uploads\/2022\/08\/brosura-tz-kastav-HR.jpg 364w, https:\/\/visitkastav-klana.hr\/wp-content\/uploads\/2022\/08\/brosura-tz-kastav-HR-217x300.jpg 217w\" sizes=\"(max-width: 364px) 100vw, 364px\" \/>\t\t\t\t\t\t\t\t<\/a>\n\t\t\t\t\t\t\t\t\t\t\t\t\t<\/div>\n\t\t\t\t<\/div>\n\t\t\t\t\t<\/div>\n\t\t<\/div>\n\t\t\t\t\t<\/div>\n\t\t<\/section>\n\t\t\t\t<\/div>\n\t\t","protected":false},"excerpt":{"rendered":"<p>Turismo venatorio Klana Nelle foreste miste di faggio e abete dei dintorni vivono numerosi animali selvatici: cervi, caprioli, cinghiali, capre e gatti selvatici, orsi, lupi, linci, volpi, donnole, faine, tassi, ghiri, picchi. La caccia pi\u00f9 ambita \u00e8 quella al cervo, all\u2019orso e al capriolo, cos\u00ec come alla selvaggina da penna nera. Un\u2019offerta molto pi\u00f9 ampia [&hellip;]<\/p>\n","protected":false},"author":1,"featured_media":0,"parent":9957,"menu_order":0,"comment_status":"closed","ping_status":"closed","template":"","meta":{"_acf_changed":false,"footnotes":""},"class_list":["post-9969","page","type-page","status-publish","hentry"],"acf":[],"yoast_head":"<!-- This site is optimized with the Yoast SEO plugin v23.8 - https:\/\/yoast.com\/wordpress\/plugins\/seo\/ -->\n<title>Turismo venatorio - Visit Kastav<\/title>\n<meta name=\"robots\" content=\"index, follow, max-snippet:-1, max-image-preview:large, max-video-preview:-1\" \/>\n<link rel=\"canonical\" href=\"https:\/\/visitkastav-klana.hr\/dozivi-klanu\/lovni-turizam\/\" \/>\n<meta property=\"og:locale\" content=\"it_IT\" \/>\n<meta property=\"og:type\" content=\"article\" \/>\n<meta property=\"og:title\" content=\"Turismo venatorio - Visit Kastav\" \/>\n<meta property=\"og:description\" content=\"Turismo venatorio Klana Nelle foreste miste di faggio e abete dei dintorni vivono numerosi animali selvatici: cervi, caprioli, cinghiali, capre e gatti selvatici, orsi, lupi, linci, volpi, donnole, faine, tassi, ghiri, picchi. La caccia pi\u00f9 ambita \u00e8 quella al cervo, all\u2019orso e al capriolo, cos\u00ec come alla selvaggina da penna nera. Un\u2019offerta molto pi\u00f9 ampia [&hellip;]\" \/>\n<meta property=\"og:url\" content=\"https:\/\/visitkastav-klana.hr\/dozivi-klanu\/lovni-turizam\/\" \/>\n<meta property=\"og:site_name\" content=\"Visit Kastav\" \/>\n<meta property=\"article:publisher\" content=\"https:\/\/www.facebook.com\/visitkastav\/\" \/>\n<meta property=\"article:modified_time\" content=\"2025-09-24T10:15:45+00:00\" \/>\n<meta property=\"og:image\" content=\"https:\/\/visitkastav-klana.hr\/wp-content\/uploads\/2025\/09\/Kiciber_6.jpg\" \/>\n\t<meta property=\"og:image:width\" content=\"1600\" \/>\n\t<meta property=\"og:image:height\" content=\"600\" \/>\n\t<meta property=\"og:image:type\" content=\"image\/jpeg\" \/>\n<meta name=\"twitter:card\" content=\"summary_large_image\" \/>\n<meta name=\"twitter:label1\" content=\"Tempo di lettura stimato\" \/>\n\t<meta name=\"twitter:data1\" content=\"1 minuto\" \/>\n<script type=\"application\/ld+json\" class=\"yoast-schema-graph\">{\"@context\":\"https:\/\/schema.org\",\"@graph\":[{\"@type\":\"WebPage\",\"@id\":\"https:\/\/visitkastav-klana.hr\/dozivi-klanu\/lovni-turizam\/\",\"url\":\"https:\/\/visitkastav-klana.hr\/dozivi-klanu\/lovni-turizam\/\",\"name\":\"Turismo venatorio - Visit Kastav\",\"isPartOf\":{\"@id\":\"https:\/\/visitkastav-klana.hr\/en\/#website\"},\"primaryImageOfPage\":{\"@id\":\"https:\/\/visitkastav-klana.hr\/dozivi-klanu\/lovni-turizam\/#primaryimage\"},\"image\":{\"@id\":\"https:\/\/visitkastav-klana.hr\/dozivi-klanu\/lovni-turizam\/#primaryimage\"},\"thumbnailUrl\":\"https:\/\/visitkastav-klana.hr\/wp-content\/uploads\/2025\/09\/Kiciber_6.jpg\",\"datePublished\":\"2025-09-08T09:20:35+00:00\",\"dateModified\":\"2025-09-24T10:15:45+00:00\",\"breadcrumb\":{\"@id\":\"https:\/\/visitkastav-klana.hr\/dozivi-klanu\/lovni-turizam\/#breadcrumb\"},\"inLanguage\":\"it-IT\",\"potentialAction\":[{\"@type\":\"ReadAction\",\"target\":[\"https:\/\/visitkastav-klana.hr\/dozivi-klanu\/lovni-turizam\/\"]}]},{\"@type\":\"ImageObject\",\"inLanguage\":\"it-IT\",\"@id\":\"https:\/\/visitkastav-klana.hr\/dozivi-klanu\/lovni-turizam\/#primaryimage\",\"url\":\"https:\/\/visitkastav-klana.hr\/wp-content\/uploads\/2025\/09\/Kiciber_6.jpg\",\"contentUrl\":\"https:\/\/visitkastav-klana.hr\/wp-content\/uploads\/2025\/09\/Kiciber_6.jpg\"},{\"@type\":\"BreadcrumbList\",\"@id\":\"https:\/\/visitkastav-klana.hr\/dozivi-klanu\/lovni-turizam\/#breadcrumb\",\"itemListElement\":[{\"@type\":\"ListItem\",\"position\":1,\"name\":\"Po\u010detna stranica\",\"item\":\"https:\/\/visitkastav-klana.hr\/\"},{\"@type\":\"ListItem\",\"position\":2,\"name\":\"Esplora Klana\",\"item\":\"https:\/\/visitkastav-klana.hr\/dozivi-klanu\/\"},{\"@type\":\"ListItem\",\"position\":3,\"name\":\"Turismo venatorio\"}]},{\"@type\":\"WebSite\",\"@id\":\"https:\/\/visitkastav-klana.hr\/en\/#website\",\"url\":\"https:\/\/visitkastav-klana.hr\/en\/\",\"name\":\"Visit Kastav\",\"description\":\"Turisti\u010dka zajednica Grada Kastva\",\"publisher\":{\"@id\":\"https:\/\/visitkastav-klana.hr\/en\/#organization\"},\"alternateName\":\"Visit Kastav\",\"potentialAction\":[{\"@type\":\"SearchAction\",\"target\":{\"@type\":\"EntryPoint\",\"urlTemplate\":\"https:\/\/visitkastav-klana.hr\/en\/?s={search_term_string}\"},\"query-input\":{\"@type\":\"PropertyValueSpecification\",\"valueRequired\":true,\"valueName\":\"search_term_string\"}}],\"inLanguage\":\"it-IT\"},{\"@type\":\"Organization\",\"@id\":\"https:\/\/visitkastav-klana.hr\/en\/#organization\",\"name\":\"Turisti\u010dka zajadnica grada Kastva\",\"url\":\"https:\/\/visitkastav-klana.hr\/en\/\",\"logo\":{\"@type\":\"ImageObject\",\"inLanguage\":\"it-IT\",\"@id\":\"https:\/\/visitkastav-klana.hr\/en\/#\/schema\/logo\/image\/\",\"url\":\"https:\/\/visitkastav-klana.hr\/wp-content\/uploads\/2021\/03\/logo-tz-kastav1.png\",\"contentUrl\":\"https:\/\/visitkastav-klana.hr\/wp-content\/uploads\/2021\/03\/logo-tz-kastav1.png\",\"width\":400,\"height\":347,\"caption\":\"Turisti\u010dka zajadnica grada Kastva\"},\"image\":{\"@id\":\"https:\/\/visitkastav-klana.hr\/en\/#\/schema\/logo\/image\/\"},\"sameAs\":[\"https:\/\/www.facebook.com\/visitkastav\/\",\"https:\/\/www.youtube.com\/user\/tzgradakastva\"]}]}<\/script>\n<!-- \/ Yoast SEO plugin. -->","yoast_head_json":{"title":"Turismo venatorio - Visit Kastav","robots":{"index":"index","follow":"follow","max-snippet":"max-snippet:-1","max-image-preview":"max-image-preview:large","max-video-preview":"max-video-preview:-1"},"canonical":"https:\/\/visitkastav-klana.hr\/dozivi-klanu\/lovni-turizam\/","og_locale":"it_IT","og_type":"article","og_title":"Turismo venatorio - Visit Kastav","og_description":"Turismo venatorio Klana Nelle foreste miste di faggio e abete dei dintorni vivono numerosi animali selvatici: cervi, caprioli, cinghiali, capre e gatti selvatici, orsi, lupi, linci, volpi, donnole, faine, tassi, ghiri, picchi. La caccia pi\u00f9 ambita \u00e8 quella al cervo, all\u2019orso e al capriolo, cos\u00ec come alla selvaggina da penna nera. Un\u2019offerta molto pi\u00f9 ampia [&hellip;]","og_url":"https:\/\/visitkastav-klana.hr\/dozivi-klanu\/lovni-turizam\/","og_site_name":"Visit Kastav","article_publisher":"https:\/\/www.facebook.com\/visitkastav\/","article_modified_time":"2025-09-24T10:15:45+00:00","og_image":[{"width":1600,"height":600,"url":"https:\/\/visitkastav-klana.hr\/wp-content\/uploads\/2025\/09\/Kiciber_6.jpg","type":"image\/jpeg"}],"twitter_card":"summary_large_image","twitter_misc":{"Tempo di lettura stimato":"1 minuto"},"schema":{"@context":"https:\/\/schema.org","@graph":[{"@type":"WebPage","@id":"https:\/\/visitkastav-klana.hr\/dozivi-klanu\/lovni-turizam\/","url":"https:\/\/visitkastav-klana.hr\/dozivi-klanu\/lovni-turizam\/","name":"Turismo venatorio - Visit Kastav","isPartOf":{"@id":"https:\/\/visitkastav-klana.hr\/en\/#website"},"primaryImageOfPage":{"@id":"https:\/\/visitkastav-klana.hr\/dozivi-klanu\/lovni-turizam\/#primaryimage"},"image":{"@id":"https:\/\/visitkastav-klana.hr\/dozivi-klanu\/lovni-turizam\/#primaryimage"},"thumbnailUrl":"https:\/\/visitkastav-klana.hr\/wp-content\/uploads\/2025\/09\/Kiciber_6.jpg","datePublished":"2025-09-08T09:20:35+00:00","dateModified":"2025-09-24T10:15:45+00:00","breadcrumb":{"@id":"https:\/\/visitkastav-klana.hr\/dozivi-klanu\/lovni-turizam\/#breadcrumb"},"inLanguage":"it-IT","potentialAction":[{"@type":"ReadAction","target":["https:\/\/visitkastav-klana.hr\/dozivi-klanu\/lovni-turizam\/"]}]},{"@type":"ImageObject","inLanguage":"it-IT","@id":"https:\/\/visitkastav-klana.hr\/dozivi-klanu\/lovni-turizam\/#primaryimage","url":"https:\/\/visitkastav-klana.hr\/wp-content\/uploads\/2025\/09\/Kiciber_6.jpg","contentUrl":"https:\/\/visitkastav-klana.hr\/wp-content\/uploads\/2025\/09\/Kiciber_6.jpg"},{"@type":"BreadcrumbList","@id":"https:\/\/visitkastav-klana.hr\/dozivi-klanu\/lovni-turizam\/#breadcrumb","itemListElement":[{"@type":"ListItem","position":1,"name":"Po\u010detna stranica","item":"https:\/\/visitkastav-klana.hr\/"},{"@type":"ListItem","position":2,"name":"Esplora Klana","item":"https:\/\/visitkastav-klana.hr\/dozivi-klanu\/"},{"@type":"ListItem","position":3,"name":"Turismo venatorio"}]},{"@type":"WebSite","@id":"https:\/\/visitkastav-klana.hr\/en\/#website","url":"https:\/\/visitkastav-klana.hr\/en\/","name":"Visit Kastav","description":"Turisti\u010dka zajednica Grada Kastva","publisher":{"@id":"https:\/\/visitkastav-klana.hr\/en\/#organization"},"alternateName":"Visit Kastav","potentialAction":[{"@type":"SearchAction","target":{"@type":"EntryPoint","urlTemplate":"https:\/\/visitkastav-klana.hr\/en\/?s={search_term_string}"},"query-input":{"@type":"PropertyValueSpecification","valueRequired":true,"valueName":"search_term_string"}}],"inLanguage":"it-IT"},{"@type":"Organization","@id":"https:\/\/visitkastav-klana.hr\/en\/#organization","name":"Turisti\u010dka zajadnica grada Kastva","url":"https:\/\/visitkastav-klana.hr\/en\/","logo":{"@type":"ImageObject","inLanguage":"it-IT","@id":"https:\/\/visitkastav-klana.hr\/en\/#\/schema\/logo\/image\/","url":"https:\/\/visitkastav-klana.hr\/wp-content\/uploads\/2021\/03\/logo-tz-kastav1.png","contentUrl":"https:\/\/visitkastav-klana.hr\/wp-content\/uploads\/2021\/03\/logo-tz-kastav1.png","width":400,"height":347,"caption":"Turisti\u010dka zajadnica grada Kastva"},"image":{"@id":"https:\/\/visitkastav-klana.hr\/en\/#\/schema\/logo\/image\/"},"sameAs":["https:\/\/www.facebook.com\/visitkastav\/","https:\/\/www.youtube.com\/user\/tzgradakastva"]}]}},"_links":{"self":[{"href":"https:\/\/visitkastav-klana.hr\/it\/wp-json\/wp\/v2\/pages\/9969"}],"collection":[{"href":"https:\/\/visitkastav-klana.hr\/it\/wp-json\/wp\/v2\/pages"}],"about":[{"href":"https:\/\/visitkastav-klana.hr\/it\/wp-json\/wp\/v2\/types\/page"}],"author":[{"embeddable":true,"href":"https:\/\/visitkastav-klana.hr\/it\/wp-json\/wp\/v2\/users\/1"}],"replies":[{"embeddable":true,"href":"https:\/\/visitkastav-klana.hr\/it\/wp-json\/wp\/v2\/comments?post=9969"}],"version-history":[{"count":1,"href":"https:\/\/visitkastav-klana.hr\/it\/wp-json\/wp\/v2\/pages\/9969\/revisions"}],"predecessor-version":[{"id":9970,"href":"https:\/\/visitkastav-klana.hr\/it\/wp-json\/wp\/v2\/pages\/9969\/revisions\/9970"}],"up":[{"embeddable":true,"href":"https:\/\/visitkastav-klana.hr\/it\/wp-json\/wp\/v2\/pages\/9957"}],"wp:attachment":[{"href":"https:\/\/visitkastav-klana.hr\/it\/wp-json\/wp\/v2\/media?parent=9969"}],"curies":[{"name":"wp","href":"https:\/\/api.w.org\/{rel}","templated":true}]}}